{"id":10612,"date":"2024-10-10T13:14:11","date_gmt":"2024-10-10T12:14:11","guid":{"rendered":"https:\/\/www.maresmefilmfestival.com\/creative-rosebud-awards-2\/"},"modified":"2024-10-10T13:14:13","modified_gmt":"2024-10-10T12:14:13","slug":"creative-rosebud-awards-2","status":"publish","type":"page","link":"https:\/\/www.maresmefilmfestival.com\/es\/creative-rosebud-awards-2\/","title":{"rendered":"Creative Rosebud Awards"},"content":{"rendered":"<div class=\"wpb-content-wrapper\"><p>[vc_row][vc_column][vc_column_text]<\/p>\n<h3 style=\"text-align: left;\"><span style=\"color: #d3ab1d;\">La secci\u00f3n Creative Rosebud Awards es la que otorga directamente el comisionado del festival a la pel\u00edcula m\u00e1s destacada. Entre aquellas pel\u00edculas recibidas a concurso y que por un motivo u otro no han podido concursar en la secci\u00f3n oficial Low Budget. concursar a la secci\u00f3 oficial Low Budget.<\/span><\/h3>\n<p>[\/vc_column_text][\/vc_column][\/vc_row][vc_row][vc_column width=\u00bb1\/2&#8243;][vc_btn title=\u00bbVER TODOS LOS TR\u00c1ILERS\u00bb style=\u00bbgradient\u00bb gradient_color_1=\u00bbblack\u00bb gradient_color_2=\u00bbgrey\u00bb shape=\u00bbround\u00bb size=\u00bbsm\u00bb align=\u00bbleft\u00bb link=\u00bburl:https%3A%2F%2Fwww.youtube.com%2Fplaylist%3Flist%3DPLvbs9GXlGXnt6unZ_cXkPbu6ElEUOruoK|target:%20_blank|\u00bb][\/vc_column][vc_column width=\u00bb1\/2&#8243;][\/vc_column][\/vc_row][vc_row][vc_column][vc_separator][\/vc_column][\/vc_row][vc_row][vc_column width=\u00bb1\/3&#8243;][vc_single_image image=\u00bb3063&#8243; img_size=\u00bbfull\u00bb onclick=\u00bbcustom_link\u00bb link=\u00bbhttps:\/\/www.maresmefilmfestival.com\/es\/we-are-never-alone\/\u00bb][\/vc_column][vc_column width=\u00bb1\/3&#8243;][vc_single_image image=\u00bb3022&#8243; img_size=\u00bbfull\u00bb onclick=\u00bbcustom_link\u00bb link=\u00bbhttps:\/\/www.maresmefilmfestival.com\/es\/ebre-del-bressol-la-batalla\/\u00bb][\/vc_column][vc_column width=\u00bb1\/3&#8243;][vc_single_image image=\u00bb3023&#8243; img_size=\u00bbfull\u00bb onclick=\u00bbcustom_link\u00bb link=\u00bbhttps:\/\/www.maresmefilmfestival.com\/es\/quatretondeta\/\u00bb][\/vc_column][\/vc_row]<\/p>\n<\/div>","protected":false},"excerpt":{"rendered":"<p>[vc_row][vc_column][vc_column_text] La secci\u00f3n Creative Rosebud Awards es la que otorga directamente el comisionado del festival a la pel\u00edcula m\u00e1s destacada. Entre aquellas pel\u00edculas recibidas a concurso y que por un [&hellip;]<\/p>\n","protected":false},"author":1,"featured_media":6403,"parent":0,"menu_order":0,"comment_status":"closed","ping_status":"closed","template":"","meta":{"footnotes":""},"class_list":["post-10612","page","type-page","status-publish","has-post-thumbnail","hentry"],"yoast_head":"<!-- This site is optimized with the Yoast SEO plugin v27.4 - https:\/\/yoast.com\/product\/yoast-seo-wordpress\/ -->\n<title>Creative Rosebud Awards - Calella Film Festival<\/title>\n<meta name=\"robots\" content=\"index, follow, max-snippet:-1, max-image-preview:large, max-video-preview:-1\" \/>\n<link rel=\"canonical\" href=\"https:\/\/www.maresmefilmfestival.com\/es\/creative-rosebud-awards-2\/\" \/>\n<meta property=\"og:locale\" content=\"es_ES\" \/>\n<meta property=\"og:type\" content=\"article\" \/>\n<meta property=\"og:title\" content=\"Creative Rosebud Awards - Calella Film Festival\" \/>\n<meta property=\"og:description\" content=\"[vc_row][vc_column][vc_column_text] La secci\u00f3n Creative Rosebud Awards es la que otorga directamente el comisionado del festival a la pel\u00edcula m\u00e1s destacada. Entre aquellas pel\u00edculas recibidas a concurso y que por un [&hellip;]\" \/>\n<meta property=\"og:url\" content=\"https:\/\/www.maresmefilmfestival.com\/es\/creative-rosebud-awards-2\/\" \/>\n<meta property=\"og:site_name\" content=\"Calella Film Festival\" \/>\n<meta property=\"article:publisher\" content=\"https:\/\/www.facebook.com\/Festival-de-Cinema-de-Calella-536425489872034\/?ref=hl\" \/>\n<meta property=\"article:modified_time\" content=\"2024-10-10T12:14:13+00:00\" \/>\n<meta property=\"og:image\" content=\"https:\/\/www.maresmefilmfestival.com\/wp-content\/uploads\/2017\/05\/baner_largometraje_rosebudAwards_CAT.jpg\" \/>\n\t<meta property=\"og:image:width\" content=\"501\" \/>\n\t<meta property=\"og:image:height\" content=\"284\" \/>\n\t<meta property=\"og:image:type\" content=\"image\/jpeg\" \/>\n<meta name=\"twitter:card\" content=\"summary_large_image\" \/>\n<meta name=\"twitter:site\" content=\"@CalellaFilmFest\" \/>\n<meta name=\"twitter:label1\" content=\"Tiempo de lectura\" \/>\n\t<meta name=\"twitter:data1\" content=\"1 minuto\" \/>\n<script type=\"application\/ld+json\" class=\"yoast-schema-graph\">{\"@context\":\"https:\\\/\\\/schema.org\",\"@graph\":[{\"@type\":\"WebPage\",\"@id\":\"https:\\\/\\\/www.maresmefilmfestival.com\\\/es\\\/creative-rosebud-awards-2\\\/\",\"url\":\"https:\\\/\\\/www.maresmefilmfestival.com\\\/es\\\/creative-rosebud-awards-2\\\/\",\"name\":\"Creative Rosebud Awards - Calella Film Festival\",\"isPartOf\":{\"@id\":\"https:\\\/\\\/www.maresmefilmfestival.com\\\/es\\\/#website\"},\"primaryImageOfPage\":{\"@id\":\"https:\\\/\\\/www.maresmefilmfestival.com\\\/es\\\/creative-rosebud-awards-2\\\/#primaryimage\"},\"image\":{\"@id\":\"https:\\\/\\\/www.maresmefilmfestival.com\\\/es\\\/creative-rosebud-awards-2\\\/#primaryimage\"},\"thumbnailUrl\":\"https:\\\/\\\/www.maresmefilmfestival.com\\\/wp-content\\\/uploads\\\/2017\\\/05\\\/baner_largometraje_rosebudAwards_CAT.jpg\",\"datePublished\":\"2024-10-10T12:14:11+00:00\",\"dateModified\":\"2024-10-10T12:14:13+00:00\",\"breadcrumb\":{\"@id\":\"https:\\\/\\\/www.maresmefilmfestival.com\\\/es\\\/creative-rosebud-awards-2\\\/#breadcrumb\"},\"inLanguage\":\"es\",\"potentialAction\":[{\"@type\":\"ReadAction\",\"target\":[\"https:\\\/\\\/www.maresmefilmfestival.com\\\/es\\\/creative-rosebud-awards-2\\\/\"]}]},{\"@type\":\"ImageObject\",\"inLanguage\":\"es\",\"@id\":\"https:\\\/\\\/www.maresmefilmfestival.com\\\/es\\\/creative-rosebud-awards-2\\\/#primaryimage\",\"url\":\"https:\\\/\\\/www.maresmefilmfestival.com\\\/wp-content\\\/uploads\\\/2017\\\/05\\\/baner_largometraje_rosebudAwards_CAT.jpg\",\"contentUrl\":\"https:\\\/\\\/www.maresmefilmfestival.com\\\/wp-content\\\/uploads\\\/2017\\\/05\\\/baner_largometraje_rosebudAwards_CAT.jpg\",\"width\":\"501\",\"height\":\"284\"},{\"@type\":\"BreadcrumbList\",\"@id\":\"https:\\\/\\\/www.maresmefilmfestival.com\\\/es\\\/creative-rosebud-awards-2\\\/#breadcrumb\",\"itemListElement\":[{\"@type\":\"ListItem\",\"position\":1,\"name\":\"Portada\",\"item\":\"https:\\\/\\\/www.maresmefilmfestival.com\\\/es\\\/\"},{\"@type\":\"ListItem\",\"position\":2,\"name\":\"Creative Rosebud Awards\"}]},{\"@type\":\"WebSite\",\"@id\":\"https:\\\/\\\/www.maresmefilmfestival.com\\\/es\\\/#website\",\"url\":\"https:\\\/\\\/www.maresmefilmfestival.com\\\/es\\\/\",\"name\":\"Calella Film Festival\",\"description\":\"Festival de Cinema\",\"potentialAction\":[{\"@type\":\"SearchAction\",\"target\":{\"@type\":\"EntryPoint\",\"urlTemplate\":\"https:\\\/\\\/www.maresmefilmfestival.com\\\/es\\\/?s={search_term_string}\"},\"query-input\":{\"@type\":\"PropertyValueSpecification\",\"valueRequired\":true,\"valueName\":\"search_term_string\"}}],\"inLanguage\":\"es\"}]}<\/script>\n<!-- \/ Yoast SEO plugin. -->","yoast_head_json":{"title":"Creative Rosebud Awards - Calella Film Festival","robots":{"index":"index","follow":"follow","max-snippet":"max-snippet:-1","max-image-preview":"max-image-preview:large","max-video-preview":"max-video-preview:-1"},"canonical":"https:\/\/www.maresmefilmfestival.com\/es\/creative-rosebud-awards-2\/","og_locale":"es_ES","og_type":"article","og_title":"Creative Rosebud Awards - Calella Film Festival","og_description":"[vc_row][vc_column][vc_column_text] La secci\u00f3n Creative Rosebud Awards es la que otorga directamente el comisionado del festival a la pel\u00edcula m\u00e1s destacada. Entre aquellas pel\u00edculas recibidas a concurso y que por un [&hellip;]","og_url":"https:\/\/www.maresmefilmfestival.com\/es\/creative-rosebud-awards-2\/","og_site_name":"Calella Film Festival","article_publisher":"https:\/\/www.facebook.com\/Festival-de-Cinema-de-Calella-536425489872034\/?ref=hl","article_modified_time":"2024-10-10T12:14:13+00:00","og_image":[{"width":501,"height":284,"url":"https:\/\/www.maresmefilmfestival.com\/wp-content\/uploads\/2017\/05\/baner_largometraje_rosebudAwards_CAT.jpg","type":"image\/jpeg"}],"twitter_card":"summary_large_image","twitter_site":"@CalellaFilmFest","twitter_misc":{"Tiempo de lectura":"1 minuto"},"schema":{"@context":"https:\/\/schema.org","@graph":[{"@type":"WebPage","@id":"https:\/\/www.maresmefilmfestival.com\/es\/creative-rosebud-awards-2\/","url":"https:\/\/www.maresmefilmfestival.com\/es\/creative-rosebud-awards-2\/","name":"Creative Rosebud Awards - Calella Film Festival","isPartOf":{"@id":"https:\/\/www.maresmefilmfestival.com\/es\/#website"},"primaryImageOfPage":{"@id":"https:\/\/www.maresmefilmfestival.com\/es\/creative-rosebud-awards-2\/#primaryimage"},"image":{"@id":"https:\/\/www.maresmefilmfestival.com\/es\/creative-rosebud-awards-2\/#primaryimage"},"thumbnailUrl":"https:\/\/www.maresmefilmfestival.com\/wp-content\/uploads\/2017\/05\/baner_largometraje_rosebudAwards_CAT.jpg","datePublished":"2024-10-10T12:14:11+00:00","dateModified":"2024-10-10T12:14:13+00:00","breadcrumb":{"@id":"https:\/\/www.maresmefilmfestival.com\/es\/creative-rosebud-awards-2\/#breadcrumb"},"inLanguage":"es","potentialAction":[{"@type":"ReadAction","target":["https:\/\/www.maresmefilmfestival.com\/es\/creative-rosebud-awards-2\/"]}]},{"@type":"ImageObject","inLanguage":"es","@id":"https:\/\/www.maresmefilmfestival.com\/es\/creative-rosebud-awards-2\/#primaryimage","url":"https:\/\/www.maresmefilmfestival.com\/wp-content\/uploads\/2017\/05\/baner_largometraje_rosebudAwards_CAT.jpg","contentUrl":"https:\/\/www.maresmefilmfestival.com\/wp-content\/uploads\/2017\/05\/baner_largometraje_rosebudAwards_CAT.jpg","width":"501","height":"284"},{"@type":"BreadcrumbList","@id":"https:\/\/www.maresmefilmfestival.com\/es\/creative-rosebud-awards-2\/#breadcrumb","itemListElement":[{"@type":"ListItem","position":1,"name":"Portada","item":"https:\/\/www.maresmefilmfestival.com\/es\/"},{"@type":"ListItem","position":2,"name":"Creative Rosebud Awards"}]},{"@type":"WebSite","@id":"https:\/\/www.maresmefilmfestival.com\/es\/#website","url":"https:\/\/www.maresmefilmfestival.com\/es\/","name":"Calella Film Festival","description":"Festival de Cinema","potentialAction":[{"@type":"SearchAction","target":{"@type":"EntryPoint","urlTemplate":"https:\/\/www.maresmefilmfestival.com\/es\/?s={search_term_string}"},"query-input":{"@type":"PropertyValueSpecification","valueRequired":true,"valueName":"search_term_string"}}],"inLanguage":"es"}]}},"_links":{"self":[{"href":"https:\/\/www.maresmefilmfestival.com\/es\/wp-json\/wp\/v2\/pages\/10612","targetHints":{"allow":["GET"]}}],"collection":[{"href":"https:\/\/www.maresmefilmfestival.com\/es\/wp-json\/wp\/v2\/pages"}],"about":[{"href":"https:\/\/www.maresmefilmfestival.com\/es\/wp-json\/wp\/v2\/types\/page"}],"author":[{"embeddable":true,"href":"https:\/\/www.maresmefilmfestival.com\/es\/wp-json\/wp\/v2\/users\/1"}],"replies":[{"embeddable":true,"href":"https:\/\/www.maresmefilmfestival.com\/es\/wp-json\/wp\/v2\/comments?post=10612"}],"version-history":[{"count":0,"href":"https:\/\/www.maresmefilmfestival.com\/es\/wp-json\/wp\/v2\/pages\/10612\/revisions"}],"wp:featuredmedia":[{"embeddable":true,"href":"https:\/\/www.maresmefilmfestival.com\/es\/wp-json\/wp\/v2\/media\/6403"}],"wp:attachment":[{"href":"https:\/\/www.maresmefilmfestival.com\/es\/wp-json\/wp\/v2\/media?parent=10612"}],"curies":[{"name":"wp","href":"https:\/\/api.w.org\/{rel}","templated":true}]}}