{"id":10607,"date":"2024-10-10T12:39:38","date_gmt":"2024-10-10T11:39:38","guid":{"rendered":"https:\/\/www.maresmefilmfestival.com\/una-mujer-italiana\/"},"modified":"2024-10-15T11:18:35","modified_gmt":"2024-10-15T10:18:35","slug":"una-mujer-italiana","status":"publish","type":"page","link":"https:\/\/www.maresmefilmfestival.com\/es\/creative-rosebud-awards-2\/una-mujer-italiana\/","title":{"rendered":"Una mujer italiana"},"content":{"rendered":"<div class=\"wpb-content-wrapper\"><p>[vc_row][vc_column][\/vc_column][\/vc_row][vc_row][vc_column width=\u00bb1\/4&#8243;][vc_single_image image=\u00bb10431&#8243; img_size=\u00bbmedium\u00bb css=\u00bb\u00bb][vc_column_text][\/vc_column_text][\/vc_column][vc_column width=\u00bb3\/4&#8243;][vc_column_text css=\u00bb\u00bb]<strong>Una mujer italiana<\/strong><\/p>\n<p>Francesca Cabrini es una inmigrante italiana que llega a la ciudad de Nueva York en 1889 y es recibida por enfermedades, crimen y ni\u00f1os empobrecidos. Cabrini emprende una audaciosa misi\u00f3n para convencer al hostil alcalde de garantizar vivienda y atenci\u00f3n m\u00e9dica para los m\u00e1s vulnerables de la sociedad. Con un ingl\u00e9s deficiente y mala salud, Cabrini utiliza su mentalidad emprendedora para construir un imperio de esperanza como nunca antes hab\u00eda visto el mundo.<\/p>\n<p>UNA MUJER ITALIANA (CABRINI), la nueva pel\u00edcula dirigida por Alejandro Monteverde (\u201cSound of Freedom\u201d, \u201cLittle Boy\u201d, \u201cBella\u201d), est\u00e1 protagonizada por Cristiana Dell&#8217; Anna (\u201cAqu\u00ed me r\u00edo yo\u201d, \u201cA la Toscana\u201d, serie de TV \u201cGomorra\u201d) en el papel de Francesca Cabrini, junto a John Lithgow, dos veces nominado a \u00d3scar y ganador de un Emmy (\u201cEl mundo seg\u00fan Garp\u201d, \u201cLos asesinos de la luna\u201d, \u201cInterstellar\u201d). El filme est\u00e1 basado en hechos reales.[\/vc_column_text][\/vc_column][\/vc_row][vc_row][vc_column width=\u00bb1\/2&#8243;][vc_column_text css=\u00bb\u00bb]<\/p>\n<h3 style=\"text-align: justify;\"><strong><span style=\"color: #d3ab1d;\">Datos Generales<\/span><\/strong><\/h3>\n<p class=\"p1\"><strong>T\u00edtol original: <\/strong>Una mujer italiana<\/p>\n<p><strong>Any:<\/strong> 2024<\/p>\n<p class=\"p1\"><strong>Durada:<\/strong> 145 minuts<\/p>\n<p class=\"p1\"><b>Pa\u00eds de producci\u00f3: <\/b>Estats Units<\/p>\n<p class=\"p1\"><strong>Direcci\u00f3:<\/strong> Alejandro Monteverde<\/p>\n<p><strong>Repartiment:<\/strong> Cristiana Dell&#8217;Anna, David Morse, Giancarlo Giannini, John Lithgow, Romana Maggiora Vergano<\/p>\n<p><strong>Productora:<\/strong> Jonathan Sanger,Leo Severino<\/p>\n<p class=\"p1\"><strong>Idioma: <\/strong>V.O.S.E<\/p>\n<p>[\/vc_column_text][\/vc_column][vc_column width=\u00bb1\/2&#8243;][vc_column_text css=\u00bb\u00bb]<\/p>\n<h3 style=\"text-align: justify;\"><strong><span style=\"color: #d3ab1d;\">G\u00e9nero<\/span><\/strong><\/h3>\n<p class=\"p1\">Drama, Siglo XIX, Biogr\u00e1fico, Feminismo<\/p>\n<h3><strong><span style=\"color: #d3ab1d;\">Tr\u00e1iler<\/span><\/strong><\/h3>\n<p>[\/vc_column_text][vc_video link=\u00bbhttps:\/\/youtu.be\/E2I8RxtfzII?si=kS9xaWpt5kMgasPz\u00bb css=\u00bb\u00bb][\/vc_column][\/vc_row][vc_row][vc_column][\/vc_column][\/vc_row]<\/p>\n<\/div>","protected":false},"excerpt":{"rendered":"<p>[vc_row][vc_column][\/vc_column][\/vc_row][vc_row][vc_column width=\u00bb1\/4&#8243;][vc_single_image image=\u00bb10431&#8243; img_size=\u00bbmedium\u00bb css=\u00bb\u00bb][vc_column_text][\/vc_column_text][\/vc_column][vc_column width=\u00bb3\/4&#8243;][vc_column_text css=\u00bb\u00bb]Una mujer italiana Francesca Cabrini es una inmigrante italiana que llega a la ciudad de Nueva York en 1889 y es recibida por enfermedades, [&hellip;]<\/p>\n","protected":false},"author":1,"featured_media":0,"parent":10612,"menu_order":0,"comment_status":"closed","ping_status":"closed","template":"","meta":{"footnotes":""},"class_list":["post-10607","page","type-page","status-publish","hentry"],"yoast_head":"<!-- This site is optimized with the Yoast SEO plugin v27.5 - https:\/\/yoast.com\/product\/yoast-seo-wordpress\/ -->\n<title>Una mujer italiana - Calella Film Festival<\/title>\n<meta name=\"robots\" content=\"index, follow, max-snippet:-1, max-image-preview:large, max-video-preview:-1\" \/>\n<link rel=\"canonical\" href=\"https:\/\/www.maresmefilmfestival.com\/es\/creative-rosebud-awards-2\/una-mujer-italiana\/\" \/>\n<meta property=\"og:locale\" content=\"es_ES\" \/>\n<meta property=\"og:type\" content=\"article\" \/>\n<meta property=\"og:title\" content=\"Una mujer italiana - Calella Film Festival\" \/>\n<meta property=\"og:description\" content=\"[vc_row][vc_column][\/vc_column][\/vc_row][vc_row][vc_column width=\u00bb1\/4&#8243;][vc_single_image image=\u00bb10431&#8243; img_size=\u00bbmedium\u00bb css=\u00bb\u00bb][vc_column_text][\/vc_column_text][\/vc_column][vc_column width=\u00bb3\/4&#8243;][vc_column_text css=\u00bb\u00bb]Una mujer italiana Francesca Cabrini es una inmigrante italiana que llega a la ciudad de Nueva York en 1889 y es recibida por enfermedades, [&hellip;]\" \/>\n<meta property=\"og:url\" content=\"https:\/\/www.maresmefilmfestival.com\/es\/creative-rosebud-awards-2\/una-mujer-italiana\/\" \/>\n<meta property=\"og:site_name\" content=\"Calella Film Festival\" \/>\n<meta property=\"article:publisher\" content=\"https:\/\/www.facebook.com\/Festival-de-Cinema-de-Calella-536425489872034\/?ref=hl\" \/>\n<meta property=\"article:modified_time\" content=\"2024-10-15T10:18:35+00:00\" \/>\n<meta name=\"twitter:card\" content=\"summary_large_image\" \/>\n<meta name=\"twitter:site\" content=\"@CalellaFilmFest\" \/>\n<meta name=\"twitter:label1\" content=\"Tiempo de lectura\" \/>\n\t<meta name=\"twitter:data1\" content=\"2 minutos\" \/>\n<script type=\"application\/ld+json\" class=\"yoast-schema-graph\">{\"@context\":\"https:\\\/\\\/schema.org\",\"@graph\":[{\"@type\":\"WebPage\",\"@id\":\"https:\\\/\\\/www.maresmefilmfestival.com\\\/es\\\/creative-rosebud-awards-2\\\/una-mujer-italiana\\\/\",\"url\":\"https:\\\/\\\/www.maresmefilmfestival.com\\\/es\\\/creative-rosebud-awards-2\\\/una-mujer-italiana\\\/\",\"name\":\"Una mujer italiana - Calella Film Festival\",\"isPartOf\":{\"@id\":\"https:\\\/\\\/www.maresmefilmfestival.com\\\/es\\\/#website\"},\"datePublished\":\"2024-10-10T11:39:38+00:00\",\"dateModified\":\"2024-10-15T10:18:35+00:00\",\"breadcrumb\":{\"@id\":\"https:\\\/\\\/www.maresmefilmfestival.com\\\/es\\\/creative-rosebud-awards-2\\\/una-mujer-italiana\\\/#breadcrumb\"},\"inLanguage\":\"es\",\"potentialAction\":[{\"@type\":\"ReadAction\",\"target\":[\"https:\\\/\\\/www.maresmefilmfestival.com\\\/es\\\/creative-rosebud-awards-2\\\/una-mujer-italiana\\\/\"]}]},{\"@type\":\"BreadcrumbList\",\"@id\":\"https:\\\/\\\/www.maresmefilmfestival.com\\\/es\\\/creative-rosebud-awards-2\\\/una-mujer-italiana\\\/#breadcrumb\",\"itemListElement\":[{\"@type\":\"ListItem\",\"position\":1,\"name\":\"Portada\",\"item\":\"https:\\\/\\\/www.maresmefilmfestival.com\\\/es\\\/\"},{\"@type\":\"ListItem\",\"position\":2,\"name\":\"Creative Rosebud Awards\",\"item\":\"https:\\\/\\\/www.maresmefilmfestival.com\\\/es\\\/creative-rosebud-awards-2\\\/\"},{\"@type\":\"ListItem\",\"position\":3,\"name\":\"Una mujer italiana\"}]},{\"@type\":\"WebSite\",\"@id\":\"https:\\\/\\\/www.maresmefilmfestival.com\\\/es\\\/#website\",\"url\":\"https:\\\/\\\/www.maresmefilmfestival.com\\\/es\\\/\",\"name\":\"Calella Film Festival\",\"description\":\"Festival de Cinema\",\"potentialAction\":[{\"@type\":\"SearchAction\",\"target\":{\"@type\":\"EntryPoint\",\"urlTemplate\":\"https:\\\/\\\/www.maresmefilmfestival.com\\\/es\\\/?s={search_term_string}\"},\"query-input\":{\"@type\":\"PropertyValueSpecification\",\"valueRequired\":true,\"valueName\":\"search_term_string\"}}],\"inLanguage\":\"es\"}]}<\/script>\n<!-- \/ Yoast SEO plugin. -->","yoast_head_json":{"title":"Una mujer italiana - Calella Film Festival","robots":{"index":"index","follow":"follow","max-snippet":"max-snippet:-1","max-image-preview":"max-image-preview:large","max-video-preview":"max-video-preview:-1"},"canonical":"https:\/\/www.maresmefilmfestival.com\/es\/creative-rosebud-awards-2\/una-mujer-italiana\/","og_locale":"es_ES","og_type":"article","og_title":"Una mujer italiana - Calella Film Festival","og_description":"[vc_row][vc_column][\/vc_column][\/vc_row][vc_row][vc_column width=\u00bb1\/4&#8243;][vc_single_image image=\u00bb10431&#8243; img_size=\u00bbmedium\u00bb css=\u00bb\u00bb][vc_column_text][\/vc_column_text][\/vc_column][vc_column width=\u00bb3\/4&#8243;][vc_column_text css=\u00bb\u00bb]Una mujer italiana Francesca Cabrini es una inmigrante italiana que llega a la ciudad de Nueva York en 1889 y es recibida por enfermedades, [&hellip;]","og_url":"https:\/\/www.maresmefilmfestival.com\/es\/creative-rosebud-awards-2\/una-mujer-italiana\/","og_site_name":"Calella Film Festival","article_publisher":"https:\/\/www.facebook.com\/Festival-de-Cinema-de-Calella-536425489872034\/?ref=hl","article_modified_time":"2024-10-15T10:18:35+00:00","twitter_card":"summary_large_image","twitter_site":"@CalellaFilmFest","twitter_misc":{"Tiempo de lectura":"2 minutos"},"schema":{"@context":"https:\/\/schema.org","@graph":[{"@type":"WebPage","@id":"https:\/\/www.maresmefilmfestival.com\/es\/creative-rosebud-awards-2\/una-mujer-italiana\/","url":"https:\/\/www.maresmefilmfestival.com\/es\/creative-rosebud-awards-2\/una-mujer-italiana\/","name":"Una mujer italiana - Calella Film Festival","isPartOf":{"@id":"https:\/\/www.maresmefilmfestival.com\/es\/#website"},"datePublished":"2024-10-10T11:39:38+00:00","dateModified":"2024-10-15T10:18:35+00:00","breadcrumb":{"@id":"https:\/\/www.maresmefilmfestival.com\/es\/creative-rosebud-awards-2\/una-mujer-italiana\/#breadcrumb"},"inLanguage":"es","potentialAction":[{"@type":"ReadAction","target":["https:\/\/www.maresmefilmfestival.com\/es\/creative-rosebud-awards-2\/una-mujer-italiana\/"]}]},{"@type":"BreadcrumbList","@id":"https:\/\/www.maresmefilmfestival.com\/es\/creative-rosebud-awards-2\/una-mujer-italiana\/#breadcrumb","itemListElement":[{"@type":"ListItem","position":1,"name":"Portada","item":"https:\/\/www.maresmefilmfestival.com\/es\/"},{"@type":"ListItem","position":2,"name":"Creative Rosebud Awards","item":"https:\/\/www.maresmefilmfestival.com\/es\/creative-rosebud-awards-2\/"},{"@type":"ListItem","position":3,"name":"Una mujer italiana"}]},{"@type":"WebSite","@id":"https:\/\/www.maresmefilmfestival.com\/es\/#website","url":"https:\/\/www.maresmefilmfestival.com\/es\/","name":"Calella Film Festival","description":"Festival de Cinema","potentialAction":[{"@type":"SearchAction","target":{"@type":"EntryPoint","urlTemplate":"https:\/\/www.maresmefilmfestival.com\/es\/?s={search_term_string}"},"query-input":{"@type":"PropertyValueSpecification","valueRequired":true,"valueName":"search_term_string"}}],"inLanguage":"es"}]}},"_links":{"self":[{"href":"https:\/\/www.maresmefilmfestival.com\/es\/wp-json\/wp\/v2\/pages\/10607","targetHints":{"allow":["GET"]}}],"collection":[{"href":"https:\/\/www.maresmefilmfestival.com\/es\/wp-json\/wp\/v2\/pages"}],"about":[{"href":"https:\/\/www.maresmefilmfestival.com\/es\/wp-json\/wp\/v2\/types\/page"}],"author":[{"embeddable":true,"href":"https:\/\/www.maresmefilmfestival.com\/es\/wp-json\/wp\/v2\/users\/1"}],"replies":[{"embeddable":true,"href":"https:\/\/www.maresmefilmfestival.com\/es\/wp-json\/wp\/v2\/comments?post=10607"}],"version-history":[{"count":0,"href":"https:\/\/www.maresmefilmfestival.com\/es\/wp-json\/wp\/v2\/pages\/10607\/revisions"}],"up":[{"embeddable":true,"href":"https:\/\/www.maresmefilmfestival.com\/es\/wp-json\/wp\/v2\/pages\/10612"}],"wp:attachment":[{"href":"https:\/\/www.maresmefilmfestival.com\/es\/wp-json\/wp\/v2\/media?parent=10607"}],"curies":[{"name":"wp","href":"https:\/\/api.w.org\/{rel}","templated":true}]}}