{"id":10549,"date":"2024-10-10T10:23:27","date_gmt":"2024-10-10T09:23:27","guid":{"rendered":"https:\/\/www.maresmefilmfestival.com\/the-king-of-spades\/"},"modified":"2024-10-10T11:43:33","modified_gmt":"2024-10-10T10:43:33","slug":"the-king-of-spades","status":"publish","type":"page","link":"https:\/\/www.maresmefilmfestival.com\/es\/low-budget\/the-king-of-spades\/","title":{"rendered":"The King of Spades"},"content":{"rendered":"<div class=\"wpb-content-wrapper\"><p>[vc_row][vc_column width=\u00bb1\/4&#8243;][vc_single_image image=\u00bb10407&#8243; img_size=\u00bbmedium\u00bb css=\u00bb\u00bb][vc_column_text][\/vc_column_text][\/vc_column][vc_column width=\u00bb3\/4&#8243;][vc_column_text css=\u00bb\u00bb]<strong>The King of Spades<\/strong><\/p>\n<p>Una pel\u00edcula semiautobiogr\u00e1fica que sigue a Aaron, de 23 a\u00f1os, cuando regresa a su ciudad natal en el noreste de Inglaterra durante un fin de semana y se re\u00fane con su antiguo mejor amigo, John. Al encontrar a este \u00faltimo en un estado de depresi\u00f3n aislada mientras lucha por encontrar un prop\u00f3sito en la edad adulta, Aaron se compromete a intentar ayudarlo.<br \/>\nUna pel\u00edcula sorprendentemente original que a veces es divertida, a veces conmovedora y a veces aterradora, pero siempre es honesta en su retrato de la frustraci\u00f3n moderna en un mundo aparentemente desprovisto de significado.[\/vc_column_text][\/vc_column][\/vc_row][vc_row][vc_column width=\u00bb1\/2&#8243;][vc_column_text css=\u00bb\u00bb]<\/p>\n<h3 style=\"text-align: justify;\"><strong><span style=\"color: #d3ab1d;\">Datos Generales<\/span><\/strong><\/h3>\n<p class=\"p1\"><strong>T\u00edtulo original: <\/strong>The King of Spades<\/p>\n<p><strong>A\u00f1o:<\/strong> 2024<\/p>\n<p class=\"p1\"><strong>Duraci\u00f3n:<\/strong> 96 minutos<\/p>\n<p class=\"p1\"><b>Pa\u00eds de producci\u00f3: <\/b>Reino Unido<\/p>\n<p class=\"p1\"><strong>Direcci\u00f3n:<\/strong> Matthew Fearney<\/p>\n<p class=\"p1\"><strong>Gui\u00f3n: <\/strong>Matthew Fearney<\/p>\n<p class=\"p1\"><strong>Fotograf\u00eda: <\/strong>Se\u00e1n Mackey<\/p>\n<p><strong>Reparto:<\/strong>\u00a0Joshua Glenister, Luke Thomas C Riley, Jacob Anderton, Se\u00e1n Mackey<\/p>\n<p class=\"p1\"><strong>Productora: <\/strong>Phorescent Films Ltd, Amy Cornforth,\u00a0Matthew Fearney<\/p>\n<p class=\"p1\"><strong>Idioma: <\/strong>V.O.S.E<\/p>\n<p>[\/vc_column_text][\/vc_column][vc_column width=\u00bb1\/2&#8243;][vc_column_text css=\u00bb\u00bb]<\/p>\n<h3 style=\"text-align: justify;\"><strong><span style=\"color: #d3ab1d;\">G\u00e9nero<\/span><\/strong><\/h3>\n<p class=\"p1\">Drama, comedia negra, edad adulta<\/p>\n<h3><strong><span style=\"color: #d3ab1d;\">Tr\u00e1iler<\/span><\/strong><\/h3>\n<p>[\/vc_column_text][vc_video link=\u00bb\u00bb css=\u00bb\u00bb][\/vc_column][\/vc_row]<\/p>\n<\/div>","protected":false},"excerpt":{"rendered":"<p>[vc_row][vc_column width=\u00bb1\/4&#8243;][vc_single_image image=\u00bb10407&#8243; img_size=\u00bbmedium\u00bb css=\u00bb\u00bb][vc_column_text][\/vc_column_text][\/vc_column][vc_column width=\u00bb3\/4&#8243;][vc_column_text css=\u00bb\u00bb]The King of Spades Una pel\u00edcula semiautobiogr\u00e1fica que sigue a Aaron, de 23 a\u00f1os, cuando regresa a su ciudad natal en el noreste de [&hellip;]<\/p>\n","protected":false},"author":1,"featured_media":0,"parent":10556,"menu_order":0,"comment_status":"closed","ping_status":"closed","template":"","meta":{"footnotes":""},"class_list":["post-10549","page","type-page","status-publish","hentry"],"yoast_head":"<!-- This site is optimized with the Yoast SEO plugin v27.5 - https:\/\/yoast.com\/product\/yoast-seo-wordpress\/ -->\n<title>The King of Spades - Calella Film Festival<\/title>\n<meta name=\"robots\" content=\"index, follow, max-snippet:-1, max-image-preview:large, max-video-preview:-1\" \/>\n<link rel=\"canonical\" href=\"https:\/\/www.maresmefilmfestival.com\/es\/low-budget\/the-king-of-spades\/\" \/>\n<meta property=\"og:locale\" content=\"es_ES\" \/>\n<meta property=\"og:type\" content=\"article\" \/>\n<meta property=\"og:title\" content=\"The King of Spades - Calella Film Festival\" \/>\n<meta property=\"og:description\" content=\"[vc_row][vc_column width=\u00bb1\/4&#8243;][vc_single_image image=\u00bb10407&#8243; img_size=\u00bbmedium\u00bb css=\u00bb\u00bb][vc_column_text][\/vc_column_text][\/vc_column][vc_column width=\u00bb3\/4&#8243;][vc_column_text css=\u00bb\u00bb]The King of Spades Una pel\u00edcula semiautobiogr\u00e1fica que sigue a Aaron, de 23 a\u00f1os, cuando regresa a su ciudad natal en el noreste de [&hellip;]\" \/>\n<meta property=\"og:url\" content=\"https:\/\/www.maresmefilmfestival.com\/es\/low-budget\/the-king-of-spades\/\" \/>\n<meta property=\"og:site_name\" content=\"Calella Film Festival\" \/>\n<meta property=\"article:publisher\" content=\"https:\/\/www.facebook.com\/Festival-de-Cinema-de-Calella-536425489872034\/?ref=hl\" \/>\n<meta property=\"article:modified_time\" content=\"2024-10-10T10:43:33+00:00\" \/>\n<meta name=\"twitter:card\" content=\"summary_large_image\" \/>\n<meta name=\"twitter:site\" content=\"@CalellaFilmFest\" \/>\n<meta name=\"twitter:label1\" content=\"Tiempo de lectura\" \/>\n\t<meta name=\"twitter:data1\" content=\"1 minuto\" \/>\n<script type=\"application\/ld+json\" class=\"yoast-schema-graph\">{\"@context\":\"https:\\\/\\\/schema.org\",\"@graph\":[{\"@type\":\"WebPage\",\"@id\":\"https:\\\/\\\/www.maresmefilmfestival.com\\\/es\\\/low-budget\\\/the-king-of-spades\\\/\",\"url\":\"https:\\\/\\\/www.maresmefilmfestival.com\\\/es\\\/low-budget\\\/the-king-of-spades\\\/\",\"name\":\"The King of Spades - Calella Film Festival\",\"isPartOf\":{\"@id\":\"https:\\\/\\\/www.maresmefilmfestival.com\\\/es\\\/#website\"},\"datePublished\":\"2024-10-10T09:23:27+00:00\",\"dateModified\":\"2024-10-10T10:43:33+00:00\",\"breadcrumb\":{\"@id\":\"https:\\\/\\\/www.maresmefilmfestival.com\\\/es\\\/low-budget\\\/the-king-of-spades\\\/#breadcrumb\"},\"inLanguage\":\"es\",\"potentialAction\":[{\"@type\":\"ReadAction\",\"target\":[\"https:\\\/\\\/www.maresmefilmfestival.com\\\/es\\\/low-budget\\\/the-king-of-spades\\\/\"]}]},{\"@type\":\"BreadcrumbList\",\"@id\":\"https:\\\/\\\/www.maresmefilmfestival.com\\\/es\\\/low-budget\\\/the-king-of-spades\\\/#breadcrumb\",\"itemListElement\":[{\"@type\":\"ListItem\",\"position\":1,\"name\":\"Portada\",\"item\":\"https:\\\/\\\/www.maresmefilmfestival.com\\\/es\\\/\"},{\"@type\":\"ListItem\",\"position\":2,\"name\":\"Low Budget\",\"item\":\"https:\\\/\\\/www.maresmefilmfestival.com\\\/es\\\/low-budget\\\/\"},{\"@type\":\"ListItem\",\"position\":3,\"name\":\"The King of Spades\"}]},{\"@type\":\"WebSite\",\"@id\":\"https:\\\/\\\/www.maresmefilmfestival.com\\\/es\\\/#website\",\"url\":\"https:\\\/\\\/www.maresmefilmfestival.com\\\/es\\\/\",\"name\":\"Calella Film Festival\",\"description\":\"Festival de Cinema\",\"potentialAction\":[{\"@type\":\"SearchAction\",\"target\":{\"@type\":\"EntryPoint\",\"urlTemplate\":\"https:\\\/\\\/www.maresmefilmfestival.com\\\/es\\\/?s={search_term_string}\"},\"query-input\":{\"@type\":\"PropertyValueSpecification\",\"valueRequired\":true,\"valueName\":\"search_term_string\"}}],\"inLanguage\":\"es\"}]}<\/script>\n<!-- \/ Yoast SEO plugin. -->","yoast_head_json":{"title":"The King of Spades - Calella Film Festival","robots":{"index":"index","follow":"follow","max-snippet":"max-snippet:-1","max-image-preview":"max-image-preview:large","max-video-preview":"max-video-preview:-1"},"canonical":"https:\/\/www.maresmefilmfestival.com\/es\/low-budget\/the-king-of-spades\/","og_locale":"es_ES","og_type":"article","og_title":"The King of Spades - Calella Film Festival","og_description":"[vc_row][vc_column width=\u00bb1\/4&#8243;][vc_single_image image=\u00bb10407&#8243; img_size=\u00bbmedium\u00bb css=\u00bb\u00bb][vc_column_text][\/vc_column_text][\/vc_column][vc_column width=\u00bb3\/4&#8243;][vc_column_text css=\u00bb\u00bb]The King of Spades Una pel\u00edcula semiautobiogr\u00e1fica que sigue a Aaron, de 23 a\u00f1os, cuando regresa a su ciudad natal en el noreste de [&hellip;]","og_url":"https:\/\/www.maresmefilmfestival.com\/es\/low-budget\/the-king-of-spades\/","og_site_name":"Calella Film Festival","article_publisher":"https:\/\/www.facebook.com\/Festival-de-Cinema-de-Calella-536425489872034\/?ref=hl","article_modified_time":"2024-10-10T10:43:33+00:00","twitter_card":"summary_large_image","twitter_site":"@CalellaFilmFest","twitter_misc":{"Tiempo de lectura":"1 minuto"},"schema":{"@context":"https:\/\/schema.org","@graph":[{"@type":"WebPage","@id":"https:\/\/www.maresmefilmfestival.com\/es\/low-budget\/the-king-of-spades\/","url":"https:\/\/www.maresmefilmfestival.com\/es\/low-budget\/the-king-of-spades\/","name":"The King of Spades - Calella Film Festival","isPartOf":{"@id":"https:\/\/www.maresmefilmfestival.com\/es\/#website"},"datePublished":"2024-10-10T09:23:27+00:00","dateModified":"2024-10-10T10:43:33+00:00","breadcrumb":{"@id":"https:\/\/www.maresmefilmfestival.com\/es\/low-budget\/the-king-of-spades\/#breadcrumb"},"inLanguage":"es","potentialAction":[{"@type":"ReadAction","target":["https:\/\/www.maresmefilmfestival.com\/es\/low-budget\/the-king-of-spades\/"]}]},{"@type":"BreadcrumbList","@id":"https:\/\/www.maresmefilmfestival.com\/es\/low-budget\/the-king-of-spades\/#breadcrumb","itemListElement":[{"@type":"ListItem","position":1,"name":"Portada","item":"https:\/\/www.maresmefilmfestival.com\/es\/"},{"@type":"ListItem","position":2,"name":"Low Budget","item":"https:\/\/www.maresmefilmfestival.com\/es\/low-budget\/"},{"@type":"ListItem","position":3,"name":"The King of Spades"}]},{"@type":"WebSite","@id":"https:\/\/www.maresmefilmfestival.com\/es\/#website","url":"https:\/\/www.maresmefilmfestival.com\/es\/","name":"Calella Film Festival","description":"Festival de Cinema","potentialAction":[{"@type":"SearchAction","target":{"@type":"EntryPoint","urlTemplate":"https:\/\/www.maresmefilmfestival.com\/es\/?s={search_term_string}"},"query-input":{"@type":"PropertyValueSpecification","valueRequired":true,"valueName":"search_term_string"}}],"inLanguage":"es"}]}},"_links":{"self":[{"href":"https:\/\/www.maresmefilmfestival.com\/es\/wp-json\/wp\/v2\/pages\/10549","targetHints":{"allow":["GET"]}}],"collection":[{"href":"https:\/\/www.maresmefilmfestival.com\/es\/wp-json\/wp\/v2\/pages"}],"about":[{"href":"https:\/\/www.maresmefilmfestival.com\/es\/wp-json\/wp\/v2\/types\/page"}],"author":[{"embeddable":true,"href":"https:\/\/www.maresmefilmfestival.com\/es\/wp-json\/wp\/v2\/users\/1"}],"replies":[{"embeddable":true,"href":"https:\/\/www.maresmefilmfestival.com\/es\/wp-json\/wp\/v2\/comments?post=10549"}],"version-history":[{"count":0,"href":"https:\/\/www.maresmefilmfestival.com\/es\/wp-json\/wp\/v2\/pages\/10549\/revisions"}],"up":[{"embeddable":true,"href":"https:\/\/www.maresmefilmfestival.com\/es\/wp-json\/wp\/v2\/pages\/10556"}],"wp:attachment":[{"href":"https:\/\/www.maresmefilmfestival.com\/es\/wp-json\/wp\/v2\/media?parent=10549"}],"curies":[{"name":"wp","href":"https:\/\/api.w.org\/{rel}","templated":true}]}}