{"id":1044,"date":"2016-01-19T15:19:52","date_gmt":"2016-01-19T15:19:52","guid":{"rendered":"http:\/\/www.maresmefilmfestival.com\/es\/?page_id=1044"},"modified":"2018-05-28T09:53:55","modified_gmt":"2018-05-28T08:53:55","slug":"jurado","status":"publish","type":"page","link":"https:\/\/www.maresmefilmfestival.com\/es\/el-festival\/jurado\/","title":{"rendered":"JURADO"},"content":{"rendered":"<div class=\"wpb-content-wrapper\"><p>[vc_row][vc_column][vc_column_text]<\/p>\n<p style=\"text-align: justify;\"><span style=\"color: #000000;\">El jurado del Calella Film Festival tendr\u00e1 la decisi\u00f3n de premiar a los mejores largometrajes de las secciones oficiales Low Budget Films y Creative Rosebud Awards.<\/span><\/p>\n<p><strong>Jurado del\u00a0<span style=\"color: #000000;\"> LOW BUDGET FILMS\u00a0<\/span><\/strong>[\/vc_column_text][\/vc_column][\/vc_row][vc_row][vc_column][\/vc_column][\/vc_row][vc_row][vc_column width=\u00bb1\/3&#8243;][vc_column_text]<\/p>\n<h3 style=\"text-align: center;\"><strong><span style=\"color: #d3ab1d;\">Agust\u00ed Villaronga<\/span><\/strong><\/h3>\n<p>[\/vc_column_text][vc_single_image image=\u00bb4424&#8243; img_size=\u00bb600&#215;300 (Width x Height)\u00bb alignment=\u00bbcenter\u00bb onclick=\u00bbcustom_link\u00bb link=\u00bbhttps:\/\/www.maresmefilmfestival.com\/es\/el-festival\/jurado\/agusti-villaronga\/\u00bb][vc_column_text]<\/p>\n<h3 style=\"text-align: center;\"><strong><span style=\"color: #d3ab1d;\">B\u00e1rbara Goenaga<\/span><\/strong><\/h3>\n<p>[\/vc_column_text][vc_single_image image=\u00bb4515&#8243; img_size=\u00bb600&#215;300 (Width x Height)\u00bb alignment=\u00bbcenter\u00bb onclick=\u00bbcustom_link\u00bb link=\u00bbhttps:\/\/www.maresmefilmfestival.com\/es\/el-festival\/jurado\/barbara-goenaga\/\u00bb][\/vc_column][vc_column width=\u00bb1\/3&#8243;][vc_column_text]<\/p>\n<h3 style=\"text-align: center;\"><strong><span style=\"color: #d3ab1d;\">Christian G\u00e1lvez<\/span><\/strong><\/h3>\n<p>[\/vc_column_text][vc_single_image image=\u00bb4425&#8243; img_size=\u00bb600&#215;300 (Width x Height)\u00bb alignment=\u00bbcenter\u00bb onclick=\u00bbcustom_link\u00bb link=\u00bbhttps:\/\/www.maresmefilmfestival.com\/es\/el-festival\/jurado\/christian-galvez\/\u00bb][vc_column_text]<\/p>\n<h3 style=\"text-align: center;\"><strong><span style=\"color: #d3ab1d;\">Juana Mart\u00ednez<\/span><\/strong><\/h3>\n<p>[\/vc_column_text][vc_single_image image=\u00bb4893&#8243; img_size=\u00bb600&#215;300 (Width x Height)\u00bb alignment=\u00bbcenter\u00bb onclick=\u00bbcustom_link\u00bb link=\u00bbhttps:\/\/www.maresmefilmfestival.com\/es\/el-festival\/jurado\/juana-martinez\/\u00bb][\/vc_column][vc_column width=\u00bb1\/3&#8243;][vc_column_text]<\/p>\n<h3 style=\"text-align: center;\"><strong><span style=\"color: #d3ab1d;\">Octavi Pujades<\/span><\/strong><\/h3>\n<p>[\/vc_column_text][vc_single_image image=\u00bb4426&#8243; img_size=\u00bb600&#215;300 (Width x Height)\u00bb onclick=\u00bbcustom_link\u00bb link=\u00bbhttps:\/\/www.maresmefilmfestival.com\/es\/el-festival\/jurado\/octavi-pujades\/\u00bb][\/vc_column][\/vc_row][vc_row][vc_column][vc_column_text]<\/p>\n<p style=\"text-align: justify;\"><strong><span style=\"color: #000000;\">Jurado del\u00a0 CREATIVE ROSEBUD AWARDS.<\/span><\/strong><\/p>\n<p>[\/vc_column_text][\/vc_column][\/vc_row][vc_row][vc_column width=\u00bb1\/3&#8243;][vc_column_text]<\/p>\n<h3 style=\"text-align: center;\"><strong><span style=\"color: #d3ab1d;\">Jaume Balaguer\u00f3<\/span><\/strong><\/h3>\n<p>[\/vc_column_text][vc_single_image image=\u00bb4991&#8243; img_size=\u00bb600&#215;300 (Width x Height)\u00bb alignment=\u00bbcenter\u00bb onclick=\u00bbcustom_link\u00bb link=\u00bbhttps:\/\/www.maresmefilmfestival.com\/es\/el-festival\/jurado\/jaume-balaguero\/\u00bb][vc_column_text]<\/p>\n<h3 style=\"text-align: center;\"><strong><span style=\"color: #d3ab1d;\">Cristina Campos<\/span><\/strong><\/h3>\n<p>[\/vc_column_text][vc_single_image image=\u00bb4988&#8243; img_size=\u00bb600&#215;300 (Width x Height)\u00bb alignment=\u00bbcenter\u00bb onclick=\u00bbcustom_link\u00bb link=\u00bbhttps:\/\/www.maresmefilmfestival.com\/es\/el-festival\/jurado\/cristina-campos\/\u00bb][\/vc_column][vc_column width=\u00bb1\/3&#8243;][vc_column_text]<\/p>\n<h3 style=\"text-align: center;\"><strong><span style=\"color: #d3ab1d;\">Cristina Brondo<\/span><\/strong><\/h3>\n<p>[\/vc_column_text][vc_single_image image=\u00bb4989&#8243; img_size=\u00bb600&#215;300 (Width x Height)\u00bb alignment=\u00bbcenter\u00bb onclick=\u00bbcustom_link\u00bb link=\u00bbhttps:\/\/www.maresmefilmfestival.com\/es\/el-festival\/jurado\/cristina-brondo\/\u00bb][vc_column_text]<\/p>\n<h3 style=\"text-align: center;\"><strong><span style=\"color: #d3ab1d;\">Mireia Aixal\u00e0<\/span><\/strong><\/h3>\n<p>[\/vc_column_text][vc_single_image image=\u00bb4985&#8243; img_size=\u00bb600&#215;300 (Width x Height)\u00bb alignment=\u00bbcenter\u00bb onclick=\u00bbcustom_link\u00bb link=\u00bbhttps:\/\/www.maresmefilmfestival.com\/es\/el-festival\/jurado\/mireia-aixala\/\u00bb][\/vc_column][vc_column width=\u00bb1\/3&#8243;][vc_column_text]<\/p>\n<h3 style=\"text-align: center;\"><strong><span style=\"color: #d3ab1d;\">Juli F\u00e1bregas<\/span><\/strong><\/h3>\n<p>[\/vc_column_text][vc_single_image image=\u00bb1012&#8243; img_size=\u00bb600&#215;300 (Width x Height)\u00bb onclick=\u00bbcustom_link\u00bb link=\u00bbhttps:\/\/www.maresmefilmfestival.com\/es\/el-festival\/jurado\/juli-fabregas\/\u00bb][\/vc_column][\/vc_row][vc_row][vc_column][vc_column_text]Os comunicamos que las decisiones del jurado ser\u00e1n inapelables y no se aceptar\u00e1n peticiones relacionadas con su veredicto.[\/vc_column_text][\/vc_column][\/vc_row]<\/p>\n<\/div>","protected":false},"excerpt":{"rendered":"<p>[vc_row][vc_column][vc_column_text] El jurado del Calella Film Festival tendr\u00e1 la decisi\u00f3n de premiar a los mejores largometrajes de las secciones oficiales Low Budget Films y Creative Rosebud Awards. Jurado del\u00a0 LOW [&hellip;]<\/p>\n","protected":false},"author":1,"featured_media":0,"parent":1758,"menu_order":0,"comment_status":"closed","ping_status":"closed","template":"","meta":{"footnotes":""},"class_list":["post-1044","page","type-page","status-publish","hentry"],"yoast_head":"<!-- This site is optimized with the Yoast SEO plugin v27.4 - https:\/\/yoast.com\/product\/yoast-seo-wordpress\/ -->\n<title>Jurado | Tercera edici\u00f3n | Calella Film Festival<\/title>\n<meta name=\"description\" content=\"El jurado del Calella Film Festival tendr\u00e1 la decisi\u00f3n de premiar a los mejores largometrajes de las secciones LOW BUDGET FILMS y CREATIVE ROSEBUD AWARDS.\" \/>\n<meta name=\"robots\" content=\"index, follow, max-snippet:-1, max-image-preview:large, max-video-preview:-1\" \/>\n<link rel=\"canonical\" href=\"https:\/\/www.maresmefilmfestival.com\/es\/el-festival\/jurado\/\" \/>\n<meta property=\"og:locale\" content=\"es_ES\" \/>\n<meta property=\"og:type\" content=\"article\" \/>\n<meta property=\"og:title\" content=\"Jurado | Tercera edici\u00f3n | Calella Film Festival\" \/>\n<meta property=\"og:description\" content=\"El jurado del Calella Film Festival tendr\u00e1 la decisi\u00f3n de premiar a los mejores largometrajes de las secciones LOW BUDGET FILMS y CREATIVE ROSEBUD AWARDS.\" \/>\n<meta property=\"og:url\" content=\"https:\/\/www.maresmefilmfestival.com\/es\/el-festival\/jurado\/\" \/>\n<meta property=\"og:site_name\" content=\"Calella Film Festival\" \/>\n<meta property=\"article:publisher\" content=\"https:\/\/www.facebook.com\/Festival-de-Cinema-de-Calella-536425489872034\/?ref=hl\" \/>\n<meta property=\"article:modified_time\" content=\"2018-05-28T08:53:55+00:00\" \/>\n<meta name=\"twitter:card\" content=\"summary_large_image\" \/>\n<meta name=\"twitter:site\" content=\"@CalellaFilmFest\" \/>\n<meta name=\"twitter:label1\" content=\"Tiempo de lectura\" \/>\n\t<meta name=\"twitter:data1\" content=\"2 minutos\" \/>\n<script type=\"application\/ld+json\" class=\"yoast-schema-graph\">{\"@context\":\"https:\\\/\\\/schema.org\",\"@graph\":[{\"@type\":\"WebPage\",\"@id\":\"https:\\\/\\\/www.maresmefilmfestival.com\\\/es\\\/el-festival\\\/jurado\\\/\",\"url\":\"https:\\\/\\\/www.maresmefilmfestival.com\\\/es\\\/el-festival\\\/jurado\\\/\",\"name\":\"Jurado | Tercera edici\u00f3n | Calella Film Festival\",\"isPartOf\":{\"@id\":\"https:\\\/\\\/www.maresmefilmfestival.com\\\/es\\\/#website\"},\"datePublished\":\"2016-01-19T15:19:52+00:00\",\"dateModified\":\"2018-05-28T08:53:55+00:00\",\"description\":\"El jurado del Calella Film Festival tendr\u00e1 la decisi\u00f3n de premiar a los mejores largometrajes de las secciones LOW BUDGET FILMS y CREATIVE ROSEBUD AWARDS.\",\"breadcrumb\":{\"@id\":\"https:\\\/\\\/www.maresmefilmfestival.com\\\/es\\\/el-festival\\\/jurado\\\/#breadcrumb\"},\"inLanguage\":\"es\",\"potentialAction\":[{\"@type\":\"ReadAction\",\"target\":[\"https:\\\/\\\/www.maresmefilmfestival.com\\\/es\\\/el-festival\\\/jurado\\\/\"]}]},{\"@type\":\"BreadcrumbList\",\"@id\":\"https:\\\/\\\/www.maresmefilmfestival.com\\\/es\\\/el-festival\\\/jurado\\\/#breadcrumb\",\"itemListElement\":[{\"@type\":\"ListItem\",\"position\":1,\"name\":\"Portada\",\"item\":\"https:\\\/\\\/www.maresmefilmfestival.com\\\/es\\\/\"},{\"@type\":\"ListItem\",\"position\":2,\"name\":\"EL FESTIVAL\",\"item\":\"https:\\\/\\\/www.maresmefilmfestival.com\\\/es\\\/el-festival\\\/\"},{\"@type\":\"ListItem\",\"position\":3,\"name\":\"JURADO\"}]},{\"@type\":\"WebSite\",\"@id\":\"https:\\\/\\\/www.maresmefilmfestival.com\\\/es\\\/#website\",\"url\":\"https:\\\/\\\/www.maresmefilmfestival.com\\\/es\\\/\",\"name\":\"Calella Film Festival\",\"description\":\"Festival de Cinema\",\"potentialAction\":[{\"@type\":\"SearchAction\",\"target\":{\"@type\":\"EntryPoint\",\"urlTemplate\":\"https:\\\/\\\/www.maresmefilmfestival.com\\\/es\\\/?s={search_term_string}\"},\"query-input\":{\"@type\":\"PropertyValueSpecification\",\"valueRequired\":true,\"valueName\":\"search_term_string\"}}],\"inLanguage\":\"es\"}]}<\/script>\n<!-- \/ Yoast SEO plugin. -->","yoast_head_json":{"title":"Jurado | Tercera edici\u00f3n | Calella Film Festival","description":"El jurado del Calella Film Festival tendr\u00e1 la decisi\u00f3n de premiar a los mejores largometrajes de las secciones LOW BUDGET FILMS y CREATIVE ROSEBUD AWARDS.","robots":{"index":"index","follow":"follow","max-snippet":"max-snippet:-1","max-image-preview":"max-image-preview:large","max-video-preview":"max-video-preview:-1"},"canonical":"https:\/\/www.maresmefilmfestival.com\/es\/el-festival\/jurado\/","og_locale":"es_ES","og_type":"article","og_title":"Jurado | Tercera edici\u00f3n | Calella Film Festival","og_description":"El jurado del Calella Film Festival tendr\u00e1 la decisi\u00f3n de premiar a los mejores largometrajes de las secciones LOW BUDGET FILMS y CREATIVE ROSEBUD AWARDS.","og_url":"https:\/\/www.maresmefilmfestival.com\/es\/el-festival\/jurado\/","og_site_name":"Calella Film Festival","article_publisher":"https:\/\/www.facebook.com\/Festival-de-Cinema-de-Calella-536425489872034\/?ref=hl","article_modified_time":"2018-05-28T08:53:55+00:00","twitter_card":"summary_large_image","twitter_site":"@CalellaFilmFest","twitter_misc":{"Tiempo de lectura":"2 minutos"},"schema":{"@context":"https:\/\/schema.org","@graph":[{"@type":"WebPage","@id":"https:\/\/www.maresmefilmfestival.com\/es\/el-festival\/jurado\/","url":"https:\/\/www.maresmefilmfestival.com\/es\/el-festival\/jurado\/","name":"Jurado | Tercera edici\u00f3n | Calella Film Festival","isPartOf":{"@id":"https:\/\/www.maresmefilmfestival.com\/es\/#website"},"datePublished":"2016-01-19T15:19:52+00:00","dateModified":"2018-05-28T08:53:55+00:00","description":"El jurado del Calella Film Festival tendr\u00e1 la decisi\u00f3n de premiar a los mejores largometrajes de las secciones LOW BUDGET FILMS y CREATIVE ROSEBUD AWARDS.","breadcrumb":{"@id":"https:\/\/www.maresmefilmfestival.com\/es\/el-festival\/jurado\/#breadcrumb"},"inLanguage":"es","potentialAction":[{"@type":"ReadAction","target":["https:\/\/www.maresmefilmfestival.com\/es\/el-festival\/jurado\/"]}]},{"@type":"BreadcrumbList","@id":"https:\/\/www.maresmefilmfestival.com\/es\/el-festival\/jurado\/#breadcrumb","itemListElement":[{"@type":"ListItem","position":1,"name":"Portada","item":"https:\/\/www.maresmefilmfestival.com\/es\/"},{"@type":"ListItem","position":2,"name":"EL FESTIVAL","item":"https:\/\/www.maresmefilmfestival.com\/es\/el-festival\/"},{"@type":"ListItem","position":3,"name":"JURADO"}]},{"@type":"WebSite","@id":"https:\/\/www.maresmefilmfestival.com\/es\/#website","url":"https:\/\/www.maresmefilmfestival.com\/es\/","name":"Calella Film Festival","description":"Festival de Cinema","potentialAction":[{"@type":"SearchAction","target":{"@type":"EntryPoint","urlTemplate":"https:\/\/www.maresmefilmfestival.com\/es\/?s={search_term_string}"},"query-input":{"@type":"PropertyValueSpecification","valueRequired":true,"valueName":"search_term_string"}}],"inLanguage":"es"}]}},"_links":{"self":[{"href":"https:\/\/www.maresmefilmfestival.com\/es\/wp-json\/wp\/v2\/pages\/1044","targetHints":{"allow":["GET"]}}],"collection":[{"href":"https:\/\/www.maresmefilmfestival.com\/es\/wp-json\/wp\/v2\/pages"}],"about":[{"href":"https:\/\/www.maresmefilmfestival.com\/es\/wp-json\/wp\/v2\/types\/page"}],"author":[{"embeddable":true,"href":"https:\/\/www.maresmefilmfestival.com\/es\/wp-json\/wp\/v2\/users\/1"}],"replies":[{"embeddable":true,"href":"https:\/\/www.maresmefilmfestival.com\/es\/wp-json\/wp\/v2\/comments?post=1044"}],"version-history":[{"count":0,"href":"https:\/\/www.maresmefilmfestival.com\/es\/wp-json\/wp\/v2\/pages\/1044\/revisions"}],"up":[{"embeddable":true,"href":"https:\/\/www.maresmefilmfestival.com\/es\/wp-json\/wp\/v2\/pages\/1758"}],"wp:attachment":[{"href":"https:\/\/www.maresmefilmfestival.com\/es\/wp-json\/wp\/v2\/media?parent=1044"}],"curies":[{"name":"wp","href":"https:\/\/api.w.org\/{rel}","templated":true}]}}