{"id":10014,"date":"2023-10-18T11:36:30","date_gmt":"2023-10-18T10:36:30","guid":{"rendered":"https:\/\/www.maresmefilmfestival.com\/jurado-2023\/sergi-pompermayer\/"},"modified":"2023-10-18T11:40:23","modified_gmt":"2023-10-18T10:40:23","slug":"sergi-pompermayer","status":"publish","type":"page","link":"https:\/\/www.maresmefilmfestival.com\/es\/jurado-2023\/sergi-pompermayer\/","title":{"rendered":"Sergi Pompermayer"},"content":{"rendered":"<div class=\"wpb-content-wrapper\"><p>[vc_row][vc_column width=\u00bb1\/2&#8243;][vc_column_text]<br \/>\n[\/vc_column_text][vc_single_image image=\u00bb10007&#8243; img_size=\u00bbfull\u00bb][\/vc_column][vc_column width=\u00bb1\/2&#8243;][vc_column_text]<\/p>\n<h3><strong><span style=\"color: #d3ab1d;\">Sergi Pompermayer<\/span><\/strong><\/h3>\n<p>Sergi Pompermayer (Barcelona 1967) es licenciado en veterinaria y cursa estudios de arte dram\u00e1tico en el Colegio del Teatro de Barcelona. Debuta como <strong>autor dram\u00e1tico<\/strong> en 1997 con\u00a0<em><strong>Zowie<\/strong><\/em> (XXV Premio Ciudad de Alcoy). Tambi\u00e9n ha escrito, entre otros, \u00a0<em>Refugiados, New Order, Sacrifici, Blues, LLum de Guardia<\/em> (Ghost light), el libreto de la \u00f3pera familiar <em>La cuina de Rossini i Am\u00e9rica.<\/em><\/p>\n<p>Tambi\u00e9n ha realizado las <strong>dramaturgias<\/strong> de Tim\u00f3n de Atenas de W. Shakespeare, de Don Juan de Moli\u00e8re, de Instrucciones para hacerse fascista de Michela Murgia y de <em>Carrer Robadors<\/em> de Mathias Enard, ganadora del Premio Max a la mejor adaptaci\u00f3n.<\/p>\n<p>Como <strong>guionista<\/strong> ha trabajado en series como <em><strong>Plats Bruts, Jet Lag, \u00a0Lo Cartany\u00e0,<\/strong> <strong>L\u2019Un per l\u2019altre, Porca Mis\u00e8ria, La Sagrada Fam\u00edlia, La Riera\u00a0i\u00a0Jo, mai mai<\/strong><\/em><\/p>\n<p>Imparte <strong>cursos y talleres<\/strong> en el Obrador de la Sala Beckett, en la Escuela Superior de Cine de Catalu\u00f1a ESCAC, en Showrunners, y tambi\u00e9n en m\u00e1steres de la Universidad Ram\u00f3n Llull, la UAB y la UPF.[\/vc_column_text][\/vc_column][\/vc_row]<\/p>\n<\/div>","protected":false},"excerpt":{"rendered":"<p>[vc_row][vc_column width=\u00bb1\/2&#8243;][vc_column_text] [\/vc_column_text][vc_single_image image=\u00bb10007&#8243; img_size=\u00bbfull\u00bb][\/vc_column][vc_column width=\u00bb1\/2&#8243;][vc_column_text] Sergi Pompermayer Sergi Pompermayer (Barcelona 1967) es licenciado en veterinaria y cursa estudios de arte dram\u00e1tico en el Colegio del Teatro de Barcelona. Debuta [&hellip;]<\/p>\n","protected":false},"author":1,"featured_media":0,"parent":9967,"menu_order":0,"comment_status":"closed","ping_status":"closed","template":"","meta":{"footnotes":""},"class_list":["post-10014","page","type-page","status-publish","hentry"],"yoast_head":"<!-- This site is optimized with the Yoast SEO plugin v27.4 - https:\/\/yoast.com\/product\/yoast-seo-wordpress\/ -->\n<title>Sergi Pompermayer - Calella Film Festival<\/title>\n<meta name=\"robots\" content=\"index, follow, max-snippet:-1, max-image-preview:large, max-video-preview:-1\" \/>\n<link rel=\"canonical\" href=\"https:\/\/www.maresmefilmfestival.com\/es\/jurado-2023\/sergi-pompermayer\/\" \/>\n<meta property=\"og:locale\" content=\"es_ES\" \/>\n<meta property=\"og:type\" content=\"article\" \/>\n<meta property=\"og:title\" content=\"Sergi Pompermayer - Calella Film Festival\" \/>\n<meta property=\"og:description\" content=\"[vc_row][vc_column width=\u00bb1\/2&#8243;][vc_column_text] [\/vc_column_text][vc_single_image image=\u00bb10007&#8243; img_size=\u00bbfull\u00bb][\/vc_column][vc_column width=\u00bb1\/2&#8243;][vc_column_text] Sergi Pompermayer Sergi Pompermayer (Barcelona 1967) es licenciado en veterinaria y cursa estudios de arte dram\u00e1tico en el Colegio del Teatro de Barcelona. Debuta [&hellip;]\" \/>\n<meta property=\"og:url\" content=\"https:\/\/www.maresmefilmfestival.com\/es\/jurado-2023\/sergi-pompermayer\/\" \/>\n<meta property=\"og:site_name\" content=\"Calella Film Festival\" \/>\n<meta property=\"article:publisher\" content=\"https:\/\/www.facebook.com\/Festival-de-Cinema-de-Calella-536425489872034\/?ref=hl\" \/>\n<meta property=\"article:modified_time\" content=\"2023-10-18T10:40:23+00:00\" \/>\n<meta name=\"twitter:card\" content=\"summary_large_image\" \/>\n<meta name=\"twitter:site\" content=\"@CalellaFilmFest\" \/>\n<meta name=\"twitter:label1\" content=\"Tiempo de lectura\" \/>\n\t<meta name=\"twitter:data1\" content=\"1 minuto\" \/>\n<script type=\"application\/ld+json\" class=\"yoast-schema-graph\">{\"@context\":\"https:\\\/\\\/schema.org\",\"@graph\":[{\"@type\":\"WebPage\",\"@id\":\"https:\\\/\\\/www.maresmefilmfestival.com\\\/es\\\/jurado-2023\\\/sergi-pompermayer\\\/\",\"url\":\"https:\\\/\\\/www.maresmefilmfestival.com\\\/es\\\/jurado-2023\\\/sergi-pompermayer\\\/\",\"name\":\"Sergi Pompermayer - Calella Film Festival\",\"isPartOf\":{\"@id\":\"https:\\\/\\\/www.maresmefilmfestival.com\\\/es\\\/#website\"},\"datePublished\":\"2023-10-18T10:36:30+00:00\",\"dateModified\":\"2023-10-18T10:40:23+00:00\",\"breadcrumb\":{\"@id\":\"https:\\\/\\\/www.maresmefilmfestival.com\\\/es\\\/jurado-2023\\\/sergi-pompermayer\\\/#breadcrumb\"},\"inLanguage\":\"es\",\"potentialAction\":[{\"@type\":\"ReadAction\",\"target\":[\"https:\\\/\\\/www.maresmefilmfestival.com\\\/es\\\/jurado-2023\\\/sergi-pompermayer\\\/\"]}]},{\"@type\":\"BreadcrumbList\",\"@id\":\"https:\\\/\\\/www.maresmefilmfestival.com\\\/es\\\/jurado-2023\\\/sergi-pompermayer\\\/#breadcrumb\",\"itemListElement\":[{\"@type\":\"ListItem\",\"position\":1,\"name\":\"Portada\",\"item\":\"https:\\\/\\\/www.maresmefilmfestival.com\\\/es\\\/\"},{\"@type\":\"ListItem\",\"position\":2,\"name\":\"Jurado 2023\",\"item\":\"https:\\\/\\\/www.maresmefilmfestival.com\\\/es\\\/jurado-2023\\\/\"},{\"@type\":\"ListItem\",\"position\":3,\"name\":\"Sergi Pompermayer\"}]},{\"@type\":\"WebSite\",\"@id\":\"https:\\\/\\\/www.maresmefilmfestival.com\\\/es\\\/#website\",\"url\":\"https:\\\/\\\/www.maresmefilmfestival.com\\\/es\\\/\",\"name\":\"Calella Film Festival\",\"description\":\"Festival de Cinema\",\"potentialAction\":[{\"@type\":\"SearchAction\",\"target\":{\"@type\":\"EntryPoint\",\"urlTemplate\":\"https:\\\/\\\/www.maresmefilmfestival.com\\\/es\\\/?s={search_term_string}\"},\"query-input\":{\"@type\":\"PropertyValueSpecification\",\"valueRequired\":true,\"valueName\":\"search_term_string\"}}],\"inLanguage\":\"es\"}]}<\/script>\n<!-- \/ Yoast SEO plugin. -->","yoast_head_json":{"title":"Sergi Pompermayer - Calella Film Festival","robots":{"index":"index","follow":"follow","max-snippet":"max-snippet:-1","max-image-preview":"max-image-preview:large","max-video-preview":"max-video-preview:-1"},"canonical":"https:\/\/www.maresmefilmfestival.com\/es\/jurado-2023\/sergi-pompermayer\/","og_locale":"es_ES","og_type":"article","og_title":"Sergi Pompermayer - Calella Film Festival","og_description":"[vc_row][vc_column width=\u00bb1\/2&#8243;][vc_column_text] [\/vc_column_text][vc_single_image image=\u00bb10007&#8243; img_size=\u00bbfull\u00bb][\/vc_column][vc_column width=\u00bb1\/2&#8243;][vc_column_text] Sergi Pompermayer Sergi Pompermayer (Barcelona 1967) es licenciado en veterinaria y cursa estudios de arte dram\u00e1tico en el Colegio del Teatro de Barcelona. Debuta [&hellip;]","og_url":"https:\/\/www.maresmefilmfestival.com\/es\/jurado-2023\/sergi-pompermayer\/","og_site_name":"Calella Film Festival","article_publisher":"https:\/\/www.facebook.com\/Festival-de-Cinema-de-Calella-536425489872034\/?ref=hl","article_modified_time":"2023-10-18T10:40:23+00:00","twitter_card":"summary_large_image","twitter_site":"@CalellaFilmFest","twitter_misc":{"Tiempo de lectura":"1 minuto"},"schema":{"@context":"https:\/\/schema.org","@graph":[{"@type":"WebPage","@id":"https:\/\/www.maresmefilmfestival.com\/es\/jurado-2023\/sergi-pompermayer\/","url":"https:\/\/www.maresmefilmfestival.com\/es\/jurado-2023\/sergi-pompermayer\/","name":"Sergi Pompermayer - Calella Film Festival","isPartOf":{"@id":"https:\/\/www.maresmefilmfestival.com\/es\/#website"},"datePublished":"2023-10-18T10:36:30+00:00","dateModified":"2023-10-18T10:40:23+00:00","breadcrumb":{"@id":"https:\/\/www.maresmefilmfestival.com\/es\/jurado-2023\/sergi-pompermayer\/#breadcrumb"},"inLanguage":"es","potentialAction":[{"@type":"ReadAction","target":["https:\/\/www.maresmefilmfestival.com\/es\/jurado-2023\/sergi-pompermayer\/"]}]},{"@type":"BreadcrumbList","@id":"https:\/\/www.maresmefilmfestival.com\/es\/jurado-2023\/sergi-pompermayer\/#breadcrumb","itemListElement":[{"@type":"ListItem","position":1,"name":"Portada","item":"https:\/\/www.maresmefilmfestival.com\/es\/"},{"@type":"ListItem","position":2,"name":"Jurado 2023","item":"https:\/\/www.maresmefilmfestival.com\/es\/jurado-2023\/"},{"@type":"ListItem","position":3,"name":"Sergi Pompermayer"}]},{"@type":"WebSite","@id":"https:\/\/www.maresmefilmfestival.com\/es\/#website","url":"https:\/\/www.maresmefilmfestival.com\/es\/","name":"Calella Film Festival","description":"Festival de Cinema","potentialAction":[{"@type":"SearchAction","target":{"@type":"EntryPoint","urlTemplate":"https:\/\/www.maresmefilmfestival.com\/es\/?s={search_term_string}"},"query-input":{"@type":"PropertyValueSpecification","valueRequired":true,"valueName":"search_term_string"}}],"inLanguage":"es"}]}},"_links":{"self":[{"href":"https:\/\/www.maresmefilmfestival.com\/es\/wp-json\/wp\/v2\/pages\/10014","targetHints":{"allow":["GET"]}}],"collection":[{"href":"https:\/\/www.maresmefilmfestival.com\/es\/wp-json\/wp\/v2\/pages"}],"about":[{"href":"https:\/\/www.maresmefilmfestival.com\/es\/wp-json\/wp\/v2\/types\/page"}],"author":[{"embeddable":true,"href":"https:\/\/www.maresmefilmfestival.com\/es\/wp-json\/wp\/v2\/users\/1"}],"replies":[{"embeddable":true,"href":"https:\/\/www.maresmefilmfestival.com\/es\/wp-json\/wp\/v2\/comments?post=10014"}],"version-history":[{"count":0,"href":"https:\/\/www.maresmefilmfestival.com\/es\/wp-json\/wp\/v2\/pages\/10014\/revisions"}],"up":[{"embeddable":true,"href":"https:\/\/www.maresmefilmfestival.com\/es\/wp-json\/wp\/v2\/pages\/9967"}],"wp:attachment":[{"href":"https:\/\/www.maresmefilmfestival.com\/es\/wp-json\/wp\/v2\/media?parent=10014"}],"curies":[{"name":"wp","href":"https:\/\/api.w.org\/{rel}","templated":true}]}}