{"id":8042,"date":"2020-09-07T10:36:53","date_gmt":"2020-09-07T09:36:53","guid":{"rendered":"http:\/\/www.maresmefilmfestival.com\/?page_id=8042"},"modified":"2020-09-07T10:36:53","modified_gmt":"2020-09-07T09:36:53","slug":"historias-de-ajedrez","status":"publish","type":"page","link":"https:\/\/www.maresmefilmfestival.com\/en\/historias-de-ajedrez\/","title":{"rendered":"Historias de ajedrez"},"content":{"rendered":"<div class=\"wpb-content-wrapper\"><p>[vc_row][vc_column width=&#8221;1\/4&#8243;][vc_single_image image=&#8221;7963&#8243; img_size=&#8221;medium&#8221;][\/vc_column][vc_column width=&#8221;3\/4&#8243;][vc_column_text]<strong>Historias de ajedrez<\/strong><\/p>\n<p>Ra\u00fal is a chess teacher, jazz player, street player, and gambler. She maintains a tense relationship with her ex, Rachel, and Fernando, her son\u2019s stepfather. Osdalgia Vidaux is a Santiago Grand Master, a devout Christian and mother of a family. The National Championship is celebrated and she has to beat her rival, if she wants to participate in the World Cup. Pedro and Pablo are 11-year-old children who, thanks to the game, become friends in 1966, due to the reigning fury in the country for the celebration of the Chess Olympics in Havana. 52 years later, they are two old diabetics and disabled. Pablo&#8217;s daughter comes from Havana to Santiago to take her father, thus, putting an end to so many years of chess hobby between the two friends.[\/vc_column_text][\/vc_column][\/vc_row][vc_row][vc_column width=&#8221;1\/2&#8243;][vc_column_text]<\/p>\n<h3 style=\"text-align: justify;\"><strong><span style=\"color: #d3ab1d;\">General Information<\/span><\/strong><\/h3>\n<p class=\"p1\"><strong>Original title <\/strong>Historias de ajedrez<\/p>\n<p class=\"p1\"><b>Year\u00a0<\/b>2019<\/p>\n<p class=\"p1\"><strong>Run time<\/strong>\u00a076 minutes<\/p>\n<p class=\"p1\"><b>Country <\/b>Cuba<\/p>\n<p class=\"p1\"><strong>Direction<\/strong>\u00a0Emmanuel Mart\u00edn<\/p>\n<p class=\"p1\"><strong>Screenwriter <\/strong>Emmanuel Mart\u00edn<\/p>\n<p class=\"p1\"><strong>Cinematography\u00a0<\/strong><\/p>\n<p class=\"p1\"><strong>Cast <\/strong>Adela Legr\u00e1, Jorge Molina, Neisy Alpizar, Ra\u00fal G\u00f3mez, B\u00e1rbara Rodr\u00edguez, Laura Ferrer, Yara Gonz\u00e1lez, Jos\u00e9 Emigdio Pini, Mateos Pazos, Alberto Juantorena, Manuel Enr\u00edquez<\/p>\n<p class=\"p1\"><strong>Language<\/strong>\u00a0Spanish<\/p>\n<p class=\"p1\"><strong>Producer <\/strong>Emmanuel Mart\u00edn<\/p>\n<p>[\/vc_column_text][\/vc_column][vc_column width=&#8221;1\/2&#8243;][vc_column_text]<\/p>\n<h3 style=\"text-align: justify;\"><strong><span style=\"color: #d3ab1d;\">Genre<\/span><\/strong><\/h3>\n<p class=\"p1\"><b>Genre\u00a0<\/b>Drama<\/p>\n<h3><strong><span style=\"color: #d3ab1d;\">Trailer<\/span><\/strong><\/h3>\n<p>[\/vc_column_text][vc_video link=&#8221;https:\/\/youtu.be\/i-ootSoRbe0&#8243;][\/vc_column][\/vc_row]<\/p>\n<\/div>","protected":false},"excerpt":{"rendered":"<p>[vc_row][vc_column width=&#8221;1\/4&#8243;][vc_single_image image=&#8221;7963&#8243; img_size=&#8221;medium&#8221;][\/vc_column][vc_column width=&#8221;3\/4&#8243;][vc_column_text]Historias de ajedrez Ra\u00fal is a chess teacher, jazz player, street player, and gambler. She maintains a tense relationship with her ex, Rachel, and Fernando, her [&hellip;]<\/p>\n","protected":false},"author":1,"featured_media":0,"parent":0,"menu_order":0,"comment_status":"closed","ping_status":"closed","template":"","meta":{"footnotes":""},"class_list":["post-8042","page","type-page","status-publish","hentry"],"yoast_head":"<!-- This site is optimized with the Yoast SEO plugin v27.5 - https:\/\/yoast.com\/product\/yoast-seo-wordpress\/ -->\n<title>Historias de ajedrez - Maresme Film Festival<\/title>\n<meta name=\"robots\" content=\"index, follow, max-snippet:-1, max-image-preview:large, max-video-preview:-1\" \/>\n<link rel=\"canonical\" href=\"https:\/\/www.maresmefilmfestival.com\/en\/historias-de-ajedrez\/\" \/>\n<meta property=\"og:locale\" content=\"en_US\" \/>\n<meta property=\"og:type\" content=\"article\" \/>\n<meta property=\"og:title\" content=\"Historias de ajedrez - Maresme Film Festival\" \/>\n<meta property=\"og:description\" content=\"[vc_row][vc_column width=&#8221;1\/4&#8243;][vc_single_image image=&#8221;7963&#8243; img_size=&#8221;medium&#8221;][\/vc_column][vc_column width=&#8221;3\/4&#8243;][vc_column_text]Historias de ajedrez Ra\u00fal is a chess teacher, jazz player, street player, and gambler. She maintains a tense relationship with her ex, Rachel, and Fernando, her [&hellip;]\" \/>\n<meta property=\"og:url\" content=\"https:\/\/www.maresmefilmfestival.com\/en\/historias-de-ajedrez\/\" \/>\n<meta property=\"og:site_name\" content=\"Maresme Film Festival\" \/>\n<meta property=\"article:publisher\" content=\"https:\/\/www.facebook.com\/Festival-de-Cinema-de-Calella-536425489872034\/?ref=hl\" \/>\n<meta name=\"twitter:card\" content=\"summary_large_image\" \/>\n<meta name=\"twitter:site\" content=\"@CalellaFilmFest\" \/>\n<meta name=\"twitter:label1\" content=\"Est. reading time\" \/>\n\t<meta name=\"twitter:data1\" content=\"1 minute\" \/>\n<script type=\"application\/ld+json\" class=\"yoast-schema-graph\">{\"@context\":\"https:\\\/\\\/schema.org\",\"@graph\":[{\"@type\":\"WebPage\",\"@id\":\"https:\\\/\\\/www.maresmefilmfestival.com\\\/en\\\/historias-de-ajedrez\\\/\",\"url\":\"https:\\\/\\\/www.maresmefilmfestival.com\\\/en\\\/historias-de-ajedrez\\\/\",\"name\":\"Historias de ajedrez - Maresme Film Festival\",\"isPartOf\":{\"@id\":\"https:\\\/\\\/www.maresmefilmfestival.com\\\/en\\\/#website\"},\"datePublished\":\"2020-09-07T09:36:53+00:00\",\"breadcrumb\":{\"@id\":\"https:\\\/\\\/www.maresmefilmfestival.com\\\/en\\\/historias-de-ajedrez\\\/#breadcrumb\"},\"inLanguage\":\"en-US\",\"potentialAction\":[{\"@type\":\"ReadAction\",\"target\":[\"https:\\\/\\\/www.maresmefilmfestival.com\\\/en\\\/historias-de-ajedrez\\\/\"]}]},{\"@type\":\"BreadcrumbList\",\"@id\":\"https:\\\/\\\/www.maresmefilmfestival.com\\\/en\\\/historias-de-ajedrez\\\/#breadcrumb\",\"itemListElement\":[{\"@type\":\"ListItem\",\"position\":1,\"name\":\"Portada\",\"item\":\"https:\\\/\\\/www.maresmefilmfestival.com\\\/en\\\/\"},{\"@type\":\"ListItem\",\"position\":2,\"name\":\"Historias de ajedrez\"}]},{\"@type\":\"WebSite\",\"@id\":\"https:\\\/\\\/www.maresmefilmfestival.com\\\/en\\\/#website\",\"url\":\"https:\\\/\\\/www.maresmefilmfestival.com\\\/en\\\/\",\"name\":\"Maresme Film Festival\",\"description\":\"\",\"potentialAction\":[{\"@type\":\"SearchAction\",\"target\":{\"@type\":\"EntryPoint\",\"urlTemplate\":\"https:\\\/\\\/www.maresmefilmfestival.com\\\/en\\\/?s={search_term_string}\"},\"query-input\":{\"@type\":\"PropertyValueSpecification\",\"valueRequired\":true,\"valueName\":\"search_term_string\"}}],\"inLanguage\":\"en-US\"}]}<\/script>\n<!-- \/ Yoast SEO plugin. -->","yoast_head_json":{"title":"Historias de ajedrez - Maresme Film Festival","robots":{"index":"index","follow":"follow","max-snippet":"max-snippet:-1","max-image-preview":"max-image-preview:large","max-video-preview":"max-video-preview:-1"},"canonical":"https:\/\/www.maresmefilmfestival.com\/en\/historias-de-ajedrez\/","og_locale":"en_US","og_type":"article","og_title":"Historias de ajedrez - Maresme Film Festival","og_description":"[vc_row][vc_column width=&#8221;1\/4&#8243;][vc_single_image image=&#8221;7963&#8243; img_size=&#8221;medium&#8221;][\/vc_column][vc_column width=&#8221;3\/4&#8243;][vc_column_text]Historias de ajedrez Ra\u00fal is a chess teacher, jazz player, street player, and gambler. She maintains a tense relationship with her ex, Rachel, and Fernando, her [&hellip;]","og_url":"https:\/\/www.maresmefilmfestival.com\/en\/historias-de-ajedrez\/","og_site_name":"Maresme Film Festival","article_publisher":"https:\/\/www.facebook.com\/Festival-de-Cinema-de-Calella-536425489872034\/?ref=hl","twitter_card":"summary_large_image","twitter_site":"@CalellaFilmFest","twitter_misc":{"Est. reading time":"1 minute"},"schema":{"@context":"https:\/\/schema.org","@graph":[{"@type":"WebPage","@id":"https:\/\/www.maresmefilmfestival.com\/en\/historias-de-ajedrez\/","url":"https:\/\/www.maresmefilmfestival.com\/en\/historias-de-ajedrez\/","name":"Historias de ajedrez - Maresme Film Festival","isPartOf":{"@id":"https:\/\/www.maresmefilmfestival.com\/en\/#website"},"datePublished":"2020-09-07T09:36:53+00:00","breadcrumb":{"@id":"https:\/\/www.maresmefilmfestival.com\/en\/historias-de-ajedrez\/#breadcrumb"},"inLanguage":"en-US","potentialAction":[{"@type":"ReadAction","target":["https:\/\/www.maresmefilmfestival.com\/en\/historias-de-ajedrez\/"]}]},{"@type":"BreadcrumbList","@id":"https:\/\/www.maresmefilmfestival.com\/en\/historias-de-ajedrez\/#breadcrumb","itemListElement":[{"@type":"ListItem","position":1,"name":"Portada","item":"https:\/\/www.maresmefilmfestival.com\/en\/"},{"@type":"ListItem","position":2,"name":"Historias de ajedrez"}]},{"@type":"WebSite","@id":"https:\/\/www.maresmefilmfestival.com\/en\/#website","url":"https:\/\/www.maresmefilmfestival.com\/en\/","name":"Maresme Film Festival","description":"","potentialAction":[{"@type":"SearchAction","target":{"@type":"EntryPoint","urlTemplate":"https:\/\/www.maresmefilmfestival.com\/en\/?s={search_term_string}"},"query-input":{"@type":"PropertyValueSpecification","valueRequired":true,"valueName":"search_term_string"}}],"inLanguage":"en-US"}]}},"_links":{"self":[{"href":"https:\/\/www.maresmefilmfestival.com\/en\/wp-json\/wp\/v2\/pages\/8042","targetHints":{"allow":["GET"]}}],"collection":[{"href":"https:\/\/www.maresmefilmfestival.com\/en\/wp-json\/wp\/v2\/pages"}],"about":[{"href":"https:\/\/www.maresmefilmfestival.com\/en\/wp-json\/wp\/v2\/types\/page"}],"author":[{"embeddable":true,"href":"https:\/\/www.maresmefilmfestival.com\/en\/wp-json\/wp\/v2\/users\/1"}],"replies":[{"embeddable":true,"href":"https:\/\/www.maresmefilmfestival.com\/en\/wp-json\/wp\/v2\/comments?post=8042"}],"version-history":[{"count":0,"href":"https:\/\/www.maresmefilmfestival.com\/en\/wp-json\/wp\/v2\/pages\/8042\/revisions"}],"wp:attachment":[{"href":"https:\/\/www.maresmefilmfestival.com\/en\/wp-json\/wp\/v2\/media?parent=8042"}],"curies":[{"name":"wp","href":"https:\/\/api.w.org\/{rel}","templated":true}]}}