{"id":7128,"date":"2019-05-13T09:59:39","date_gmt":"2019-05-13T08:59:39","guid":{"rendered":"http:\/\/www.maresmefilmfestival.com\/?page_id=7128"},"modified":"2019-05-13T09:59:39","modified_gmt":"2019-05-13T08:59:39","slug":"gisela-krenn","status":"publish","type":"page","link":"https:\/\/www.maresmefilmfestival.com\/en\/jury-2019\/gisela-krenn\/","title":{"rendered":"Gisela Krenn"},"content":{"rendered":"<div class=\"wpb-content-wrapper\"><p>[vc_row][vc_column][vc_column_text]<br \/>\n[\/vc_column_text][vc_single_image image=&#8221;7119&#8243; img_size=&#8221;full&#8221;][vc_column_text]<\/p>\n<h3 style=\"text-align: justify;\"><strong><span style=\"color: #d3ab1d;\">Gisela Krenn <\/span><\/strong><\/h3>\n<p><P ALIGN=\"justify\">Gisela Krenn studied at the Theater Institute and is currently <strong>director of the Theater School.<\/strong><\/p>\n<p><P ALIGN=\"justify\">She began her career as an actress and <strong>has ended up focusing on the profession of casting director<\/strong> both in film and television. For TV3, he was in charge of the casting of series such as &#8220;Kubala, Moreno i Manch\u00f3n&#8221; (2011 to 2014), &#8220;Infidels&#8221; (2009-2011), &#8220;Ventdelpl\u00e0&#8221; (2005-2010), which reached 202 episodes, or &#8221; M\u00e9s dinamita &#8220;(Series 2010). She was also casting director on the Netflix TV serie \u201cSi no t\u2019hagu\u00e9s conegut\u201d and the TV serie \u201cBenvinguts a la familia\u201d.<\/p>\n<p><P ALIGN=\"justify\"><strong>As an actress, she participated in films<\/strong> such as &#8220;Lola&#8221; by Bigas Luna. And as a <strong>casting director she participated in<\/strong> &#8220;Escenes d&#8217;un orgia a Formentera&#8221; (1996), &#8220;Blackout&#8221; (2008) or &#8220;Monturiol, el se\u00f1or del mar&#8221; (1993).[\/vc_column_text][\/vc_column][\/vc_row]<\/p>\n<\/div>","protected":false},"excerpt":{"rendered":"<p>[vc_row][vc_column][vc_column_text] [\/vc_column_text][vc_single_image image=&#8221;7119&#8243; img_size=&#8221;full&#8221;][vc_column_text] Gisela Krenn Gisela Krenn studied at the Theater Institute and is currently director of the Theater School. She began her career as an actress and has [&hellip;]<\/p>\n","protected":false},"author":1,"featured_media":0,"parent":7083,"menu_order":0,"comment_status":"closed","ping_status":"closed","template":"","meta":{"footnotes":""},"class_list":["post-7128","page","type-page","status-publish","hentry"],"yoast_head":"<!-- This site is optimized with the Yoast SEO plugin v27.4 - https:\/\/yoast.com\/product\/yoast-seo-wordpress\/ -->\n<title>Gisela Krenn - Maresme Film Festival<\/title>\n<meta name=\"robots\" content=\"index, follow, max-snippet:-1, max-image-preview:large, max-video-preview:-1\" \/>\n<link rel=\"canonical\" href=\"https:\/\/www.maresmefilmfestival.com\/en\/jury-2019\/gisela-krenn\/\" \/>\n<meta property=\"og:locale\" content=\"en_US\" \/>\n<meta property=\"og:type\" content=\"article\" \/>\n<meta property=\"og:title\" content=\"Gisela Krenn - Maresme Film Festival\" \/>\n<meta property=\"og:description\" content=\"[vc_row][vc_column][vc_column_text] [\/vc_column_text][vc_single_image image=&#8221;7119&#8243; img_size=&#8221;full&#8221;][vc_column_text] Gisela Krenn Gisela Krenn studied at the Theater Institute and is currently director of the Theater School. She began her career as an actress and has [&hellip;]\" \/>\n<meta property=\"og:url\" content=\"https:\/\/www.maresmefilmfestival.com\/en\/jury-2019\/gisela-krenn\/\" \/>\n<meta property=\"og:site_name\" content=\"Maresme Film Festival\" \/>\n<meta property=\"article:publisher\" content=\"https:\/\/www.facebook.com\/Festival-de-Cinema-de-Calella-536425489872034\/?ref=hl\" \/>\n<meta name=\"twitter:card\" content=\"summary_large_image\" \/>\n<meta name=\"twitter:site\" content=\"@CalellaFilmFest\" \/>\n<meta name=\"twitter:label1\" content=\"Est. reading time\" \/>\n\t<meta name=\"twitter:data1\" content=\"1 minute\" \/>\n<script type=\"application\/ld+json\" class=\"yoast-schema-graph\">{\"@context\":\"https:\\\/\\\/schema.org\",\"@graph\":[{\"@type\":\"WebPage\",\"@id\":\"https:\\\/\\\/www.maresmefilmfestival.com\\\/en\\\/jury-2019\\\/gisela-krenn\\\/\",\"url\":\"https:\\\/\\\/www.maresmefilmfestival.com\\\/en\\\/jury-2019\\\/gisela-krenn\\\/\",\"name\":\"Gisela Krenn - Maresme Film Festival\",\"isPartOf\":{\"@id\":\"https:\\\/\\\/www.maresmefilmfestival.com\\\/en\\\/#website\"},\"datePublished\":\"2019-05-13T08:59:39+00:00\",\"breadcrumb\":{\"@id\":\"https:\\\/\\\/www.maresmefilmfestival.com\\\/en\\\/jury-2019\\\/gisela-krenn\\\/#breadcrumb\"},\"inLanguage\":\"en-US\",\"potentialAction\":[{\"@type\":\"ReadAction\",\"target\":[\"https:\\\/\\\/www.maresmefilmfestival.com\\\/en\\\/jury-2019\\\/gisela-krenn\\\/\"]}]},{\"@type\":\"BreadcrumbList\",\"@id\":\"https:\\\/\\\/www.maresmefilmfestival.com\\\/en\\\/jury-2019\\\/gisela-krenn\\\/#breadcrumb\",\"itemListElement\":[{\"@type\":\"ListItem\",\"position\":1,\"name\":\"Portada\",\"item\":\"https:\\\/\\\/www.maresmefilmfestival.com\\\/en\\\/\"},{\"@type\":\"ListItem\",\"position\":2,\"name\":\"Jury 2019\",\"item\":\"https:\\\/\\\/www.maresmefilmfestival.com\\\/en\\\/jury-2019\\\/\"},{\"@type\":\"ListItem\",\"position\":3,\"name\":\"Gisela Krenn\"}]},{\"@type\":\"WebSite\",\"@id\":\"https:\\\/\\\/www.maresmefilmfestival.com\\\/en\\\/#website\",\"url\":\"https:\\\/\\\/www.maresmefilmfestival.com\\\/en\\\/\",\"name\":\"Maresme Film Festival\",\"description\":\"\",\"potentialAction\":[{\"@type\":\"SearchAction\",\"target\":{\"@type\":\"EntryPoint\",\"urlTemplate\":\"https:\\\/\\\/www.maresmefilmfestival.com\\\/en\\\/?s={search_term_string}\"},\"query-input\":{\"@type\":\"PropertyValueSpecification\",\"valueRequired\":true,\"valueName\":\"search_term_string\"}}],\"inLanguage\":\"en-US\"}]}<\/script>\n<!-- \/ Yoast SEO plugin. -->","yoast_head_json":{"title":"Gisela Krenn - Maresme Film Festival","robots":{"index":"index","follow":"follow","max-snippet":"max-snippet:-1","max-image-preview":"max-image-preview:large","max-video-preview":"max-video-preview:-1"},"canonical":"https:\/\/www.maresmefilmfestival.com\/en\/jury-2019\/gisela-krenn\/","og_locale":"en_US","og_type":"article","og_title":"Gisela Krenn - Maresme Film Festival","og_description":"[vc_row][vc_column][vc_column_text] [\/vc_column_text][vc_single_image image=&#8221;7119&#8243; img_size=&#8221;full&#8221;][vc_column_text] Gisela Krenn Gisela Krenn studied at the Theater Institute and is currently director of the Theater School. She began her career as an actress and has [&hellip;]","og_url":"https:\/\/www.maresmefilmfestival.com\/en\/jury-2019\/gisela-krenn\/","og_site_name":"Maresme Film Festival","article_publisher":"https:\/\/www.facebook.com\/Festival-de-Cinema-de-Calella-536425489872034\/?ref=hl","twitter_card":"summary_large_image","twitter_site":"@CalellaFilmFest","twitter_misc":{"Est. reading time":"1 minute"},"schema":{"@context":"https:\/\/schema.org","@graph":[{"@type":"WebPage","@id":"https:\/\/www.maresmefilmfestival.com\/en\/jury-2019\/gisela-krenn\/","url":"https:\/\/www.maresmefilmfestival.com\/en\/jury-2019\/gisela-krenn\/","name":"Gisela Krenn - Maresme Film Festival","isPartOf":{"@id":"https:\/\/www.maresmefilmfestival.com\/en\/#website"},"datePublished":"2019-05-13T08:59:39+00:00","breadcrumb":{"@id":"https:\/\/www.maresmefilmfestival.com\/en\/jury-2019\/gisela-krenn\/#breadcrumb"},"inLanguage":"en-US","potentialAction":[{"@type":"ReadAction","target":["https:\/\/www.maresmefilmfestival.com\/en\/jury-2019\/gisela-krenn\/"]}]},{"@type":"BreadcrumbList","@id":"https:\/\/www.maresmefilmfestival.com\/en\/jury-2019\/gisela-krenn\/#breadcrumb","itemListElement":[{"@type":"ListItem","position":1,"name":"Portada","item":"https:\/\/www.maresmefilmfestival.com\/en\/"},{"@type":"ListItem","position":2,"name":"Jury 2019","item":"https:\/\/www.maresmefilmfestival.com\/en\/jury-2019\/"},{"@type":"ListItem","position":3,"name":"Gisela Krenn"}]},{"@type":"WebSite","@id":"https:\/\/www.maresmefilmfestival.com\/en\/#website","url":"https:\/\/www.maresmefilmfestival.com\/en\/","name":"Maresme Film Festival","description":"","potentialAction":[{"@type":"SearchAction","target":{"@type":"EntryPoint","urlTemplate":"https:\/\/www.maresmefilmfestival.com\/en\/?s={search_term_string}"},"query-input":{"@type":"PropertyValueSpecification","valueRequired":true,"valueName":"search_term_string"}}],"inLanguage":"en-US"}]}},"_links":{"self":[{"href":"https:\/\/www.maresmefilmfestival.com\/en\/wp-json\/wp\/v2\/pages\/7128","targetHints":{"allow":["GET"]}}],"collection":[{"href":"https:\/\/www.maresmefilmfestival.com\/en\/wp-json\/wp\/v2\/pages"}],"about":[{"href":"https:\/\/www.maresmefilmfestival.com\/en\/wp-json\/wp\/v2\/types\/page"}],"author":[{"embeddable":true,"href":"https:\/\/www.maresmefilmfestival.com\/en\/wp-json\/wp\/v2\/users\/1"}],"replies":[{"embeddable":true,"href":"https:\/\/www.maresmefilmfestival.com\/en\/wp-json\/wp\/v2\/comments?post=7128"}],"version-history":[{"count":0,"href":"https:\/\/www.maresmefilmfestival.com\/en\/wp-json\/wp\/v2\/pages\/7128\/revisions"}],"up":[{"embeddable":true,"href":"https:\/\/www.maresmefilmfestival.com\/en\/wp-json\/wp\/v2\/pages\/7083"}],"wp:attachment":[{"href":"https:\/\/www.maresmefilmfestival.com\/en\/wp-json\/wp\/v2\/media?parent=7128"}],"curies":[{"name":"wp","href":"https:\/\/api.w.org\/{rel}","templated":true}]}}