{"id":4898,"date":"2018-05-10T07:54:08","date_gmt":"2018-05-10T06:54:08","guid":{"rendered":"http:\/\/www.maresmefilmfestival.com\/?page_id=4898"},"modified":"2018-05-10T07:54:08","modified_gmt":"2018-05-10T06:54:08","slug":"juana-martinez","status":"publish","type":"page","link":"https:\/\/www.maresmefilmfestival.com\/en\/the-festival\/juries\/juana-martinez\/","title":{"rendered":"Juana Mart\u00ednez"},"content":{"rendered":"<div class=\"wpb-content-wrapper\"><p>[vc_row][vc_column][vc_column_text]<br \/>\n[\/vc_column_text][vc_single_image image=&#8221;4892&#8243; img_size=&#8221;full&#8221;][vc_column_text]<\/p>\n<h3 style=\"text-align: justify;\"><strong><span style=\"color: #d3ab1d;\">Juana Mart\u00ednez <\/span><\/strong><\/h3>\n<p style=\"text-align: justify;\"><strong>Director of casting<\/strong><\/p>\n<p>Juana Mart\u00ednez firector of casting of films and successful TV shows among them &#8220;Oro&#8221; directed by Agust\u00edn D\u00edaz Yanes, &#8220;Con el culo al aire&#8221;, &#8220;Cuerpo de \u00e9lite&#8221;, &#8220;Que dios nos perdone&#8221;,\u2026<\/p>\n<h4 style=\"text-align: justify;\"><strong><span style=\"color: #d3ab1d;\">Movies<\/span><\/strong><\/h4>\n<p>Oro (2017)<br \/>\nToc Toc (2017)<br \/>\nSe\u00f1or, dame paciencia (2017)<br \/>\nLa niebla y la doncella (2017)<br \/>\nZona hostil (2017)<br \/>\nQue Dios nos perdone (2016)<br \/>\nCuerpo de \u00e9lite (2016)<br \/>\nEl preg\u00f3n (2015)<br \/>\nBarcelona, nit d&#8217;hivern  (2015)<br \/>\nLos mi\u00e9rcoles no existen (2015)<br \/>\nAnacleto: Agente secreto (2015)<br \/>\nPurgatorio (2014)<br \/>\nTres bodas de m\u00e1s (2013)<br \/>\nPromoci\u00f3n fantasma (2012)<br \/>\nSpanish Movie (2010)<\/p>\n<h4 style=\"text-align: justify;\"><strong><span style=\"color: #d3ab1d;\">TV shows<\/span><\/strong><\/h4>\n<p>Cuerpo de \u00e9lite (2018)<br \/>\nOlmos y Robles (2015-2016)<br \/>\nCon el culo al aire (2012-2014)<br \/>\nCamera caf\u00e9 (2005-2009)<br \/>\nManolito Gafotas (2004) <\/p>\n<p>[\/vc_column_text][\/vc_column][\/vc_row]<\/p>\n<\/div>","protected":false},"excerpt":{"rendered":"<p>[vc_row][vc_column][vc_column_text] [\/vc_column_text][vc_single_image image=&#8221;4892&#8243; img_size=&#8221;full&#8221;][vc_column_text] Juana Mart\u00ednez Director of casting Juana Mart\u00ednez firector of casting of films and successful TV shows among them &#8220;Oro&#8221; directed by Agust\u00edn D\u00edaz Yanes, &#8220;Con el [&hellip;]<\/p>\n","protected":false},"author":1,"featured_media":0,"parent":2680,"menu_order":0,"comment_status":"closed","ping_status":"closed","template":"","meta":{"footnotes":""},"class_list":["post-4898","page","type-page","status-publish","hentry"],"yoast_head":"<!-- This site is optimized with the Yoast SEO plugin v27.4 - https:\/\/yoast.com\/product\/yoast-seo-wordpress\/ -->\n<title>Juana Mart\u00ednez - Maresme Film Festival<\/title>\n<meta name=\"robots\" content=\"index, follow, max-snippet:-1, max-image-preview:large, max-video-preview:-1\" \/>\n<link rel=\"canonical\" href=\"https:\/\/www.maresmefilmfestival.com\/en\/the-festival\/juries\/juana-martinez\/\" \/>\n<meta property=\"og:locale\" content=\"en_US\" \/>\n<meta property=\"og:type\" content=\"article\" \/>\n<meta property=\"og:title\" content=\"Juana Mart\u00ednez - Maresme Film Festival\" \/>\n<meta property=\"og:description\" content=\"[vc_row][vc_column][vc_column_text] [\/vc_column_text][vc_single_image image=&#8221;4892&#8243; img_size=&#8221;full&#8221;][vc_column_text] Juana Mart\u00ednez Director of casting Juana Mart\u00ednez firector of casting of films and successful TV shows among them &#8220;Oro&#8221; directed by Agust\u00edn D\u00edaz Yanes, &#8220;Con el [&hellip;]\" \/>\n<meta property=\"og:url\" content=\"https:\/\/www.maresmefilmfestival.com\/en\/the-festival\/juries\/juana-martinez\/\" \/>\n<meta property=\"og:site_name\" content=\"Maresme Film Festival\" \/>\n<meta property=\"article:publisher\" content=\"https:\/\/www.facebook.com\/Festival-de-Cinema-de-Calella-536425489872034\/?ref=hl\" \/>\n<meta name=\"twitter:card\" content=\"summary_large_image\" \/>\n<meta name=\"twitter:site\" content=\"@CalellaFilmFest\" \/>\n<meta name=\"twitter:label1\" content=\"Est. reading time\" \/>\n\t<meta name=\"twitter:data1\" content=\"1 minute\" \/>\n<script type=\"application\/ld+json\" class=\"yoast-schema-graph\">{\"@context\":\"https:\\\/\\\/schema.org\",\"@graph\":[{\"@type\":\"WebPage\",\"@id\":\"https:\\\/\\\/www.maresmefilmfestival.com\\\/en\\\/the-festival\\\/juries\\\/juana-martinez\\\/\",\"url\":\"https:\\\/\\\/www.maresmefilmfestival.com\\\/en\\\/the-festival\\\/juries\\\/juana-martinez\\\/\",\"name\":\"Juana Mart\u00ednez - Maresme Film Festival\",\"isPartOf\":{\"@id\":\"https:\\\/\\\/www.maresmefilmfestival.com\\\/en\\\/#website\"},\"datePublished\":\"2018-05-10T06:54:08+00:00\",\"breadcrumb\":{\"@id\":\"https:\\\/\\\/www.maresmefilmfestival.com\\\/en\\\/the-festival\\\/juries\\\/juana-martinez\\\/#breadcrumb\"},\"inLanguage\":\"en-US\",\"potentialAction\":[{\"@type\":\"ReadAction\",\"target\":[\"https:\\\/\\\/www.maresmefilmfestival.com\\\/en\\\/the-festival\\\/juries\\\/juana-martinez\\\/\"]}]},{\"@type\":\"BreadcrumbList\",\"@id\":\"https:\\\/\\\/www.maresmefilmfestival.com\\\/en\\\/the-festival\\\/juries\\\/juana-martinez\\\/#breadcrumb\",\"itemListElement\":[{\"@type\":\"ListItem\",\"position\":1,\"name\":\"Portada\",\"item\":\"https:\\\/\\\/www.maresmefilmfestival.com\\\/en\\\/\"},{\"@type\":\"ListItem\",\"position\":2,\"name\":\"The Festival\",\"item\":\"https:\\\/\\\/www.maresmefilmfestival.com\\\/en\\\/the-festival\\\/\"},{\"@type\":\"ListItem\",\"position\":3,\"name\":\"JURIES\",\"item\":\"https:\\\/\\\/www.maresmefilmfestival.com\\\/en\\\/the-festival\\\/juries\\\/\"},{\"@type\":\"ListItem\",\"position\":4,\"name\":\"Juana Mart\u00ednez\"}]},{\"@type\":\"WebSite\",\"@id\":\"https:\\\/\\\/www.maresmefilmfestival.com\\\/en\\\/#website\",\"url\":\"https:\\\/\\\/www.maresmefilmfestival.com\\\/en\\\/\",\"name\":\"Maresme Film Festival\",\"description\":\"\",\"potentialAction\":[{\"@type\":\"SearchAction\",\"target\":{\"@type\":\"EntryPoint\",\"urlTemplate\":\"https:\\\/\\\/www.maresmefilmfestival.com\\\/en\\\/?s={search_term_string}\"},\"query-input\":{\"@type\":\"PropertyValueSpecification\",\"valueRequired\":true,\"valueName\":\"search_term_string\"}}],\"inLanguage\":\"en-US\"}]}<\/script>\n<!-- \/ Yoast SEO plugin. -->","yoast_head_json":{"title":"Juana Mart\u00ednez - Maresme Film Festival","robots":{"index":"index","follow":"follow","max-snippet":"max-snippet:-1","max-image-preview":"max-image-preview:large","max-video-preview":"max-video-preview:-1"},"canonical":"https:\/\/www.maresmefilmfestival.com\/en\/the-festival\/juries\/juana-martinez\/","og_locale":"en_US","og_type":"article","og_title":"Juana Mart\u00ednez - Maresme Film Festival","og_description":"[vc_row][vc_column][vc_column_text] [\/vc_column_text][vc_single_image image=&#8221;4892&#8243; img_size=&#8221;full&#8221;][vc_column_text] Juana Mart\u00ednez Director of casting Juana Mart\u00ednez firector of casting of films and successful TV shows among them &#8220;Oro&#8221; directed by Agust\u00edn D\u00edaz Yanes, &#8220;Con el [&hellip;]","og_url":"https:\/\/www.maresmefilmfestival.com\/en\/the-festival\/juries\/juana-martinez\/","og_site_name":"Maresme Film Festival","article_publisher":"https:\/\/www.facebook.com\/Festival-de-Cinema-de-Calella-536425489872034\/?ref=hl","twitter_card":"summary_large_image","twitter_site":"@CalellaFilmFest","twitter_misc":{"Est. reading time":"1 minute"},"schema":{"@context":"https:\/\/schema.org","@graph":[{"@type":"WebPage","@id":"https:\/\/www.maresmefilmfestival.com\/en\/the-festival\/juries\/juana-martinez\/","url":"https:\/\/www.maresmefilmfestival.com\/en\/the-festival\/juries\/juana-martinez\/","name":"Juana Mart\u00ednez - Maresme Film Festival","isPartOf":{"@id":"https:\/\/www.maresmefilmfestival.com\/en\/#website"},"datePublished":"2018-05-10T06:54:08+00:00","breadcrumb":{"@id":"https:\/\/www.maresmefilmfestival.com\/en\/the-festival\/juries\/juana-martinez\/#breadcrumb"},"inLanguage":"en-US","potentialAction":[{"@type":"ReadAction","target":["https:\/\/www.maresmefilmfestival.com\/en\/the-festival\/juries\/juana-martinez\/"]}]},{"@type":"BreadcrumbList","@id":"https:\/\/www.maresmefilmfestival.com\/en\/the-festival\/juries\/juana-martinez\/#breadcrumb","itemListElement":[{"@type":"ListItem","position":1,"name":"Portada","item":"https:\/\/www.maresmefilmfestival.com\/en\/"},{"@type":"ListItem","position":2,"name":"The Festival","item":"https:\/\/www.maresmefilmfestival.com\/en\/the-festival\/"},{"@type":"ListItem","position":3,"name":"JURIES","item":"https:\/\/www.maresmefilmfestival.com\/en\/the-festival\/juries\/"},{"@type":"ListItem","position":4,"name":"Juana Mart\u00ednez"}]},{"@type":"WebSite","@id":"https:\/\/www.maresmefilmfestival.com\/en\/#website","url":"https:\/\/www.maresmefilmfestival.com\/en\/","name":"Maresme Film Festival","description":"","potentialAction":[{"@type":"SearchAction","target":{"@type":"EntryPoint","urlTemplate":"https:\/\/www.maresmefilmfestival.com\/en\/?s={search_term_string}"},"query-input":{"@type":"PropertyValueSpecification","valueRequired":true,"valueName":"search_term_string"}}],"inLanguage":"en-US"}]}},"_links":{"self":[{"href":"https:\/\/www.maresmefilmfestival.com\/en\/wp-json\/wp\/v2\/pages\/4898","targetHints":{"allow":["GET"]}}],"collection":[{"href":"https:\/\/www.maresmefilmfestival.com\/en\/wp-json\/wp\/v2\/pages"}],"about":[{"href":"https:\/\/www.maresmefilmfestival.com\/en\/wp-json\/wp\/v2\/types\/page"}],"author":[{"embeddable":true,"href":"https:\/\/www.maresmefilmfestival.com\/en\/wp-json\/wp\/v2\/users\/1"}],"replies":[{"embeddable":true,"href":"https:\/\/www.maresmefilmfestival.com\/en\/wp-json\/wp\/v2\/comments?post=4898"}],"version-history":[{"count":0,"href":"https:\/\/www.maresmefilmfestival.com\/en\/wp-json\/wp\/v2\/pages\/4898\/revisions"}],"up":[{"embeddable":true,"href":"https:\/\/www.maresmefilmfestival.com\/en\/wp-json\/wp\/v2\/pages\/2680"}],"wp:attachment":[{"href":"https:\/\/www.maresmefilmfestival.com\/en\/wp-json\/wp\/v2\/media?parent=4898"}],"curies":[{"name":"wp","href":"https:\/\/api.w.org\/{rel}","templated":true}]}}