{"id":4778,"date":"2018-03-21T12:33:38","date_gmt":"2018-03-21T11:33:38","guid":{"rendered":"http:\/\/www.maresmefilmfestival.com\/?page_id=4778"},"modified":"2018-06-11T18:26:56","modified_gmt":"2018-06-11T17:26:56","slug":"deseo-deseo","status":"publish","type":"page","link":"https:\/\/www.maresmefilmfestival.com\/en\/deseo-deseo\/","title":{"rendered":"Deseo Deseo"},"content":{"rendered":"<div class=\"wpb-content-wrapper\"><p>[vc_row][vc_column width=&#8221;1\/4&#8243;][vc_single_image image=&#8221;5347&#8243; img_size=&#8221;medium&#8221;][\/vc_column][vc_column width=&#8221;3\/4&#8243;][vc_column_text]<strong>Deseo Deseo<\/strong><\/p>\n<p>Five cousins discover a game at their recently deceased grandmother&#8217;s house: &#8220;Deseo, deseo&#8221;. Each participant must ask for three wishes; to be fulfilled, the game asks for a payment. If you do not comply, the game punishes you. What are you willing to lose in exchange for your deepest desires?[\/vc_column_text][\/vc_column][\/vc_row][vc_row][vc_column width=&#8221;1\/2&#8243;][vc_column_text]<\/p>\n<h3 style=\"text-align: justify;\"><strong><span style=\"color: #d3ab1d;\">General Data<\/span><\/strong><\/h3>\n<p class=\"p1\"><strong>Original title\u00a0<\/strong>Deseo Deseo<\/p>\n<p class=\"p1\"><b>Year of production\u00a0<\/b>2017<\/p>\n<p class=\"p1\"><strong>Duration<\/strong>\u00a082 minutes<\/p>\n<p class=\"p1\"><b>Country of production\u00a0<\/b>Mexico<\/p>\n<p class=\"p1\"><strong>Director<\/strong> Eduardo M. Clorio<\/p>\n<p class=\"p1\"><strong>Screenplay <\/strong>Pedro Guzm\u00e1n, Abraham Mancilla &amp; Eduardo M. Clorio<\/p>\n<p class=\"p1\"><strong>Photography <\/strong>C\u00e9sar Fuentes Cervantes<\/p>\n<p class=\"p1\"><strong>Cast\u00a0<\/strong>Israel Amescua, Charly Iv\u00e1n Mondrag\u00f3n, Jacobo Norma Mora, Weny Fitzgerald, Navarro M\u00e1rquez, George Karla Rodr\u00edguez, Ari<\/p>\n<p class=\"p1\"><strong>Language<\/strong>\u00a0Spanish<\/p>\n<p class=\"p1\"><strong>Production company\u00a0<\/strong>Errante Films<\/p>\n<p>[\/vc_column_text][\/vc_column][vc_column width=&#8221;1\/2&#8243;][vc_column_text]<\/p>\n<h3 style=\"text-align: justify;\"><strong><span style=\"color: #d3ab1d;\">Genre<\/span><\/strong><\/h3>\n<p class=\"p1\"><b>Genre\u00a0<\/b>Terror<\/p>\n<p class=\"p1\"><b>Category\u00a0<\/b>Fiction<\/p>\n<h3><\/h3>\n<h3><strong><span style=\"color: #d3ab1d;\">Trailer<\/span><\/strong><\/h3>\n<p>[\/vc_column_text][vc_video link=&#8221;https:\/\/youtu.be\/oCePNkFC0aw&#8221;][\/vc_column][\/vc_row]<\/p>\n<\/div>","protected":false},"excerpt":{"rendered":"<p>[vc_row][vc_column width=&#8221;1\/4&#8243;][vc_single_image image=&#8221;5347&#8243; img_size=&#8221;medium&#8221;][\/vc_column][vc_column width=&#8221;3\/4&#8243;][vc_column_text]Deseo Deseo Five cousins discover a game at their recently deceased grandmother&#8217;s house: &#8220;Deseo, deseo&#8221;. Each participant must ask for three wishes; to be fulfilled, the [&hellip;]<\/p>\n","protected":false},"author":1,"featured_media":0,"parent":0,"menu_order":0,"comment_status":"closed","ping_status":"closed","template":"","meta":{"footnotes":""},"class_list":["post-4778","page","type-page","status-publish","hentry"],"yoast_head":"<!-- This site is optimized with the Yoast SEO plugin v27.4 - https:\/\/yoast.com\/product\/yoast-seo-wordpress\/ -->\n<title>Deseo Deseo - Maresme Film Festival<\/title>\n<meta name=\"robots\" content=\"index, follow, max-snippet:-1, max-image-preview:large, max-video-preview:-1\" \/>\n<link rel=\"canonical\" href=\"https:\/\/www.maresmefilmfestival.com\/en\/deseo-deseo\/\" \/>\n<meta property=\"og:locale\" content=\"en_US\" \/>\n<meta property=\"og:type\" content=\"article\" \/>\n<meta property=\"og:title\" content=\"Deseo Deseo - Maresme Film Festival\" \/>\n<meta property=\"og:description\" content=\"[vc_row][vc_column width=&#8221;1\/4&#8243;][vc_single_image image=&#8221;5347&#8243; img_size=&#8221;medium&#8221;][\/vc_column][vc_column width=&#8221;3\/4&#8243;][vc_column_text]Deseo Deseo Five cousins discover a game at their recently deceased grandmother&#8217;s house: &#8220;Deseo, deseo&#8221;. Each participant must ask for three wishes; to be fulfilled, the [&hellip;]\" \/>\n<meta property=\"og:url\" content=\"https:\/\/www.maresmefilmfestival.com\/en\/deseo-deseo\/\" \/>\n<meta property=\"og:site_name\" content=\"Maresme Film Festival\" \/>\n<meta property=\"article:publisher\" content=\"https:\/\/www.facebook.com\/Festival-de-Cinema-de-Calella-536425489872034\/?ref=hl\" \/>\n<meta property=\"article:modified_time\" content=\"2018-06-11T17:26:56+00:00\" \/>\n<meta name=\"twitter:card\" content=\"summary_large_image\" \/>\n<meta name=\"twitter:site\" content=\"@CalellaFilmFest\" \/>\n<meta name=\"twitter:label1\" content=\"Est. reading time\" \/>\n\t<meta name=\"twitter:data1\" content=\"1 minute\" \/>\n<script type=\"application\/ld+json\" class=\"yoast-schema-graph\">{\"@context\":\"https:\\\/\\\/schema.org\",\"@graph\":[{\"@type\":\"WebPage\",\"@id\":\"https:\\\/\\\/www.maresmefilmfestival.com\\\/en\\\/deseo-deseo\\\/\",\"url\":\"https:\\\/\\\/www.maresmefilmfestival.com\\\/en\\\/deseo-deseo\\\/\",\"name\":\"Deseo Deseo - Maresme Film Festival\",\"isPartOf\":{\"@id\":\"https:\\\/\\\/www.maresmefilmfestival.com\\\/en\\\/#website\"},\"datePublished\":\"2018-03-21T11:33:38+00:00\",\"dateModified\":\"2018-06-11T17:26:56+00:00\",\"breadcrumb\":{\"@id\":\"https:\\\/\\\/www.maresmefilmfestival.com\\\/en\\\/deseo-deseo\\\/#breadcrumb\"},\"inLanguage\":\"en-US\",\"potentialAction\":[{\"@type\":\"ReadAction\",\"target\":[\"https:\\\/\\\/www.maresmefilmfestival.com\\\/en\\\/deseo-deseo\\\/\"]}]},{\"@type\":\"BreadcrumbList\",\"@id\":\"https:\\\/\\\/www.maresmefilmfestival.com\\\/en\\\/deseo-deseo\\\/#breadcrumb\",\"itemListElement\":[{\"@type\":\"ListItem\",\"position\":1,\"name\":\"Portada\",\"item\":\"https:\\\/\\\/www.maresmefilmfestival.com\\\/en\\\/\"},{\"@type\":\"ListItem\",\"position\":2,\"name\":\"Deseo Deseo\"}]},{\"@type\":\"WebSite\",\"@id\":\"https:\\\/\\\/www.maresmefilmfestival.com\\\/en\\\/#website\",\"url\":\"https:\\\/\\\/www.maresmefilmfestival.com\\\/en\\\/\",\"name\":\"Maresme Film Festival\",\"description\":\"\",\"potentialAction\":[{\"@type\":\"SearchAction\",\"target\":{\"@type\":\"EntryPoint\",\"urlTemplate\":\"https:\\\/\\\/www.maresmefilmfestival.com\\\/en\\\/?s={search_term_string}\"},\"query-input\":{\"@type\":\"PropertyValueSpecification\",\"valueRequired\":true,\"valueName\":\"search_term_string\"}}],\"inLanguage\":\"en-US\"}]}<\/script>\n<!-- \/ Yoast SEO plugin. -->","yoast_head_json":{"title":"Deseo Deseo - Maresme Film Festival","robots":{"index":"index","follow":"follow","max-snippet":"max-snippet:-1","max-image-preview":"max-image-preview:large","max-video-preview":"max-video-preview:-1"},"canonical":"https:\/\/www.maresmefilmfestival.com\/en\/deseo-deseo\/","og_locale":"en_US","og_type":"article","og_title":"Deseo Deseo - Maresme Film Festival","og_description":"[vc_row][vc_column width=&#8221;1\/4&#8243;][vc_single_image image=&#8221;5347&#8243; img_size=&#8221;medium&#8221;][\/vc_column][vc_column width=&#8221;3\/4&#8243;][vc_column_text]Deseo Deseo Five cousins discover a game at their recently deceased grandmother&#8217;s house: &#8220;Deseo, deseo&#8221;. Each participant must ask for three wishes; to be fulfilled, the [&hellip;]","og_url":"https:\/\/www.maresmefilmfestival.com\/en\/deseo-deseo\/","og_site_name":"Maresme Film Festival","article_publisher":"https:\/\/www.facebook.com\/Festival-de-Cinema-de-Calella-536425489872034\/?ref=hl","article_modified_time":"2018-06-11T17:26:56+00:00","twitter_card":"summary_large_image","twitter_site":"@CalellaFilmFest","twitter_misc":{"Est. reading time":"1 minute"},"schema":{"@context":"https:\/\/schema.org","@graph":[{"@type":"WebPage","@id":"https:\/\/www.maresmefilmfestival.com\/en\/deseo-deseo\/","url":"https:\/\/www.maresmefilmfestival.com\/en\/deseo-deseo\/","name":"Deseo Deseo - Maresme Film Festival","isPartOf":{"@id":"https:\/\/www.maresmefilmfestival.com\/en\/#website"},"datePublished":"2018-03-21T11:33:38+00:00","dateModified":"2018-06-11T17:26:56+00:00","breadcrumb":{"@id":"https:\/\/www.maresmefilmfestival.com\/en\/deseo-deseo\/#breadcrumb"},"inLanguage":"en-US","potentialAction":[{"@type":"ReadAction","target":["https:\/\/www.maresmefilmfestival.com\/en\/deseo-deseo\/"]}]},{"@type":"BreadcrumbList","@id":"https:\/\/www.maresmefilmfestival.com\/en\/deseo-deseo\/#breadcrumb","itemListElement":[{"@type":"ListItem","position":1,"name":"Portada","item":"https:\/\/www.maresmefilmfestival.com\/en\/"},{"@type":"ListItem","position":2,"name":"Deseo Deseo"}]},{"@type":"WebSite","@id":"https:\/\/www.maresmefilmfestival.com\/en\/#website","url":"https:\/\/www.maresmefilmfestival.com\/en\/","name":"Maresme Film Festival","description":"","potentialAction":[{"@type":"SearchAction","target":{"@type":"EntryPoint","urlTemplate":"https:\/\/www.maresmefilmfestival.com\/en\/?s={search_term_string}"},"query-input":{"@type":"PropertyValueSpecification","valueRequired":true,"valueName":"search_term_string"}}],"inLanguage":"en-US"}]}},"_links":{"self":[{"href":"https:\/\/www.maresmefilmfestival.com\/en\/wp-json\/wp\/v2\/pages\/4778","targetHints":{"allow":["GET"]}}],"collection":[{"href":"https:\/\/www.maresmefilmfestival.com\/en\/wp-json\/wp\/v2\/pages"}],"about":[{"href":"https:\/\/www.maresmefilmfestival.com\/en\/wp-json\/wp\/v2\/types\/page"}],"author":[{"embeddable":true,"href":"https:\/\/www.maresmefilmfestival.com\/en\/wp-json\/wp\/v2\/users\/1"}],"replies":[{"embeddable":true,"href":"https:\/\/www.maresmefilmfestival.com\/en\/wp-json\/wp\/v2\/comments?post=4778"}],"version-history":[{"count":0,"href":"https:\/\/www.maresmefilmfestival.com\/en\/wp-json\/wp\/v2\/pages\/4778\/revisions"}],"wp:attachment":[{"href":"https:\/\/www.maresmefilmfestival.com\/en\/wp-json\/wp\/v2\/media?parent=4778"}],"curies":[{"name":"wp","href":"https:\/\/api.w.org\/{rel}","templated":true}]}}