{"id":4512,"date":"2018-02-09T12:10:53","date_gmt":"2018-02-09T11:10:53","guid":{"rendered":"http:\/\/www.maresmefilmfestival.com\/?page_id=4512"},"modified":"2018-02-09T12:10:53","modified_gmt":"2018-02-09T11:10:53","slug":"barbara-goenaga","status":"publish","type":"page","link":"https:\/\/www.maresmefilmfestival.com\/en\/the-festival\/juries\/barbara-goenaga\/","title":{"rendered":"B\u00e1rbara Goenaga"},"content":{"rendered":"<div class=\"wpb-content-wrapper\"><p>[vc_row][vc_column][vc_column_text]<br \/>\n[\/vc_column_text][vc_single_image image=&#8221;4507&#8243; img_size=&#8221;full&#8221;][vc_column_text]<\/p>\n<h3 style=\"text-align: justify;\"><strong><span style=\"color: #d3ab1d;\">B\u00e1rbara Goenaga<\/span><\/strong><\/h3>\n<p style=\"text-align: justify;\"><strong>Actress<\/strong><\/p>\n<p>His first steps in interpretation gave them at the age of three. At nine years he made his film debut in the movie &#8220;Los a\u00f1os oscuros&#8221;. He participated in several series such as &#8220;Beni and Marini&#8221; (1991), &#8220;Duplex&#8221; (1993) and the successful &#8220;Goenkale&#8221; (1994-2000). At the age of sixteen, he made the decision to go live to Madrid, where he appeared in series as &#8220;El Grupo&#8221; production of Telecinco.<\/p>\n<p>In the 2000s he performed in films such as &#8220;El regalo de Silvia&#8221; (2002), &#8220;The Cronocrimes&#8221; (2007), by Nacho Vigalondo. <strong>In the XXII edition of the Goya Awards was nominated for best actress revelation for &#8220;Oviedo Express.&#8221;<\/strong><\/p>\n<p>In 2016 he starred in &#8220;Eskamak kendu&#8221;, a series in Basque in which he plays Itsaso and is broadcast on ETB 1. In April he released &#8220;La punta del iceberg&#8221;, a thriller about labor suicides with Maribel Verd\u00fa. In September, during the San Sebasti\u00e1n Film Festival, it premiered &#8216;Gernika&#8217;, a film that narrates the bombing of the Basque city of Gernika.<\/p>\n<h4 style=\"text-align: justify;\"><strong><span style=\"color: #d3ab1d;\">Cinema<\/span><\/strong><\/h4>\n<p>Operaci\u00f3n Concha (2017)<br \/>\nGernika (2016)<br \/>\nLa punta del iceberg (2016)<br \/>\nBypass (2012)<br \/>\nAgnosia (2010)<br \/>\nLa buena vida (2008)<br \/>\nOviedo Express (2007)<br \/>\nLos cronocr\u00edmenes (2007)<br \/>\nEl regalo de Silvia (2003)<\/p>\n<h4 style=\"text-align: justify;\"><strong><span style=\"color: #d3ab1d;\">Television<\/span><\/strong><\/h4>\n<p>iFamily (2017)<br \/>\nEskamak Kentzen (2016)<br \/>\nCu\u00e9ntame c\u00f3mo pas\u00f3 (2014)<br \/>\nAmar es para siempre (2013)<br \/>\nEl don de Alba (2013)<br \/>\n23-F: Historia de una traici\u00f3n (2009)<br \/>\nVientos de agua (2006)<br \/>\nEl grupo (2000-2001)<\/p>\n<h4 style=\"text-align: justify;\"><strong><span style=\"color: #d3ab1d;\">Theater<\/span><\/strong><\/h4>\n<p>La enfermedad de la juventud (2003)<br \/>\nHistoria de una escalera (2004)<br \/>\nCara de plata (2005)[\/vc_column_text][\/vc_column][\/vc_row]<\/p>\n<\/div>","protected":false},"excerpt":{"rendered":"<p>[vc_row][vc_column][vc_column_text] [\/vc_column_text][vc_single_image image=&#8221;4507&#8243; img_size=&#8221;full&#8221;][vc_column_text] B\u00e1rbara Goenaga Actress His first steps in interpretation gave them at the age of three. At nine years he made his film debut in the movie [&hellip;]<\/p>\n","protected":false},"author":1,"featured_media":0,"parent":2680,"menu_order":0,"comment_status":"closed","ping_status":"closed","template":"","meta":{"footnotes":""},"class_list":["post-4512","page","type-page","status-publish","hentry"],"yoast_head":"<!-- This site is optimized with the Yoast SEO plugin v27.4 - https:\/\/yoast.com\/product\/yoast-seo-wordpress\/ -->\n<title>B\u00e1rbara Goenaga - Maresme Film Festival<\/title>\n<meta name=\"robots\" content=\"index, follow, max-snippet:-1, max-image-preview:large, max-video-preview:-1\" \/>\n<link rel=\"canonical\" href=\"https:\/\/www.maresmefilmfestival.com\/en\/the-festival\/juries\/barbara-goenaga\/\" \/>\n<meta property=\"og:locale\" content=\"en_US\" \/>\n<meta property=\"og:type\" content=\"article\" \/>\n<meta property=\"og:title\" content=\"B\u00e1rbara Goenaga - Maresme Film Festival\" \/>\n<meta property=\"og:description\" content=\"[vc_row][vc_column][vc_column_text] [\/vc_column_text][vc_single_image image=&#8221;4507&#8243; img_size=&#8221;full&#8221;][vc_column_text] B\u00e1rbara Goenaga Actress His first steps in interpretation gave them at the age of three. At nine years he made his film debut in the movie [&hellip;]\" \/>\n<meta property=\"og:url\" content=\"https:\/\/www.maresmefilmfestival.com\/en\/the-festival\/juries\/barbara-goenaga\/\" \/>\n<meta property=\"og:site_name\" content=\"Maresme Film Festival\" \/>\n<meta property=\"article:publisher\" content=\"https:\/\/www.facebook.com\/Festival-de-Cinema-de-Calella-536425489872034\/?ref=hl\" \/>\n<meta name=\"twitter:card\" content=\"summary_large_image\" \/>\n<meta name=\"twitter:site\" content=\"@CalellaFilmFest\" \/>\n<meta name=\"twitter:label1\" content=\"Est. reading time\" \/>\n\t<meta name=\"twitter:data1\" content=\"1 minute\" \/>\n<script type=\"application\/ld+json\" class=\"yoast-schema-graph\">{\"@context\":\"https:\\\/\\\/schema.org\",\"@graph\":[{\"@type\":\"WebPage\",\"@id\":\"https:\\\/\\\/www.maresmefilmfestival.com\\\/en\\\/the-festival\\\/juries\\\/barbara-goenaga\\\/\",\"url\":\"https:\\\/\\\/www.maresmefilmfestival.com\\\/en\\\/the-festival\\\/juries\\\/barbara-goenaga\\\/\",\"name\":\"B\u00e1rbara Goenaga - Maresme Film Festival\",\"isPartOf\":{\"@id\":\"https:\\\/\\\/www.maresmefilmfestival.com\\\/en\\\/#website\"},\"datePublished\":\"2018-02-09T11:10:53+00:00\",\"breadcrumb\":{\"@id\":\"https:\\\/\\\/www.maresmefilmfestival.com\\\/en\\\/the-festival\\\/juries\\\/barbara-goenaga\\\/#breadcrumb\"},\"inLanguage\":\"en-US\",\"potentialAction\":[{\"@type\":\"ReadAction\",\"target\":[\"https:\\\/\\\/www.maresmefilmfestival.com\\\/en\\\/the-festival\\\/juries\\\/barbara-goenaga\\\/\"]}]},{\"@type\":\"BreadcrumbList\",\"@id\":\"https:\\\/\\\/www.maresmefilmfestival.com\\\/en\\\/the-festival\\\/juries\\\/barbara-goenaga\\\/#breadcrumb\",\"itemListElement\":[{\"@type\":\"ListItem\",\"position\":1,\"name\":\"Portada\",\"item\":\"https:\\\/\\\/www.maresmefilmfestival.com\\\/en\\\/\"},{\"@type\":\"ListItem\",\"position\":2,\"name\":\"The Festival\",\"item\":\"https:\\\/\\\/www.maresmefilmfestival.com\\\/en\\\/the-festival\\\/\"},{\"@type\":\"ListItem\",\"position\":3,\"name\":\"JURIES\",\"item\":\"https:\\\/\\\/www.maresmefilmfestival.com\\\/en\\\/the-festival\\\/juries\\\/\"},{\"@type\":\"ListItem\",\"position\":4,\"name\":\"B\u00e1rbara Goenaga\"}]},{\"@type\":\"WebSite\",\"@id\":\"https:\\\/\\\/www.maresmefilmfestival.com\\\/en\\\/#website\",\"url\":\"https:\\\/\\\/www.maresmefilmfestival.com\\\/en\\\/\",\"name\":\"Maresme Film Festival\",\"description\":\"\",\"potentialAction\":[{\"@type\":\"SearchAction\",\"target\":{\"@type\":\"EntryPoint\",\"urlTemplate\":\"https:\\\/\\\/www.maresmefilmfestival.com\\\/en\\\/?s={search_term_string}\"},\"query-input\":{\"@type\":\"PropertyValueSpecification\",\"valueRequired\":true,\"valueName\":\"search_term_string\"}}],\"inLanguage\":\"en-US\"}]}<\/script>\n<!-- \/ Yoast SEO plugin. -->","yoast_head_json":{"title":"B\u00e1rbara Goenaga - Maresme Film Festival","robots":{"index":"index","follow":"follow","max-snippet":"max-snippet:-1","max-image-preview":"max-image-preview:large","max-video-preview":"max-video-preview:-1"},"canonical":"https:\/\/www.maresmefilmfestival.com\/en\/the-festival\/juries\/barbara-goenaga\/","og_locale":"en_US","og_type":"article","og_title":"B\u00e1rbara Goenaga - Maresme Film Festival","og_description":"[vc_row][vc_column][vc_column_text] [\/vc_column_text][vc_single_image image=&#8221;4507&#8243; img_size=&#8221;full&#8221;][vc_column_text] B\u00e1rbara Goenaga Actress His first steps in interpretation gave them at the age of three. At nine years he made his film debut in the movie [&hellip;]","og_url":"https:\/\/www.maresmefilmfestival.com\/en\/the-festival\/juries\/barbara-goenaga\/","og_site_name":"Maresme Film Festival","article_publisher":"https:\/\/www.facebook.com\/Festival-de-Cinema-de-Calella-536425489872034\/?ref=hl","twitter_card":"summary_large_image","twitter_site":"@CalellaFilmFest","twitter_misc":{"Est. reading time":"1 minute"},"schema":{"@context":"https:\/\/schema.org","@graph":[{"@type":"WebPage","@id":"https:\/\/www.maresmefilmfestival.com\/en\/the-festival\/juries\/barbara-goenaga\/","url":"https:\/\/www.maresmefilmfestival.com\/en\/the-festival\/juries\/barbara-goenaga\/","name":"B\u00e1rbara Goenaga - Maresme Film Festival","isPartOf":{"@id":"https:\/\/www.maresmefilmfestival.com\/en\/#website"},"datePublished":"2018-02-09T11:10:53+00:00","breadcrumb":{"@id":"https:\/\/www.maresmefilmfestival.com\/en\/the-festival\/juries\/barbara-goenaga\/#breadcrumb"},"inLanguage":"en-US","potentialAction":[{"@type":"ReadAction","target":["https:\/\/www.maresmefilmfestival.com\/en\/the-festival\/juries\/barbara-goenaga\/"]}]},{"@type":"BreadcrumbList","@id":"https:\/\/www.maresmefilmfestival.com\/en\/the-festival\/juries\/barbara-goenaga\/#breadcrumb","itemListElement":[{"@type":"ListItem","position":1,"name":"Portada","item":"https:\/\/www.maresmefilmfestival.com\/en\/"},{"@type":"ListItem","position":2,"name":"The Festival","item":"https:\/\/www.maresmefilmfestival.com\/en\/the-festival\/"},{"@type":"ListItem","position":3,"name":"JURIES","item":"https:\/\/www.maresmefilmfestival.com\/en\/the-festival\/juries\/"},{"@type":"ListItem","position":4,"name":"B\u00e1rbara Goenaga"}]},{"@type":"WebSite","@id":"https:\/\/www.maresmefilmfestival.com\/en\/#website","url":"https:\/\/www.maresmefilmfestival.com\/en\/","name":"Maresme Film Festival","description":"","potentialAction":[{"@type":"SearchAction","target":{"@type":"EntryPoint","urlTemplate":"https:\/\/www.maresmefilmfestival.com\/en\/?s={search_term_string}"},"query-input":{"@type":"PropertyValueSpecification","valueRequired":true,"valueName":"search_term_string"}}],"inLanguage":"en-US"}]}},"_links":{"self":[{"href":"https:\/\/www.maresmefilmfestival.com\/en\/wp-json\/wp\/v2\/pages\/4512","targetHints":{"allow":["GET"]}}],"collection":[{"href":"https:\/\/www.maresmefilmfestival.com\/en\/wp-json\/wp\/v2\/pages"}],"about":[{"href":"https:\/\/www.maresmefilmfestival.com\/en\/wp-json\/wp\/v2\/types\/page"}],"author":[{"embeddable":true,"href":"https:\/\/www.maresmefilmfestival.com\/en\/wp-json\/wp\/v2\/users\/1"}],"replies":[{"embeddable":true,"href":"https:\/\/www.maresmefilmfestival.com\/en\/wp-json\/wp\/v2\/comments?post=4512"}],"version-history":[{"count":0,"href":"https:\/\/www.maresmefilmfestival.com\/en\/wp-json\/wp\/v2\/pages\/4512\/revisions"}],"up":[{"embeddable":true,"href":"https:\/\/www.maresmefilmfestival.com\/en\/wp-json\/wp\/v2\/pages\/2680"}],"wp:attachment":[{"href":"https:\/\/www.maresmefilmfestival.com\/en\/wp-json\/wp\/v2\/media?parent=4512"}],"curies":[{"name":"wp","href":"https:\/\/api.w.org\/{rel}","templated":true}]}}