{"id":4420,"date":"2018-01-24T10:10:14","date_gmt":"2018-01-24T09:10:14","guid":{"rendered":"http:\/\/www.maresmefilmfestival.com\/?page_id=4420"},"modified":"2018-01-24T10:10:14","modified_gmt":"2018-01-24T09:10:14","slug":"octavi-pujades","status":"publish","type":"page","link":"https:\/\/www.maresmefilmfestival.com\/en\/the-festival\/juries\/octavi-pujades\/","title":{"rendered":"Octavi Pujades"},"content":{"rendered":"<div class=\"wpb-content-wrapper\"><p>[vc_row][vc_column][vc_column_text]<br \/>\n[\/vc_column_text][vc_single_image image=&#8221;4384&#8243; img_size=&#8221;full&#8221;][vc_column_text]<\/p>\n<h3 style=\"text-align: justify;\"><strong><span style=\"color: #d3ab1d;\">Octavi Pujades<\/span><\/strong><\/h3>\n<p style=\"text-align: justify;\"><strong>Actor<\/strong><\/p>\n<p style=\"text-align: justify;\">Actor with a long TV and film career. His first important role was in the series &#8220;Al salir de clase&#8221;, to this they followed &#8220;Un paso adelante&#8221;, &#8220;Herederos&#8221;, &#8220;Lalola&#8221;, &#8220;Hay alguien ah\u00ed&#8221;, &#8220;Centro m\u00e9dico&#8221; or the newly trained &#8220;Cuerpo de \u00e9lite&#8221;. He has also participated in films like &#8220;El Preg\u00f3n&#8221;, &#8220;Tres Bodas de m\u00e1s&#8221;, &#8220;Barcelona nit d&#8217;estiu&#8221; among others.<\/p>\n<h4 style=\"text-align: justify;\"><strong><span style=\"color: #d3ab1d;\">Television<\/span><\/strong><\/h4>\n<p class=\"p1\">Cuerpo de \u00e9lite. (2018)<br \/>\nCentro m\u00e9dico. (2016-2017)<br \/>\nLa que se avecina. (2016)<br \/>\n13mil. (2015-2016)<br \/>\nAmar es para siempre. (2013-2014)<br \/>\nLa Riera. (2012-2013)<br \/>\nLalola. (2008-2009)<br \/>\nHerederos. (2007)<\/p>\n<h4 style=\"text-align: justify;\"><strong><span style=\"color: #d3ab1d;\">Cinema<\/span><\/strong><\/h4>\n<p>Capa Negra. (2018)<br \/>\nCuerpo de \u00e9lite.(2016)<br \/>\nEl Preg\u00f3n. (2016)<br \/>\nTres Bodas de m\u00e1s. (2013)<br \/>\nBarcelona nit d&#8217;estiu. (2013)<br \/>\nMen\u00fa degustaci\u00f3. (2013)<\/p>\n<h4 style=\"text-align: justify;\"><strong><span style=\"color: #d3ab1d;\">Theatre<\/span><\/strong><\/h4>\n<p>Fashion Feeling Music. (2002-2003)<br \/>\nTres, como Jos\u00e9 Ram\u00f3n. (2009)<br \/>\nRopa interior. (2012)<br \/>\nTengo una cita con Carla Bruni. (2013)<br \/>\nPerdona bonita, pero Lucas me quer\u00eda a m\u00ed. (2013)<br \/>\nGisela y el libro m\u00e1gico. (2015)<br \/>\nOrgasmos. La comedia. (2015)[\/vc_column_text][\/vc_column][\/vc_row]<\/p>\n<\/div>","protected":false},"excerpt":{"rendered":"<p>[vc_row][vc_column][vc_column_text] [\/vc_column_text][vc_single_image image=&#8221;4384&#8243; img_size=&#8221;full&#8221;][vc_column_text] Octavi Pujades Actor Actor with a long TV and film career. His first important role was in the series &#8220;Al salir de clase&#8221;, to this they [&hellip;]<\/p>\n","protected":false},"author":1,"featured_media":0,"parent":2680,"menu_order":0,"comment_status":"closed","ping_status":"closed","template":"","meta":{"footnotes":""},"class_list":["post-4420","page","type-page","status-publish","hentry"],"yoast_head":"<!-- This site is optimized with the Yoast SEO plugin v27.4 - https:\/\/yoast.com\/product\/yoast-seo-wordpress\/ -->\n<title>Octavi Pujades - Maresme Film Festival<\/title>\n<meta name=\"robots\" content=\"index, follow, max-snippet:-1, max-image-preview:large, max-video-preview:-1\" \/>\n<link rel=\"canonical\" href=\"https:\/\/www.maresmefilmfestival.com\/en\/the-festival\/juries\/octavi-pujades\/\" \/>\n<meta property=\"og:locale\" content=\"en_US\" \/>\n<meta property=\"og:type\" content=\"article\" \/>\n<meta property=\"og:title\" content=\"Octavi Pujades - Maresme Film Festival\" \/>\n<meta property=\"og:description\" content=\"[vc_row][vc_column][vc_column_text] [\/vc_column_text][vc_single_image image=&#8221;4384&#8243; img_size=&#8221;full&#8221;][vc_column_text] Octavi Pujades Actor Actor with a long TV and film career. His first important role was in the series &#8220;Al salir de clase&#8221;, to this they [&hellip;]\" \/>\n<meta property=\"og:url\" content=\"https:\/\/www.maresmefilmfestival.com\/en\/the-festival\/juries\/octavi-pujades\/\" \/>\n<meta property=\"og:site_name\" content=\"Maresme Film Festival\" \/>\n<meta property=\"article:publisher\" content=\"https:\/\/www.facebook.com\/Festival-de-Cinema-de-Calella-536425489872034\/?ref=hl\" \/>\n<meta name=\"twitter:card\" content=\"summary_large_image\" \/>\n<meta name=\"twitter:site\" content=\"@CalellaFilmFest\" \/>\n<meta name=\"twitter:label1\" content=\"Est. reading time\" \/>\n\t<meta name=\"twitter:data1\" content=\"1 minute\" \/>\n<script type=\"application\/ld+json\" class=\"yoast-schema-graph\">{\"@context\":\"https:\\\/\\\/schema.org\",\"@graph\":[{\"@type\":\"WebPage\",\"@id\":\"https:\\\/\\\/www.maresmefilmfestival.com\\\/en\\\/the-festival\\\/juries\\\/octavi-pujades\\\/\",\"url\":\"https:\\\/\\\/www.maresmefilmfestival.com\\\/en\\\/the-festival\\\/juries\\\/octavi-pujades\\\/\",\"name\":\"Octavi Pujades - Maresme Film Festival\",\"isPartOf\":{\"@id\":\"https:\\\/\\\/www.maresmefilmfestival.com\\\/en\\\/#website\"},\"datePublished\":\"2018-01-24T09:10:14+00:00\",\"breadcrumb\":{\"@id\":\"https:\\\/\\\/www.maresmefilmfestival.com\\\/en\\\/the-festival\\\/juries\\\/octavi-pujades\\\/#breadcrumb\"},\"inLanguage\":\"en-US\",\"potentialAction\":[{\"@type\":\"ReadAction\",\"target\":[\"https:\\\/\\\/www.maresmefilmfestival.com\\\/en\\\/the-festival\\\/juries\\\/octavi-pujades\\\/\"]}]},{\"@type\":\"BreadcrumbList\",\"@id\":\"https:\\\/\\\/www.maresmefilmfestival.com\\\/en\\\/the-festival\\\/juries\\\/octavi-pujades\\\/#breadcrumb\",\"itemListElement\":[{\"@type\":\"ListItem\",\"position\":1,\"name\":\"Portada\",\"item\":\"https:\\\/\\\/www.maresmefilmfestival.com\\\/en\\\/\"},{\"@type\":\"ListItem\",\"position\":2,\"name\":\"The Festival\",\"item\":\"https:\\\/\\\/www.maresmefilmfestival.com\\\/en\\\/the-festival\\\/\"},{\"@type\":\"ListItem\",\"position\":3,\"name\":\"JURIES\",\"item\":\"https:\\\/\\\/www.maresmefilmfestival.com\\\/en\\\/the-festival\\\/juries\\\/\"},{\"@type\":\"ListItem\",\"position\":4,\"name\":\"Octavi Pujades\"}]},{\"@type\":\"WebSite\",\"@id\":\"https:\\\/\\\/www.maresmefilmfestival.com\\\/en\\\/#website\",\"url\":\"https:\\\/\\\/www.maresmefilmfestival.com\\\/en\\\/\",\"name\":\"Maresme Film Festival\",\"description\":\"\",\"potentialAction\":[{\"@type\":\"SearchAction\",\"target\":{\"@type\":\"EntryPoint\",\"urlTemplate\":\"https:\\\/\\\/www.maresmefilmfestival.com\\\/en\\\/?s={search_term_string}\"},\"query-input\":{\"@type\":\"PropertyValueSpecification\",\"valueRequired\":true,\"valueName\":\"search_term_string\"}}],\"inLanguage\":\"en-US\"}]}<\/script>\n<!-- \/ Yoast SEO plugin. -->","yoast_head_json":{"title":"Octavi Pujades - Maresme Film Festival","robots":{"index":"index","follow":"follow","max-snippet":"max-snippet:-1","max-image-preview":"max-image-preview:large","max-video-preview":"max-video-preview:-1"},"canonical":"https:\/\/www.maresmefilmfestival.com\/en\/the-festival\/juries\/octavi-pujades\/","og_locale":"en_US","og_type":"article","og_title":"Octavi Pujades - Maresme Film Festival","og_description":"[vc_row][vc_column][vc_column_text] [\/vc_column_text][vc_single_image image=&#8221;4384&#8243; img_size=&#8221;full&#8221;][vc_column_text] Octavi Pujades Actor Actor with a long TV and film career. His first important role was in the series &#8220;Al salir de clase&#8221;, to this they [&hellip;]","og_url":"https:\/\/www.maresmefilmfestival.com\/en\/the-festival\/juries\/octavi-pujades\/","og_site_name":"Maresme Film Festival","article_publisher":"https:\/\/www.facebook.com\/Festival-de-Cinema-de-Calella-536425489872034\/?ref=hl","twitter_card":"summary_large_image","twitter_site":"@CalellaFilmFest","twitter_misc":{"Est. reading time":"1 minute"},"schema":{"@context":"https:\/\/schema.org","@graph":[{"@type":"WebPage","@id":"https:\/\/www.maresmefilmfestival.com\/en\/the-festival\/juries\/octavi-pujades\/","url":"https:\/\/www.maresmefilmfestival.com\/en\/the-festival\/juries\/octavi-pujades\/","name":"Octavi Pujades - Maresme Film Festival","isPartOf":{"@id":"https:\/\/www.maresmefilmfestival.com\/en\/#website"},"datePublished":"2018-01-24T09:10:14+00:00","breadcrumb":{"@id":"https:\/\/www.maresmefilmfestival.com\/en\/the-festival\/juries\/octavi-pujades\/#breadcrumb"},"inLanguage":"en-US","potentialAction":[{"@type":"ReadAction","target":["https:\/\/www.maresmefilmfestival.com\/en\/the-festival\/juries\/octavi-pujades\/"]}]},{"@type":"BreadcrumbList","@id":"https:\/\/www.maresmefilmfestival.com\/en\/the-festival\/juries\/octavi-pujades\/#breadcrumb","itemListElement":[{"@type":"ListItem","position":1,"name":"Portada","item":"https:\/\/www.maresmefilmfestival.com\/en\/"},{"@type":"ListItem","position":2,"name":"The Festival","item":"https:\/\/www.maresmefilmfestival.com\/en\/the-festival\/"},{"@type":"ListItem","position":3,"name":"JURIES","item":"https:\/\/www.maresmefilmfestival.com\/en\/the-festival\/juries\/"},{"@type":"ListItem","position":4,"name":"Octavi Pujades"}]},{"@type":"WebSite","@id":"https:\/\/www.maresmefilmfestival.com\/en\/#website","url":"https:\/\/www.maresmefilmfestival.com\/en\/","name":"Maresme Film Festival","description":"","potentialAction":[{"@type":"SearchAction","target":{"@type":"EntryPoint","urlTemplate":"https:\/\/www.maresmefilmfestival.com\/en\/?s={search_term_string}"},"query-input":{"@type":"PropertyValueSpecification","valueRequired":true,"valueName":"search_term_string"}}],"inLanguage":"en-US"}]}},"_links":{"self":[{"href":"https:\/\/www.maresmefilmfestival.com\/en\/wp-json\/wp\/v2\/pages\/4420","targetHints":{"allow":["GET"]}}],"collection":[{"href":"https:\/\/www.maresmefilmfestival.com\/en\/wp-json\/wp\/v2\/pages"}],"about":[{"href":"https:\/\/www.maresmefilmfestival.com\/en\/wp-json\/wp\/v2\/types\/page"}],"author":[{"embeddable":true,"href":"https:\/\/www.maresmefilmfestival.com\/en\/wp-json\/wp\/v2\/users\/1"}],"replies":[{"embeddable":true,"href":"https:\/\/www.maresmefilmfestival.com\/en\/wp-json\/wp\/v2\/comments?post=4420"}],"version-history":[{"count":0,"href":"https:\/\/www.maresmefilmfestival.com\/en\/wp-json\/wp\/v2\/pages\/4420\/revisions"}],"up":[{"embeddable":true,"href":"https:\/\/www.maresmefilmfestival.com\/en\/wp-json\/wp\/v2\/pages\/2680"}],"wp:attachment":[{"href":"https:\/\/www.maresmefilmfestival.com\/en\/wp-json\/wp\/v2\/media?parent=4420"}],"curies":[{"name":"wp","href":"https:\/\/api.w.org\/{rel}","templated":true}]}}