{"id":3090,"date":"2017-06-01T10:40:06","date_gmt":"2017-06-01T09:40:06","guid":{"rendered":"http:\/\/www.maresmefilmfestival.com\/?page_id=3090\/"},"modified":"2017-06-01T10:40:06","modified_gmt":"2017-06-01T09:40:06","slug":"ebre-del-bressol-la-batalla","status":"publish","type":"page","link":"https:\/\/www.maresmefilmfestival.com\/en\/ebre-del-bressol-la-batalla\/","title":{"rendered":"Ebre, del bressol a la batalla"},"content":{"rendered":"<div class=\"wpb-content-wrapper\"><p>[vc_row][vc_column width=&#8221;1\/4&#8243;][vc_single_image image=&#8221;3022&#8243; img_size=&#8221;medium&#8221;][\/vc_column][vc_column width=&#8221;3\/4&#8243;][vc_column_text]<\/p>\n<p class=\"p1\"><b>Ebre, del bressol a la batalla (TV)<\/b><\/p>\n<p>In 1938 the Spanish Civil War has already worn both armies and devastated the spirits of the population. Nevertheless, the differences between republicans and nationals are revealing: The fascist side has the unconditional aid of the armament and the men facilitated by Hitler and Mussolini while the republican army is ignored by a Europe more concerned by a possible Great War than For the destiny of Spain. In this environment the crossing of the Ebro seems the best Republican tactic to invoke the indispensable international alliances and to demonstrate, at the same time, the resistance against the fascists, who take impulse towards the victory.\u00a0<strong>\u00a0<\/strong>[\/vc_column_text][\/vc_column][\/vc_row][vc_row][vc_column][vc_column_text]<\/p>\n<h3 style=\"text-align: justify;\"><strong><span style=\"color: #d3ab1d;\">Datos Generales<\/span><\/strong><\/h3>\n<p class=\"p1\"><strong>Original title\u00a0<\/strong>Ebre, del bressol a la batalla (TV)<\/p>\n<p class=\"p1\"><b>Year of production\u00a0<\/b>2016<\/p>\n<p class=\"p1\"><strong>Duration<\/strong>\u00a080 minutes<\/p>\n<p class=\"p1\"><b>Country of production\u00a0<\/b>Spain<\/p>\n<p class=\"p1\"><strong>Director\u00a0<\/strong>Rom\u00e1n Parrado<\/p>\n<p class=\"p1\"><strong>Screenwriter\u00a0<\/strong>Eduard Sola<\/p>\n<p class=\"p1\"><strong>Cinematography\u00a0<\/strong>Xavier Cam\u00ed<\/p>\n<p class=\"p1\"><strong>Cast\u00a0<\/strong>Oriol Pla, Enric Auquer, \u00c0lex Monner, Emilio Palacios, Roser Tapias, Artur Busquets, Manuel Mor\u00f3n, Adolfo Fern\u00e1ndez, Alfonso S\u00e1nchez, Kimberley Tell<\/p>\n<p class=\"p1\"><strong>Language\u00a0<\/strong>\u00a0Catalan-spanish<\/p>\n<p class=\"p1\"><strong>Production company\u00a0<\/strong>Setm\u00e0gic Audiovisual \/ Enc\u00e9n TV \/ Televisi\u00f3 de Catalunya (TV3) \/ Canal Sud Televisi\u00f3 \/ Dis Productions<\/p>\n<h3 style=\"text-align: justify;\"><strong><span style=\"color: #d3ab1d;\">Genre<\/span><\/strong><\/h3>\n<p class=\"p1\"><b>Genre\u00a0<\/b>War<\/p>\n<p class=\"p1\"><b>Category\u00a0<\/b>Drama<\/p>\n<p class=\"p1\"><b>Trailer\u00a0<\/b><a href=\"https:\/\/youtu.be\/9_NRyi88s3E\" target=\"_blank\" rel=\"noopener noreferrer\">https:\/\/youtu.be\/9_NRyi88s3E<\/a><\/p>\n<p>[\/vc_column_text][\/vc_column][\/vc_row]<\/p>\n<\/div>","protected":false},"excerpt":{"rendered":"<p>[vc_row][vc_column width=&#8221;1\/4&#8243;][vc_single_image image=&#8221;3022&#8243; img_size=&#8221;medium&#8221;][\/vc_column][vc_column width=&#8221;3\/4&#8243;][vc_column_text] Ebre, del bressol a la batalla (TV) In 1938 the Spanish Civil War has already worn both armies and devastated the spirits of the population. [&hellip;]<\/p>\n","protected":false},"author":1,"featured_media":0,"parent":0,"menu_order":0,"comment_status":"closed","ping_status":"closed","template":"","meta":{"footnotes":""},"class_list":["post-3090","page","type-page","status-publish","hentry"],"yoast_head":"<!-- This site is optimized with the Yoast SEO plugin v27.4 - https:\/\/yoast.com\/product\/yoast-seo-wordpress\/ -->\n<title>Ebre, del bressol a la batalla - Maresme Film Festival<\/title>\n<meta name=\"robots\" content=\"index, follow, max-snippet:-1, max-image-preview:large, max-video-preview:-1\" \/>\n<link rel=\"canonical\" href=\"https:\/\/www.maresmefilmfestival.com\/en\/ebre-del-bressol-la-batalla\/\" \/>\n<meta property=\"og:locale\" content=\"en_US\" \/>\n<meta property=\"og:type\" content=\"article\" \/>\n<meta property=\"og:title\" content=\"Ebre, del bressol a la batalla - Maresme Film Festival\" \/>\n<meta property=\"og:description\" content=\"[vc_row][vc_column width=&#8221;1\/4&#8243;][vc_single_image image=&#8221;3022&#8243; img_size=&#8221;medium&#8221;][\/vc_column][vc_column width=&#8221;3\/4&#8243;][vc_column_text] Ebre, del bressol a la batalla (TV) In 1938 the Spanish Civil War has already worn both armies and devastated the spirits of the population. [&hellip;]\" \/>\n<meta property=\"og:url\" content=\"https:\/\/www.maresmefilmfestival.com\/en\/ebre-del-bressol-la-batalla\/\" \/>\n<meta property=\"og:site_name\" content=\"Maresme Film Festival\" \/>\n<meta property=\"article:publisher\" content=\"https:\/\/www.facebook.com\/Festival-de-Cinema-de-Calella-536425489872034\/?ref=hl\" \/>\n<meta name=\"twitter:card\" content=\"summary_large_image\" \/>\n<meta name=\"twitter:site\" content=\"@CalellaFilmFest\" \/>\n<meta name=\"twitter:label1\" content=\"Est. reading time\" \/>\n\t<meta name=\"twitter:data1\" content=\"1 minute\" \/>\n<script type=\"application\/ld+json\" class=\"yoast-schema-graph\">{\"@context\":\"https:\\\/\\\/schema.org\",\"@graph\":[{\"@type\":\"WebPage\",\"@id\":\"https:\\\/\\\/www.maresmefilmfestival.com\\\/en\\\/ebre-del-bressol-la-batalla\\\/\",\"url\":\"https:\\\/\\\/www.maresmefilmfestival.com\\\/en\\\/ebre-del-bressol-la-batalla\\\/\",\"name\":\"Ebre, del bressol a la batalla - Maresme Film Festival\",\"isPartOf\":{\"@id\":\"https:\\\/\\\/www.maresmefilmfestival.com\\\/en\\\/#website\"},\"datePublished\":\"2017-06-01T09:40:06+00:00\",\"breadcrumb\":{\"@id\":\"https:\\\/\\\/www.maresmefilmfestival.com\\\/en\\\/ebre-del-bressol-la-batalla\\\/#breadcrumb\"},\"inLanguage\":\"en-US\",\"potentialAction\":[{\"@type\":\"ReadAction\",\"target\":[\"https:\\\/\\\/www.maresmefilmfestival.com\\\/en\\\/ebre-del-bressol-la-batalla\\\/\"]}]},{\"@type\":\"BreadcrumbList\",\"@id\":\"https:\\\/\\\/www.maresmefilmfestival.com\\\/en\\\/ebre-del-bressol-la-batalla\\\/#breadcrumb\",\"itemListElement\":[{\"@type\":\"ListItem\",\"position\":1,\"name\":\"Portada\",\"item\":\"https:\\\/\\\/www.maresmefilmfestival.com\\\/en\\\/\"},{\"@type\":\"ListItem\",\"position\":2,\"name\":\"Ebre, del bressol a la batalla\"}]},{\"@type\":\"WebSite\",\"@id\":\"https:\\\/\\\/www.maresmefilmfestival.com\\\/en\\\/#website\",\"url\":\"https:\\\/\\\/www.maresmefilmfestival.com\\\/en\\\/\",\"name\":\"Maresme Film Festival\",\"description\":\"\",\"potentialAction\":[{\"@type\":\"SearchAction\",\"target\":{\"@type\":\"EntryPoint\",\"urlTemplate\":\"https:\\\/\\\/www.maresmefilmfestival.com\\\/en\\\/?s={search_term_string}\"},\"query-input\":{\"@type\":\"PropertyValueSpecification\",\"valueRequired\":true,\"valueName\":\"search_term_string\"}}],\"inLanguage\":\"en-US\"}]}<\/script>\n<!-- \/ Yoast SEO plugin. -->","yoast_head_json":{"title":"Ebre, del bressol a la batalla - Maresme Film Festival","robots":{"index":"index","follow":"follow","max-snippet":"max-snippet:-1","max-image-preview":"max-image-preview:large","max-video-preview":"max-video-preview:-1"},"canonical":"https:\/\/www.maresmefilmfestival.com\/en\/ebre-del-bressol-la-batalla\/","og_locale":"en_US","og_type":"article","og_title":"Ebre, del bressol a la batalla - Maresme Film Festival","og_description":"[vc_row][vc_column width=&#8221;1\/4&#8243;][vc_single_image image=&#8221;3022&#8243; img_size=&#8221;medium&#8221;][\/vc_column][vc_column width=&#8221;3\/4&#8243;][vc_column_text] Ebre, del bressol a la batalla (TV) In 1938 the Spanish Civil War has already worn both armies and devastated the spirits of the population. [&hellip;]","og_url":"https:\/\/www.maresmefilmfestival.com\/en\/ebre-del-bressol-la-batalla\/","og_site_name":"Maresme Film Festival","article_publisher":"https:\/\/www.facebook.com\/Festival-de-Cinema-de-Calella-536425489872034\/?ref=hl","twitter_card":"summary_large_image","twitter_site":"@CalellaFilmFest","twitter_misc":{"Est. reading time":"1 minute"},"schema":{"@context":"https:\/\/schema.org","@graph":[{"@type":"WebPage","@id":"https:\/\/www.maresmefilmfestival.com\/en\/ebre-del-bressol-la-batalla\/","url":"https:\/\/www.maresmefilmfestival.com\/en\/ebre-del-bressol-la-batalla\/","name":"Ebre, del bressol a la batalla - Maresme Film Festival","isPartOf":{"@id":"https:\/\/www.maresmefilmfestival.com\/en\/#website"},"datePublished":"2017-06-01T09:40:06+00:00","breadcrumb":{"@id":"https:\/\/www.maresmefilmfestival.com\/en\/ebre-del-bressol-la-batalla\/#breadcrumb"},"inLanguage":"en-US","potentialAction":[{"@type":"ReadAction","target":["https:\/\/www.maresmefilmfestival.com\/en\/ebre-del-bressol-la-batalla\/"]}]},{"@type":"BreadcrumbList","@id":"https:\/\/www.maresmefilmfestival.com\/en\/ebre-del-bressol-la-batalla\/#breadcrumb","itemListElement":[{"@type":"ListItem","position":1,"name":"Portada","item":"https:\/\/www.maresmefilmfestival.com\/en\/"},{"@type":"ListItem","position":2,"name":"Ebre, del bressol a la batalla"}]},{"@type":"WebSite","@id":"https:\/\/www.maresmefilmfestival.com\/en\/#website","url":"https:\/\/www.maresmefilmfestival.com\/en\/","name":"Maresme Film Festival","description":"","potentialAction":[{"@type":"SearchAction","target":{"@type":"EntryPoint","urlTemplate":"https:\/\/www.maresmefilmfestival.com\/en\/?s={search_term_string}"},"query-input":{"@type":"PropertyValueSpecification","valueRequired":true,"valueName":"search_term_string"}}],"inLanguage":"en-US"}]}},"_links":{"self":[{"href":"https:\/\/www.maresmefilmfestival.com\/en\/wp-json\/wp\/v2\/pages\/3090","targetHints":{"allow":["GET"]}}],"collection":[{"href":"https:\/\/www.maresmefilmfestival.com\/en\/wp-json\/wp\/v2\/pages"}],"about":[{"href":"https:\/\/www.maresmefilmfestival.com\/en\/wp-json\/wp\/v2\/types\/page"}],"author":[{"embeddable":true,"href":"https:\/\/www.maresmefilmfestival.com\/en\/wp-json\/wp\/v2\/users\/1"}],"replies":[{"embeddable":true,"href":"https:\/\/www.maresmefilmfestival.com\/en\/wp-json\/wp\/v2\/comments?post=3090"}],"version-history":[{"count":0,"href":"https:\/\/www.maresmefilmfestival.com\/en\/wp-json\/wp\/v2\/pages\/3090\/revisions"}],"wp:attachment":[{"href":"https:\/\/www.maresmefilmfestival.com\/en\/wp-json\/wp\/v2\/media?parent=3090"}],"curies":[{"name":"wp","href":"https:\/\/api.w.org\/{rel}","templated":true}]}}