{"id":2970,"date":"2017-05-22T09:33:08","date_gmt":"2017-05-22T08:33:08","guid":{"rendered":"http:\/\/www.maresmefilmfestival.com\/?page_id=2970\/"},"modified":"2017-05-23T09:36:22","modified_gmt":"2017-05-23T08:36:22","slug":"andres-lee-i-escribe","status":"publish","type":"page","link":"https:\/\/www.maresmefilmfestival.com\/en\/andres-lee-i-escribe\/","title":{"rendered":"Andr\u00e9s lee i escribe"},"content":{"rendered":"<div class=\"wpb-content-wrapper\"><p>[vc_row][vc_column width=&#8221;1\/4&#8243;][vc_single_image image=&#8221;2888&#8243; img_size=&#8221;medium&#8221;][\/vc_column][vc_column width=&#8221;3\/4&#8243;][vc_column_text]<\/p>\n<p class=\"p1\"><b>Andr\u00e9s lee i escribe<\/b><\/p>\n<p class=\"p1\">Andr\u00e9s Centeno is a young factory worker who spends his nights in long hours of work, leaving him in a constant state of drowsiness. Andr\u00e9s has lost his way and forgotten his dreams of adolescence. Through reunion with a piece of his own life story in the stumbling of a time encapsulated and full of illusions will realize that although he has not made the right decisions, it is still time to amend, accompanied by a new friendship that will encourage him to move forward.<\/p>\n<p>[\/vc_column_text][\/vc_column][\/vc_row][vc_row][vc_column][vc_column_text]<\/p>\n<p class=\"p1\"><strong><span style=\"color: #d3ab1d;\">General Data<\/span><\/strong><\/p>\n<p class=\"p1\"><strong>Original title\u00a0<\/strong>Andr\u00e9s lee i escribe<\/p>\n<p class=\"p1\"><b>Year of production <\/b>2016<\/p>\n<p class=\"p1\"><strong>Duration <\/strong>\u00a093 minutes<\/p>\n<p class=\"p1\"><b>Country of production <\/b>Chile<\/p>\n<p class=\"p1\"><strong>Director\u00a0<\/strong>Daniel Peralta<\/p>\n<p class=\"p1\"><strong>Screemplay\u00a0<\/strong>Rene Martin, Daniel Peralta (Historia: Daniel Peralta)<\/p>\n<p class=\"p1\"><strong>Photography\u00a0<\/strong>Rene Dur\u00e1n<\/p>\n<p class=\"p1\"><strong>Cast\u00a0<\/strong>Fernando Mena, Mar\u00eda Garcia Omegna, Alex Quevedo, Paulina Moreno, Nicol\u00e1s Bosman, Ana Burgos, Gianfranco Bosisio, Naldy Hern\u00e1ndez<\/p>\n<p class=\"p1\"><strong>Language <\/strong> Chilean<\/p>\n<p class=\"p1\"><strong>Production company <\/strong>\u00a0Libreta Amarilla \/ Grip Films<\/p>\n<h3 style=\"text-align: justify;\"><strong><span style=\"color: #d3ab1d;\">Genre<\/span><\/strong><\/h3>\n<p class=\"p1\"><b>Genre\u00a0<\/b>Drama<\/p>\n<p class=\"p1\"><b>Category\u00a0<\/b>Fiction<\/p>\n<p class=\"p1\"><b>Trailer <\/b><a href=\"https:\/\/www.youtube.com\/watch?v=NS5EvkohWq4&amp;t=3s\" target=\"_blank\" rel=\"noopener noreferrer\">https:\/\/www.youtube.com\/watch?v=NS5EvkohWq4&amp;t=3s<\/a><\/p>\n<p>[\/vc_column_text][\/vc_column][\/vc_row]<\/p>\n<\/div>","protected":false},"excerpt":{"rendered":"<p>[vc_row][vc_column width=&#8221;1\/4&#8243;][vc_single_image image=&#8221;2888&#8243; img_size=&#8221;medium&#8221;][\/vc_column][vc_column width=&#8221;3\/4&#8243;][vc_column_text] Andr\u00e9s lee i escribe Andr\u00e9s Centeno is a young factory worker who spends his nights in long hours of work, leaving him in a constant [&hellip;]<\/p>\n","protected":false},"author":1,"featured_media":0,"parent":0,"menu_order":0,"comment_status":"closed","ping_status":"closed","template":"","meta":{"footnotes":""},"class_list":["post-2970","page","type-page","status-publish","hentry"],"yoast_head":"<!-- This site is optimized with the Yoast SEO plugin v27.4 - https:\/\/yoast.com\/product\/yoast-seo-wordpress\/ -->\n<title>Andr\u00e9s lee i escribe - Maresme Film Festival<\/title>\n<meta name=\"robots\" content=\"index, follow, max-snippet:-1, max-image-preview:large, max-video-preview:-1\" \/>\n<link rel=\"canonical\" href=\"https:\/\/www.maresmefilmfestival.com\/en\/andres-lee-i-escribe\/\" \/>\n<meta property=\"og:locale\" content=\"en_US\" \/>\n<meta property=\"og:type\" content=\"article\" \/>\n<meta property=\"og:title\" content=\"Andr\u00e9s lee i escribe - Maresme Film Festival\" \/>\n<meta property=\"og:description\" content=\"[vc_row][vc_column width=&#8221;1\/4&#8243;][vc_single_image image=&#8221;2888&#8243; img_size=&#8221;medium&#8221;][\/vc_column][vc_column width=&#8221;3\/4&#8243;][vc_column_text] Andr\u00e9s lee i escribe Andr\u00e9s Centeno is a young factory worker who spends his nights in long hours of work, leaving him in a constant [&hellip;]\" \/>\n<meta property=\"og:url\" content=\"https:\/\/www.maresmefilmfestival.com\/en\/andres-lee-i-escribe\/\" \/>\n<meta property=\"og:site_name\" content=\"Maresme Film Festival\" \/>\n<meta property=\"article:publisher\" content=\"https:\/\/www.facebook.com\/Festival-de-Cinema-de-Calella-536425489872034\/?ref=hl\" \/>\n<meta property=\"article:modified_time\" content=\"2017-05-23T08:36:22+00:00\" \/>\n<meta name=\"twitter:card\" content=\"summary_large_image\" \/>\n<meta name=\"twitter:site\" content=\"@CalellaFilmFest\" \/>\n<meta name=\"twitter:label1\" content=\"Est. reading time\" \/>\n\t<meta name=\"twitter:data1\" content=\"1 minute\" \/>\n<script type=\"application\/ld+json\" class=\"yoast-schema-graph\">{\"@context\":\"https:\\\/\\\/schema.org\",\"@graph\":[{\"@type\":\"WebPage\",\"@id\":\"https:\\\/\\\/www.maresmefilmfestival.com\\\/en\\\/andres-lee-i-escribe\\\/\",\"url\":\"https:\\\/\\\/www.maresmefilmfestival.com\\\/en\\\/andres-lee-i-escribe\\\/\",\"name\":\"Andr\u00e9s lee i escribe - Maresme Film Festival\",\"isPartOf\":{\"@id\":\"https:\\\/\\\/www.maresmefilmfestival.com\\\/en\\\/#website\"},\"datePublished\":\"2017-05-22T08:33:08+00:00\",\"dateModified\":\"2017-05-23T08:36:22+00:00\",\"breadcrumb\":{\"@id\":\"https:\\\/\\\/www.maresmefilmfestival.com\\\/en\\\/andres-lee-i-escribe\\\/#breadcrumb\"},\"inLanguage\":\"en-US\",\"potentialAction\":[{\"@type\":\"ReadAction\",\"target\":[\"https:\\\/\\\/www.maresmefilmfestival.com\\\/en\\\/andres-lee-i-escribe\\\/\"]}]},{\"@type\":\"BreadcrumbList\",\"@id\":\"https:\\\/\\\/www.maresmefilmfestival.com\\\/en\\\/andres-lee-i-escribe\\\/#breadcrumb\",\"itemListElement\":[{\"@type\":\"ListItem\",\"position\":1,\"name\":\"Portada\",\"item\":\"https:\\\/\\\/www.maresmefilmfestival.com\\\/en\\\/\"},{\"@type\":\"ListItem\",\"position\":2,\"name\":\"Andr\u00e9s lee i escribe\"}]},{\"@type\":\"WebSite\",\"@id\":\"https:\\\/\\\/www.maresmefilmfestival.com\\\/en\\\/#website\",\"url\":\"https:\\\/\\\/www.maresmefilmfestival.com\\\/en\\\/\",\"name\":\"Maresme Film Festival\",\"description\":\"\",\"potentialAction\":[{\"@type\":\"SearchAction\",\"target\":{\"@type\":\"EntryPoint\",\"urlTemplate\":\"https:\\\/\\\/www.maresmefilmfestival.com\\\/en\\\/?s={search_term_string}\"},\"query-input\":{\"@type\":\"PropertyValueSpecification\",\"valueRequired\":true,\"valueName\":\"search_term_string\"}}],\"inLanguage\":\"en-US\"}]}<\/script>\n<!-- \/ Yoast SEO plugin. -->","yoast_head_json":{"title":"Andr\u00e9s lee i escribe - Maresme Film Festival","robots":{"index":"index","follow":"follow","max-snippet":"max-snippet:-1","max-image-preview":"max-image-preview:large","max-video-preview":"max-video-preview:-1"},"canonical":"https:\/\/www.maresmefilmfestival.com\/en\/andres-lee-i-escribe\/","og_locale":"en_US","og_type":"article","og_title":"Andr\u00e9s lee i escribe - Maresme Film Festival","og_description":"[vc_row][vc_column width=&#8221;1\/4&#8243;][vc_single_image image=&#8221;2888&#8243; img_size=&#8221;medium&#8221;][\/vc_column][vc_column width=&#8221;3\/4&#8243;][vc_column_text] Andr\u00e9s lee i escribe Andr\u00e9s Centeno is a young factory worker who spends his nights in long hours of work, leaving him in a constant [&hellip;]","og_url":"https:\/\/www.maresmefilmfestival.com\/en\/andres-lee-i-escribe\/","og_site_name":"Maresme Film Festival","article_publisher":"https:\/\/www.facebook.com\/Festival-de-Cinema-de-Calella-536425489872034\/?ref=hl","article_modified_time":"2017-05-23T08:36:22+00:00","twitter_card":"summary_large_image","twitter_site":"@CalellaFilmFest","twitter_misc":{"Est. reading time":"1 minute"},"schema":{"@context":"https:\/\/schema.org","@graph":[{"@type":"WebPage","@id":"https:\/\/www.maresmefilmfestival.com\/en\/andres-lee-i-escribe\/","url":"https:\/\/www.maresmefilmfestival.com\/en\/andres-lee-i-escribe\/","name":"Andr\u00e9s lee i escribe - Maresme Film Festival","isPartOf":{"@id":"https:\/\/www.maresmefilmfestival.com\/en\/#website"},"datePublished":"2017-05-22T08:33:08+00:00","dateModified":"2017-05-23T08:36:22+00:00","breadcrumb":{"@id":"https:\/\/www.maresmefilmfestival.com\/en\/andres-lee-i-escribe\/#breadcrumb"},"inLanguage":"en-US","potentialAction":[{"@type":"ReadAction","target":["https:\/\/www.maresmefilmfestival.com\/en\/andres-lee-i-escribe\/"]}]},{"@type":"BreadcrumbList","@id":"https:\/\/www.maresmefilmfestival.com\/en\/andres-lee-i-escribe\/#breadcrumb","itemListElement":[{"@type":"ListItem","position":1,"name":"Portada","item":"https:\/\/www.maresmefilmfestival.com\/en\/"},{"@type":"ListItem","position":2,"name":"Andr\u00e9s lee i escribe"}]},{"@type":"WebSite","@id":"https:\/\/www.maresmefilmfestival.com\/en\/#website","url":"https:\/\/www.maresmefilmfestival.com\/en\/","name":"Maresme Film Festival","description":"","potentialAction":[{"@type":"SearchAction","target":{"@type":"EntryPoint","urlTemplate":"https:\/\/www.maresmefilmfestival.com\/en\/?s={search_term_string}"},"query-input":{"@type":"PropertyValueSpecification","valueRequired":true,"valueName":"search_term_string"}}],"inLanguage":"en-US"}]}},"_links":{"self":[{"href":"https:\/\/www.maresmefilmfestival.com\/en\/wp-json\/wp\/v2\/pages\/2970","targetHints":{"allow":["GET"]}}],"collection":[{"href":"https:\/\/www.maresmefilmfestival.com\/en\/wp-json\/wp\/v2\/pages"}],"about":[{"href":"https:\/\/www.maresmefilmfestival.com\/en\/wp-json\/wp\/v2\/types\/page"}],"author":[{"embeddable":true,"href":"https:\/\/www.maresmefilmfestival.com\/en\/wp-json\/wp\/v2\/users\/1"}],"replies":[{"embeddable":true,"href":"https:\/\/www.maresmefilmfestival.com\/en\/wp-json\/wp\/v2\/comments?post=2970"}],"version-history":[{"count":0,"href":"https:\/\/www.maresmefilmfestival.com\/en\/wp-json\/wp\/v2\/pages\/2970\/revisions"}],"wp:attachment":[{"href":"https:\/\/www.maresmefilmfestival.com\/en\/wp-json\/wp\/v2\/media?parent=2970"}],"curies":[{"name":"wp","href":"https:\/\/api.w.org\/{rel}","templated":true}]}}