{"id":11056,"date":"2024-11-15T12:25:48","date_gmt":"2024-11-15T11:25:48","guid":{"rendered":"https:\/\/www.maresmefilmfestival.com\/list-of-winners-2024\/"},"modified":"2024-11-15T12:25:49","modified_gmt":"2024-11-15T11:25:49","slug":"list-of-winners-2024","status":"publish","type":"page","link":"https:\/\/www.maresmefilmfestival.com\/en\/list-of-winners-2024\/","title":{"rendered":"List of winners 2024"},"content":{"rendered":"<div class=\"wpb-content-wrapper\"><p>[vc_row][vc_column][vc_single_image image=&#8221;10940&#8243; img_size=&#8221;full&#8221; alignment=&#8221;center&#8221; css=&#8221;&#8221;][vc_column_text]<\/p>\n<h1 style=\"text-align: center;\"><span style=\"color: #d3ab1d;\"><strong>Official section Low Budget Films<\/strong><\/span><\/h1>\n<p>[\/vc_column_text][vc_text_separator title=&#8221;Movies&#8221;][\/vc_column][\/vc_row][vc_row][vc_column width=&#8221;1\/3&#8243;][vc_column_text]<strong>Best Film<br \/>\n<\/strong>&#8220;GALLO ROJO&#8221; by Enrique Garc\u00eda-V\u00e1zquez[\/vc_column_text][vc_column_text]<strong>Best Direction<br \/>\n<\/strong><em>Matthew Fearney<\/em> for &#8220;THE KING OF SPADES&#8221;[\/vc_column_text][vc_column_text css=&#8221;&#8221;]<strong>Special Mention<br \/>\n<\/strong><em>&#8220;MAI PARLAREM DE NOSALTRES&#8221;<\/em> by Raimon Valls[\/vc_column_text][\/vc_column][vc_column width=&#8221;1\/3&#8243;][vc_column_text]<strong>Best Screenplay<br \/>\n<\/strong>&#8220;THE HOUSE THAT STOOD&#8221; by Antonella Spirito[\/vc_column_text][vc_column_text]<strong>Best actress<br \/>\n<\/strong><em>Aleida Torrent for<\/em>\u00a0&#8220;SIN\u00c9L&#8221;<em>\u00a0<\/em>[\/vc_column_text][\/vc_column][vc_column width=&#8221;1\/3&#8243;][vc_column_text]<strong>Best actor<br \/>\n<\/strong><em>Joshua Glenister <\/em>for &#8220;THE KING OF SPADES&#8221;<em>\u00a0<\/em>[\/vc_column_text][vc_column_text]<strong>Audience award<\/strong><br \/>\n&#8220;SIN\u00c9L&#8221; by Emilio Mart\u00ednez-Borso Leger\u00e9n[\/vc_column_text][\/vc_column][\/vc_row][vc_row][vc_column][vc_empty_space height=&#8221;50px&#8221;][vc_column_text]<\/p>\n<h1 style=\"text-align: center;\"><span style=\"color: #d3ab1d;\"><strong>Official section Creative Rosebud Awards<\/strong><\/span><\/h1>\n<p>[\/vc_column_text][vc_text_separator title=&#8221;Movies&#8221;][\/vc_column][\/vc_row][vc_row][vc_column width=&#8221;1\/3&#8243;][vc_column_text]<strong>Best Film<br \/>\n<\/strong>&#8220;UNA MUJER ITALIANA&#8221; by Alejandro Monteverde[\/vc_column_text][vc_column_text]<strong>Best Direction<\/strong><br \/>\nMonia Chokri for &#8220;SIMPLE COMO SYLVAIN&#8221;[\/vc_column_text][\/vc_column][vc_column width=&#8221;1\/3&#8221;][vc_column_text]<strong>Best Screenplay<br \/>\n<\/strong>&#8220;LA CASA&#8221; by Alex Montoya &amp; Joana M. Ortueta[\/vc_column_text][vc_column_text]<strong>Best actress<\/strong><br \/>\n<em>N\u00faria Prims <\/em>for &#8220;UN SOL RADIANT&#8221;<em>\u00a0<\/em>[\/vc_column_text][\/vc_column][vc_column width=&#8221;1\/3&#8243;][vc_column_text]<strong>Best actor<br \/>\n<\/strong><em>Bohdan Benyuk <\/em>for &#8220;MY CARPATHIAN GRANDPA&#8221;<em>\u00a0<\/em>[\/vc_column_text][\/vc_column][\/vc_row][vc_row][vc_column][vc_empty_space height=&#8221;50px&#8221;][vc_column_text]<\/p>\n<h1 style=\"text-align: center;\"><span style=\"color: #d3ab1d;\"><strong>Film script contest<\/strong><\/span><\/h1>\n<h1><strong>Film script contest<\/strong><\/h1>\n<p>[\/vc_column_text][\/vc_column][\/vc_row][vc_row][vc_column][vc_column_text css=&#8221;&#8221;]<\/p>\n<p style=\"text-align: center;\"><strong>Best original screenplay<br \/>\n<\/strong>&#8220;MARDEL&#8221; by Diego Adrian de LLano, Luc\u00eda Epherra, Gabriel Di Lorenzo &amp; Omar Magrini<\/p>\n<p>[\/vc_column_text][\/vc_column][\/vc_row]<\/p>\n<\/div>","protected":false},"excerpt":{"rendered":"<p>[vc_row][vc_column][vc_single_image image=&#8221;10940&#8243; img_size=&#8221;full&#8221; alignment=&#8221;center&#8221; css=&#8221;&#8221;][vc_column_text] Official section Low Budget Films [\/vc_column_text][vc_text_separator title=&#8221;Movies&#8221;][\/vc_column][\/vc_row][vc_row][vc_column width=&#8221;1\/3&#8243;][vc_column_text]Best Film &#8220;GALLO ROJO&#8221; by Enrique Garc\u00eda-V\u00e1zquez[\/vc_column_text][vc_column_text]Best Direction Matthew Fearney for &#8220;THE KING OF SPADES&#8221;[\/vc_column_text][vc_column_text css=&#8221;&#8221;]Special Mention &#8220;MAI [&hellip;]<\/p>\n","protected":false},"author":1,"featured_media":0,"parent":0,"menu_order":0,"comment_status":"closed","ping_status":"closed","template":"","meta":{"footnotes":""},"class_list":["post-11056","page","type-page","status-publish","hentry"],"yoast_head":"<!-- This site is optimized with the Yoast SEO plugin v27.4 - https:\/\/yoast.com\/product\/yoast-seo-wordpress\/ -->\n<title>List of winners 2024 - Maresme Film Festival<\/title>\n<meta name=\"robots\" content=\"index, follow, max-snippet:-1, max-image-preview:large, max-video-preview:-1\" \/>\n<link rel=\"canonical\" href=\"https:\/\/www.maresmefilmfestival.com\/en\/list-of-winners-2024\/\" \/>\n<meta property=\"og:locale\" content=\"en_US\" \/>\n<meta property=\"og:type\" content=\"article\" \/>\n<meta property=\"og:title\" content=\"List of winners 2024 - Maresme Film Festival\" \/>\n<meta property=\"og:description\" content=\"[vc_row][vc_column][vc_single_image image=&#8221;10940&#8243; img_size=&#8221;full&#8221; alignment=&#8221;center&#8221; css=&#8221;&#8221;][vc_column_text] Official section Low Budget Films [\/vc_column_text][vc_text_separator title=&#8221;Movies&#8221;][\/vc_column][\/vc_row][vc_row][vc_column width=&#8221;1\/3&#8243;][vc_column_text]Best Film &#8220;GALLO ROJO&#8221; by Enrique Garc\u00eda-V\u00e1zquez[\/vc_column_text][vc_column_text]Best Direction Matthew Fearney for &#8220;THE KING OF SPADES&#8221;[\/vc_column_text][vc_column_text css=&#8221;&#8221;]Special Mention &#8220;MAI [&hellip;]\" \/>\n<meta property=\"og:url\" content=\"https:\/\/www.maresmefilmfestival.com\/en\/list-of-winners-2024\/\" \/>\n<meta property=\"og:site_name\" content=\"Maresme Film Festival\" \/>\n<meta property=\"article:publisher\" content=\"https:\/\/www.facebook.com\/Festival-de-Cinema-de-Calella-536425489872034\/?ref=hl\" \/>\n<meta property=\"article:modified_time\" content=\"2024-11-15T11:25:49+00:00\" \/>\n<meta name=\"twitter:card\" content=\"summary_large_image\" \/>\n<meta name=\"twitter:site\" content=\"@CalellaFilmFest\" \/>\n<meta name=\"twitter:label1\" content=\"Est. reading time\" \/>\n\t<meta name=\"twitter:data1\" content=\"2 minutes\" \/>\n<script type=\"application\/ld+json\" class=\"yoast-schema-graph\">{\"@context\":\"https:\\\/\\\/schema.org\",\"@graph\":[{\"@type\":\"WebPage\",\"@id\":\"https:\\\/\\\/www.maresmefilmfestival.com\\\/en\\\/list-of-winners-2024\\\/\",\"url\":\"https:\\\/\\\/www.maresmefilmfestival.com\\\/en\\\/list-of-winners-2024\\\/\",\"name\":\"List of winners 2024 - Maresme Film Festival\",\"isPartOf\":{\"@id\":\"https:\\\/\\\/www.maresmefilmfestival.com\\\/en\\\/#website\"},\"datePublished\":\"2024-11-15T11:25:48+00:00\",\"dateModified\":\"2024-11-15T11:25:49+00:00\",\"breadcrumb\":{\"@id\":\"https:\\\/\\\/www.maresmefilmfestival.com\\\/en\\\/list-of-winners-2024\\\/#breadcrumb\"},\"inLanguage\":\"en-US\",\"potentialAction\":[{\"@type\":\"ReadAction\",\"target\":[\"https:\\\/\\\/www.maresmefilmfestival.com\\\/en\\\/list-of-winners-2024\\\/\"]}]},{\"@type\":\"BreadcrumbList\",\"@id\":\"https:\\\/\\\/www.maresmefilmfestival.com\\\/en\\\/list-of-winners-2024\\\/#breadcrumb\",\"itemListElement\":[{\"@type\":\"ListItem\",\"position\":1,\"name\":\"Portada\",\"item\":\"https:\\\/\\\/www.maresmefilmfestival.com\\\/en\\\/\"},{\"@type\":\"ListItem\",\"position\":2,\"name\":\"List of winners 2024\"}]},{\"@type\":\"WebSite\",\"@id\":\"https:\\\/\\\/www.maresmefilmfestival.com\\\/en\\\/#website\",\"url\":\"https:\\\/\\\/www.maresmefilmfestival.com\\\/en\\\/\",\"name\":\"Maresme Film Festival\",\"description\":\"\",\"potentialAction\":[{\"@type\":\"SearchAction\",\"target\":{\"@type\":\"EntryPoint\",\"urlTemplate\":\"https:\\\/\\\/www.maresmefilmfestival.com\\\/en\\\/?s={search_term_string}\"},\"query-input\":{\"@type\":\"PropertyValueSpecification\",\"valueRequired\":true,\"valueName\":\"search_term_string\"}}],\"inLanguage\":\"en-US\"}]}<\/script>\n<!-- \/ Yoast SEO plugin. -->","yoast_head_json":{"title":"List of winners 2024 - Maresme Film Festival","robots":{"index":"index","follow":"follow","max-snippet":"max-snippet:-1","max-image-preview":"max-image-preview:large","max-video-preview":"max-video-preview:-1"},"canonical":"https:\/\/www.maresmefilmfestival.com\/en\/list-of-winners-2024\/","og_locale":"en_US","og_type":"article","og_title":"List of winners 2024 - Maresme Film Festival","og_description":"[vc_row][vc_column][vc_single_image image=&#8221;10940&#8243; img_size=&#8221;full&#8221; alignment=&#8221;center&#8221; css=&#8221;&#8221;][vc_column_text] Official section Low Budget Films [\/vc_column_text][vc_text_separator title=&#8221;Movies&#8221;][\/vc_column][\/vc_row][vc_row][vc_column width=&#8221;1\/3&#8243;][vc_column_text]Best Film &#8220;GALLO ROJO&#8221; by Enrique Garc\u00eda-V\u00e1zquez[\/vc_column_text][vc_column_text]Best Direction Matthew Fearney for &#8220;THE KING OF SPADES&#8221;[\/vc_column_text][vc_column_text css=&#8221;&#8221;]Special Mention &#8220;MAI [&hellip;]","og_url":"https:\/\/www.maresmefilmfestival.com\/en\/list-of-winners-2024\/","og_site_name":"Maresme Film Festival","article_publisher":"https:\/\/www.facebook.com\/Festival-de-Cinema-de-Calella-536425489872034\/?ref=hl","article_modified_time":"2024-11-15T11:25:49+00:00","twitter_card":"summary_large_image","twitter_site":"@CalellaFilmFest","twitter_misc":{"Est. reading time":"2 minutes"},"schema":{"@context":"https:\/\/schema.org","@graph":[{"@type":"WebPage","@id":"https:\/\/www.maresmefilmfestival.com\/en\/list-of-winners-2024\/","url":"https:\/\/www.maresmefilmfestival.com\/en\/list-of-winners-2024\/","name":"List of winners 2024 - Maresme Film Festival","isPartOf":{"@id":"https:\/\/www.maresmefilmfestival.com\/en\/#website"},"datePublished":"2024-11-15T11:25:48+00:00","dateModified":"2024-11-15T11:25:49+00:00","breadcrumb":{"@id":"https:\/\/www.maresmefilmfestival.com\/en\/list-of-winners-2024\/#breadcrumb"},"inLanguage":"en-US","potentialAction":[{"@type":"ReadAction","target":["https:\/\/www.maresmefilmfestival.com\/en\/list-of-winners-2024\/"]}]},{"@type":"BreadcrumbList","@id":"https:\/\/www.maresmefilmfestival.com\/en\/list-of-winners-2024\/#breadcrumb","itemListElement":[{"@type":"ListItem","position":1,"name":"Portada","item":"https:\/\/www.maresmefilmfestival.com\/en\/"},{"@type":"ListItem","position":2,"name":"List of winners 2024"}]},{"@type":"WebSite","@id":"https:\/\/www.maresmefilmfestival.com\/en\/#website","url":"https:\/\/www.maresmefilmfestival.com\/en\/","name":"Maresme Film Festival","description":"","potentialAction":[{"@type":"SearchAction","target":{"@type":"EntryPoint","urlTemplate":"https:\/\/www.maresmefilmfestival.com\/en\/?s={search_term_string}"},"query-input":{"@type":"PropertyValueSpecification","valueRequired":true,"valueName":"search_term_string"}}],"inLanguage":"en-US"}]}},"_links":{"self":[{"href":"https:\/\/www.maresmefilmfestival.com\/en\/wp-json\/wp\/v2\/pages\/11056","targetHints":{"allow":["GET"]}}],"collection":[{"href":"https:\/\/www.maresmefilmfestival.com\/en\/wp-json\/wp\/v2\/pages"}],"about":[{"href":"https:\/\/www.maresmefilmfestival.com\/en\/wp-json\/wp\/v2\/types\/page"}],"author":[{"embeddable":true,"href":"https:\/\/www.maresmefilmfestival.com\/en\/wp-json\/wp\/v2\/users\/1"}],"replies":[{"embeddable":true,"href":"https:\/\/www.maresmefilmfestival.com\/en\/wp-json\/wp\/v2\/comments?post=11056"}],"version-history":[{"count":0,"href":"https:\/\/www.maresmefilmfestival.com\/en\/wp-json\/wp\/v2\/pages\/11056\/revisions"}],"wp:attachment":[{"href":"https:\/\/www.maresmefilmfestival.com\/en\/wp-json\/wp\/v2\/media?parent=11056"}],"curies":[{"name":"wp","href":"https:\/\/api.w.org\/{rel}","templated":true}]}}