{"id":10173,"date":"2023-11-17T12:44:28","date_gmt":"2023-11-17T11:44:28","guid":{"rendered":"https:\/\/www.maresmefilmfestival.com\/list-of-winners-2023\/"},"modified":"2023-11-17T13:15:57","modified_gmt":"2023-11-17T12:15:57","slug":"list-of-winners-2023","status":"publish","type":"page","link":"https:\/\/www.maresmefilmfestival.com\/en\/list-of-winners-2023\/","title":{"rendered":"List of winners 2023"},"content":{"rendered":"<div class=\"wpb-content-wrapper\"><p>[vc_row][vc_column][vc_single_image image=&#8221;10164&#8243; img_size=&#8221;full&#8221; alignment=&#8221;center&#8221;][vc_column_text]<\/p>\n<h1 style=\"text-align: center;\"><span style=\"color: #d3ab1d;\"><strong>Official section Low Budget Films<\/strong><\/span><\/h1>\n<p>[\/vc_column_text][vc_text_separator title=&#8221;Movies&#8221;][\/vc_column][\/vc_row][vc_row][vc_column width=&#8221;1\/3&#8243;][vc_column_text]<strong>Best Film<br \/>\n<\/strong>&#8220;<a href=\"https:\/\/www.maresmefilmfestival.com\/la-funcion\/\">LA FUNCI\u00d3N<\/a>&#8221; by Jos\u00e9 Gasset[\/vc_column_text][vc_column_text]<strong>Best Direction<br \/>\n<\/strong><em>Maxim Akbarov<\/em> for &#8220;<a href=\"https:\/\/www.maresmefilmfestival.com\/steppe\/\">STEPPE<\/a>&#8220;[\/vc_column_text][\/vc_column][vc_column width=&#8221;1\/3&#8221;][vc_column_text]<strong>Best Screenplay<br \/>\n<\/strong>&#8220;<a href=\"https:\/\/www.maresmefilmfestival.com\/quan-no-acaba-la-nit\/\">QUAN NO ACABA LA NIT<\/a>&#8221; by\u00a0Oscar Mont\u00f3n, Tirso Calero and Bego\u00f1a Soler[\/vc_column_text][vc_column_text]<strong>Best actress<br \/>\n<\/strong><em>Daniela Brown for<\/em>\u00a0&#8220;<a href=\"https:\/\/www.maresmefilmfestival.com\/avemaria\/\">AVEMARIA<\/a>&#8220;<em>\u00a0<\/em>[\/vc_column_text][\/vc_column][vc_column width=&#8221;1\/3&#8243;][vc_column_text]<strong>Best actor<br \/>\n<\/strong><em>Peter Callahan <\/em>for &#8220;<a href=\"https:\/\/www.maresmefilmfestival.com\/out-and-about\/\">OUT AND ABOUT<\/a>&#8220;<em>\u00a0<\/em>[\/vc_column_text][vc_column_text]<strong>Audience award<br \/>\n<\/strong>&#8220;<a href=\"https:\/\/www.maresmefilmfestival.com\/avemaria\/\">AVEMARIA<\/a>&#8221; by Pol Mansachs[\/vc_column_text][\/vc_column][\/vc_row][vc_row][vc_column][vc_empty_space height=&#8221;50px&#8221;][vc_column_text]<\/p>\n<h1 style=\"text-align: center;\"><span style=\"color: #d3ab1d;\"><strong>Official section Creative Rosebud Awards<\/strong><\/span><\/h1>\n<p>[\/vc_column_text][vc_text_separator title=&#8221;Movies&#8221;][\/vc_column][\/vc_row][vc_row][vc_column width=&#8221;1\/3&#8243;][vc_column_text]<strong>Best Film<br \/>\n<\/strong>&#8220;<a href=\"https:\/\/www.maresmefilmfestival.com\/creatura\/\">CREATURA<\/a>&#8221; by Elena Mart\u00edn[\/vc_column_text][vc_column_text]<strong>Best Direction<br \/>\n<\/strong><em>Sim\u00e3o Cayatte\u00a0<\/em>for &#8220;<a href=\"https:\/\/www.maresmefilmfestival.com\/vadio\/\">VADIO<\/a>&#8220;[\/vc_column_text][\/vc_column][vc_column width=&#8221;1\/3&#8221;][vc_column_text]<strong>Best Screenplay<br \/>\n<\/strong>&#8220;<a href=\"https:\/\/www.maresmefilmfestival.com\/creatura\/\">CREATURA<\/a>&#8221; by Elena Mart\u00edn and Clara Roquet[\/vc_column_text][vc_column_text]<strong>Best actress<br \/>\n<\/strong><em>Joana Santos <\/em>for &#8220;<a href=\"https:\/\/www.maresmefilmfestival.com\/vadio\/\">VADIO<\/a>&#8220;<em>\u00a0<\/em>[\/vc_column_text][\/vc_column][vc_column width=&#8221;1\/3&#8243;][vc_column_text]<strong>Best actor<br \/>\n<\/strong><em>R\u00faben Sim\u00f5es <\/em>for &#8220;<a href=\"https:\/\/www.maresmefilmfestival.com\/vadio\/\">VADIO<\/a>&#8220;<em>\u00a0<\/em>[\/vc_column_text][\/vc_column][\/vc_row][vc_row][vc_column][vc_empty_space height=&#8221;50px&#8221;][vc_column_text]<\/p>\n<h1 style=\"text-align: center;\"><span style=\"color: #d3ab1d;\"><strong>Film script contest<\/strong><\/span><\/h1>\n<p>[\/vc_column_text][\/vc_column][\/vc_row][vc_row][vc_column][vc_column_text]<\/p>\n<p style=\"text-align: center;\"><strong>Best original screenplay<br \/>\n<\/strong>&#8220;AN\u00d3MICO&#8221; by Andr\u00e9s Beltr\u00e1n<\/p>\n<p>[\/vc_column_text][\/vc_column][\/vc_row]<\/p>\n<\/div>","protected":false},"excerpt":{"rendered":"<p>[vc_row][vc_column][vc_single_image image=&#8221;10164&#8243; img_size=&#8221;full&#8221; alignment=&#8221;center&#8221;][vc_column_text] Official section Low Budget Films [\/vc_column_text][vc_text_separator title=&#8221;Movies&#8221;][\/vc_column][\/vc_row][vc_row][vc_column width=&#8221;1\/3&#8243;][vc_column_text]Best Film &#8220;LA FUNCI\u00d3N&#8221; by Jos\u00e9 Gasset[\/vc_column_text][vc_column_text]Best Direction Maxim Akbarov for &#8220;STEPPE&#8220;[\/vc_column_text][\/vc_column][vc_column width=&#8221;1\/3&#8221;][vc_column_text]Best Screenplay &#8220;QUAN NO ACABA LA NIT&#8221; [&hellip;]<\/p>\n","protected":false},"author":1,"featured_media":0,"parent":0,"menu_order":0,"comment_status":"closed","ping_status":"closed","template":"","meta":{"footnotes":""},"class_list":["post-10173","page","type-page","status-publish","hentry"],"yoast_head":"<!-- This site is optimized with the Yoast SEO plugin v27.4 - https:\/\/yoast.com\/product\/yoast-seo-wordpress\/ -->\n<title>List of winners 2023 - Maresme Film Festival<\/title>\n<meta name=\"robots\" content=\"index, follow, max-snippet:-1, max-image-preview:large, max-video-preview:-1\" \/>\n<link rel=\"canonical\" href=\"https:\/\/www.maresmefilmfestival.com\/en\/list-of-winners-2023\/\" \/>\n<meta property=\"og:locale\" content=\"en_US\" \/>\n<meta property=\"og:type\" content=\"article\" \/>\n<meta property=\"og:title\" content=\"List of winners 2023 - Maresme Film Festival\" \/>\n<meta property=\"og:description\" content=\"[vc_row][vc_column][vc_single_image image=&#8221;10164&#8243; img_size=&#8221;full&#8221; alignment=&#8221;center&#8221;][vc_column_text] Official section Low Budget Films [\/vc_column_text][vc_text_separator title=&#8221;Movies&#8221;][\/vc_column][\/vc_row][vc_row][vc_column width=&#8221;1\/3&#8243;][vc_column_text]Best Film &#8220;LA FUNCI\u00d3N&#8221; by Jos\u00e9 Gasset[\/vc_column_text][vc_column_text]Best Direction Maxim Akbarov for &#8220;STEPPE&#8220;[\/vc_column_text][\/vc_column][vc_column width=&#8221;1\/3&#8221;][vc_column_text]Best Screenplay &#8220;QUAN NO ACABA LA NIT&#8221; [&hellip;]\" \/>\n<meta property=\"og:url\" content=\"https:\/\/www.maresmefilmfestival.com\/en\/list-of-winners-2023\/\" \/>\n<meta property=\"og:site_name\" content=\"Maresme Film Festival\" \/>\n<meta property=\"article:publisher\" content=\"https:\/\/www.facebook.com\/Festival-de-Cinema-de-Calella-536425489872034\/?ref=hl\" \/>\n<meta property=\"article:modified_time\" content=\"2023-11-17T12:15:57+00:00\" \/>\n<meta name=\"twitter:card\" content=\"summary_large_image\" \/>\n<meta name=\"twitter:site\" content=\"@CalellaFilmFest\" \/>\n<meta name=\"twitter:label1\" content=\"Est. reading time\" \/>\n\t<meta name=\"twitter:data1\" content=\"1 minute\" \/>\n<script type=\"application\/ld+json\" class=\"yoast-schema-graph\">{\"@context\":\"https:\\\/\\\/schema.org\",\"@graph\":[{\"@type\":\"WebPage\",\"@id\":\"https:\\\/\\\/www.maresmefilmfestival.com\\\/en\\\/list-of-winners-2023\\\/\",\"url\":\"https:\\\/\\\/www.maresmefilmfestival.com\\\/en\\\/list-of-winners-2023\\\/\",\"name\":\"List of winners 2023 - Maresme Film Festival\",\"isPartOf\":{\"@id\":\"https:\\\/\\\/www.maresmefilmfestival.com\\\/en\\\/#website\"},\"datePublished\":\"2023-11-17T11:44:28+00:00\",\"dateModified\":\"2023-11-17T12:15:57+00:00\",\"breadcrumb\":{\"@id\":\"https:\\\/\\\/www.maresmefilmfestival.com\\\/en\\\/list-of-winners-2023\\\/#breadcrumb\"},\"inLanguage\":\"en-US\",\"potentialAction\":[{\"@type\":\"ReadAction\",\"target\":[\"https:\\\/\\\/www.maresmefilmfestival.com\\\/en\\\/list-of-winners-2023\\\/\"]}]},{\"@type\":\"BreadcrumbList\",\"@id\":\"https:\\\/\\\/www.maresmefilmfestival.com\\\/en\\\/list-of-winners-2023\\\/#breadcrumb\",\"itemListElement\":[{\"@type\":\"ListItem\",\"position\":1,\"name\":\"Portada\",\"item\":\"https:\\\/\\\/www.maresmefilmfestival.com\\\/en\\\/\"},{\"@type\":\"ListItem\",\"position\":2,\"name\":\"List of winners 2023\"}]},{\"@type\":\"WebSite\",\"@id\":\"https:\\\/\\\/www.maresmefilmfestival.com\\\/en\\\/#website\",\"url\":\"https:\\\/\\\/www.maresmefilmfestival.com\\\/en\\\/\",\"name\":\"Maresme Film Festival\",\"description\":\"\",\"potentialAction\":[{\"@type\":\"SearchAction\",\"target\":{\"@type\":\"EntryPoint\",\"urlTemplate\":\"https:\\\/\\\/www.maresmefilmfestival.com\\\/en\\\/?s={search_term_string}\"},\"query-input\":{\"@type\":\"PropertyValueSpecification\",\"valueRequired\":true,\"valueName\":\"search_term_string\"}}],\"inLanguage\":\"en-US\"}]}<\/script>\n<!-- \/ Yoast SEO plugin. -->","yoast_head_json":{"title":"List of winners 2023 - Maresme Film Festival","robots":{"index":"index","follow":"follow","max-snippet":"max-snippet:-1","max-image-preview":"max-image-preview:large","max-video-preview":"max-video-preview:-1"},"canonical":"https:\/\/www.maresmefilmfestival.com\/en\/list-of-winners-2023\/","og_locale":"en_US","og_type":"article","og_title":"List of winners 2023 - Maresme Film Festival","og_description":"[vc_row][vc_column][vc_single_image image=&#8221;10164&#8243; img_size=&#8221;full&#8221; alignment=&#8221;center&#8221;][vc_column_text] Official section Low Budget Films [\/vc_column_text][vc_text_separator title=&#8221;Movies&#8221;][\/vc_column][\/vc_row][vc_row][vc_column width=&#8221;1\/3&#8243;][vc_column_text]Best Film &#8220;LA FUNCI\u00d3N&#8221; by Jos\u00e9 Gasset[\/vc_column_text][vc_column_text]Best Direction Maxim Akbarov for &#8220;STEPPE&#8220;[\/vc_column_text][\/vc_column][vc_column width=&#8221;1\/3&#8221;][vc_column_text]Best Screenplay &#8220;QUAN NO ACABA LA NIT&#8221; [&hellip;]","og_url":"https:\/\/www.maresmefilmfestival.com\/en\/list-of-winners-2023\/","og_site_name":"Maresme Film Festival","article_publisher":"https:\/\/www.facebook.com\/Festival-de-Cinema-de-Calella-536425489872034\/?ref=hl","article_modified_time":"2023-11-17T12:15:57+00:00","twitter_card":"summary_large_image","twitter_site":"@CalellaFilmFest","twitter_misc":{"Est. reading time":"1 minute"},"schema":{"@context":"https:\/\/schema.org","@graph":[{"@type":"WebPage","@id":"https:\/\/www.maresmefilmfestival.com\/en\/list-of-winners-2023\/","url":"https:\/\/www.maresmefilmfestival.com\/en\/list-of-winners-2023\/","name":"List of winners 2023 - Maresme Film Festival","isPartOf":{"@id":"https:\/\/www.maresmefilmfestival.com\/en\/#website"},"datePublished":"2023-11-17T11:44:28+00:00","dateModified":"2023-11-17T12:15:57+00:00","breadcrumb":{"@id":"https:\/\/www.maresmefilmfestival.com\/en\/list-of-winners-2023\/#breadcrumb"},"inLanguage":"en-US","potentialAction":[{"@type":"ReadAction","target":["https:\/\/www.maresmefilmfestival.com\/en\/list-of-winners-2023\/"]}]},{"@type":"BreadcrumbList","@id":"https:\/\/www.maresmefilmfestival.com\/en\/list-of-winners-2023\/#breadcrumb","itemListElement":[{"@type":"ListItem","position":1,"name":"Portada","item":"https:\/\/www.maresmefilmfestival.com\/en\/"},{"@type":"ListItem","position":2,"name":"List of winners 2023"}]},{"@type":"WebSite","@id":"https:\/\/www.maresmefilmfestival.com\/en\/#website","url":"https:\/\/www.maresmefilmfestival.com\/en\/","name":"Maresme Film Festival","description":"","potentialAction":[{"@type":"SearchAction","target":{"@type":"EntryPoint","urlTemplate":"https:\/\/www.maresmefilmfestival.com\/en\/?s={search_term_string}"},"query-input":{"@type":"PropertyValueSpecification","valueRequired":true,"valueName":"search_term_string"}}],"inLanguage":"en-US"}]}},"_links":{"self":[{"href":"https:\/\/www.maresmefilmfestival.com\/en\/wp-json\/wp\/v2\/pages\/10173","targetHints":{"allow":["GET"]}}],"collection":[{"href":"https:\/\/www.maresmefilmfestival.com\/en\/wp-json\/wp\/v2\/pages"}],"about":[{"href":"https:\/\/www.maresmefilmfestival.com\/en\/wp-json\/wp\/v2\/types\/page"}],"author":[{"embeddable":true,"href":"https:\/\/www.maresmefilmfestival.com\/en\/wp-json\/wp\/v2\/users\/1"}],"replies":[{"embeddable":true,"href":"https:\/\/www.maresmefilmfestival.com\/en\/wp-json\/wp\/v2\/comments?post=10173"}],"version-history":[{"count":0,"href":"https:\/\/www.maresmefilmfestival.com\/en\/wp-json\/wp\/v2\/pages\/10173\/revisions"}],"wp:attachment":[{"href":"https:\/\/www.maresmefilmfestival.com\/en\/wp-json\/wp\/v2\/media?parent=10173"}],"curies":[{"name":"wp","href":"https:\/\/api.w.org\/{rel}","templated":true}]}}