{"id":10038,"date":"2023-10-18T12:30:12","date_gmt":"2023-10-18T11:30:12","guid":{"rendered":"https:\/\/www.maresmefilmfestival.com\/mar-abascal\/"},"modified":"2023-10-18T12:42:05","modified_gmt":"2023-10-18T11:42:05","slug":"mar-abascal","status":"publish","type":"page","link":"https:\/\/www.maresmefilmfestival.com\/en\/jury-2023\/mar-abascal\/","title":{"rendered":"Mar Abascal"},"content":{"rendered":"<div class=\"wpb-content-wrapper\"><p>[vc_row][vc_column width=&#8221;1\/2&#8243;][vc_column_text]<br \/>\n[\/vc_column_text][vc_single_image image=&#8221;9927&#8243; img_size=&#8221;full&#8221;][\/vc_column][vc_column width=&#8221;1\/2&#8243;][vc_column_text]<\/p>\n<h3><strong><span style=\"color: #d3ab1d;\">Mar Abascal<\/span><\/strong><\/h3>\n<p>Actress, singer, poet, playwright and screenwriter. Known, especially for her role as Pilar in <em>Gym Tony<\/em> for five seasons, she has starred in musicals, zarzuela, film, television and theater, representing some of the most successful performances, such as <em>Mi primera vez, Burundanga, La llamada <\/em>and<em> Laponia.<\/em><\/p>\n<p>He has worked alongside the best directors in national and international theaters: Francisco Nieva, Jaime Ch\u00e1varri, Paco Mir (Tricicle), Emilio Sagi, Jos\u00e9 Carlos Plaza, Luis Olmos, Alfredo Arias, Alfonso Zurro, Gabriel Olivares, X\u00e9sar, Tena, Javier Calvo , Javier Ambrossi, Santiago Segura and Ana V\u00e1zquez, among others.<\/p>\n<p>Self-taught actress who complemented her conservatory musical training with acting and dramaturgy workshops.<\/p>\n<p>His other great passion is writing. He has written several shorts, monologues, the theatrical adaptation of the French film, <em>El arte de amar<\/em> by Manuel Morett, a theater performance, , <em>Jaque al rey<\/em>, and his first feature <em>Interior-Noche<\/em>. As an actress, she has also worked in <em>Aida; Gym Tony; Centro m\u00e9dico; Paquita Salas; Se\u00f1oras del Hampa; La veneno; Serrines, madera de actor; Candela; Sa\u00fal;<\/em> <em>La lavander\u00eda<\/em> de Gabriel Carrasco y <em>La misi\u00f3n<\/em> by Miguel Macheti; y <em>Vacaciones de verano<\/em> by Santiago Segura.<\/p>\n<p>He is currently recording a new series for Disney directed by Ana V\u00e1zquez<\/p>\n<p>and performs for the second consecutive year the highly successful play <em>Laponia<\/em>, at the Teatro Maravillas together with I\u00f1aki Miram\u00f3n, Amparo Larra\u00f1aga and Juli F\u00e0bregas.[\/vc_column_text][\/vc_column][\/vc_row]<\/p>\n<\/div>","protected":false},"excerpt":{"rendered":"<p>[vc_row][vc_column width=&#8221;1\/2&#8243;][vc_column_text] [\/vc_column_text][vc_single_image image=&#8221;9927&#8243; img_size=&#8221;full&#8221;][\/vc_column][vc_column width=&#8221;1\/2&#8243;][vc_column_text] Mar Abascal Actress, singer, poet, playwright and screenwriter. Known, especially for her role as Pilar in Gym Tony for five seasons, she has starred [&hellip;]<\/p>\n","protected":false},"author":1,"featured_media":0,"parent":10050,"menu_order":0,"comment_status":"closed","ping_status":"closed","template":"","meta":{"footnotes":""},"class_list":["post-10038","page","type-page","status-publish","hentry"],"yoast_head":"<!-- This site is optimized with the Yoast SEO plugin v27.3 - https:\/\/yoast.com\/product\/yoast-seo-wordpress\/ -->\n<title>Mar Abascal - Maresme Film Festival<\/title>\n<meta name=\"robots\" content=\"index, follow, max-snippet:-1, max-image-preview:large, max-video-preview:-1\" \/>\n<link rel=\"canonical\" href=\"https:\/\/www.maresmefilmfestival.com\/en\/jury-2023\/mar-abascal\/\" \/>\n<meta property=\"og:locale\" content=\"en_US\" \/>\n<meta property=\"og:type\" content=\"article\" \/>\n<meta property=\"og:title\" content=\"Mar Abascal - Maresme Film Festival\" \/>\n<meta property=\"og:description\" content=\"[vc_row][vc_column width=&#8221;1\/2&#8243;][vc_column_text] [\/vc_column_text][vc_single_image image=&#8221;9927&#8243; img_size=&#8221;full&#8221;][\/vc_column][vc_column width=&#8221;1\/2&#8243;][vc_column_text] Mar Abascal Actress, singer, poet, playwright and screenwriter. Known, especially for her role as Pilar in Gym Tony for five seasons, she has starred [&hellip;]\" \/>\n<meta property=\"og:url\" content=\"https:\/\/www.maresmefilmfestival.com\/en\/jury-2023\/mar-abascal\/\" \/>\n<meta property=\"og:site_name\" content=\"Maresme Film Festival\" \/>\n<meta property=\"article:publisher\" content=\"https:\/\/www.facebook.com\/Festival-de-Cinema-de-Calella-536425489872034\/?ref=hl\" \/>\n<meta property=\"article:modified_time\" content=\"2023-10-18T11:42:05+00:00\" \/>\n<meta name=\"twitter:card\" content=\"summary_large_image\" \/>\n<meta name=\"twitter:site\" content=\"@CalellaFilmFest\" \/>\n<meta name=\"twitter:label1\" content=\"Est. reading time\" \/>\n\t<meta name=\"twitter:data1\" content=\"2 minutes\" \/>\n<script type=\"application\/ld+json\" class=\"yoast-schema-graph\">{\"@context\":\"https:\\\/\\\/schema.org\",\"@graph\":[{\"@type\":\"WebPage\",\"@id\":\"https:\\\/\\\/www.maresmefilmfestival.com\\\/en\\\/jury-2023\\\/mar-abascal\\\/\",\"url\":\"https:\\\/\\\/www.maresmefilmfestival.com\\\/en\\\/jury-2023\\\/mar-abascal\\\/\",\"name\":\"Mar Abascal - Maresme Film Festival\",\"isPartOf\":{\"@id\":\"https:\\\/\\\/www.maresmefilmfestival.com\\\/en\\\/#website\"},\"datePublished\":\"2023-10-18T11:30:12+00:00\",\"dateModified\":\"2023-10-18T11:42:05+00:00\",\"breadcrumb\":{\"@id\":\"https:\\\/\\\/www.maresmefilmfestival.com\\\/en\\\/jury-2023\\\/mar-abascal\\\/#breadcrumb\"},\"inLanguage\":\"en-US\",\"potentialAction\":[{\"@type\":\"ReadAction\",\"target\":[\"https:\\\/\\\/www.maresmefilmfestival.com\\\/en\\\/jury-2023\\\/mar-abascal\\\/\"]}]},{\"@type\":\"BreadcrumbList\",\"@id\":\"https:\\\/\\\/www.maresmefilmfestival.com\\\/en\\\/jury-2023\\\/mar-abascal\\\/#breadcrumb\",\"itemListElement\":[{\"@type\":\"ListItem\",\"position\":1,\"name\":\"Portada\",\"item\":\"https:\\\/\\\/www.maresmefilmfestival.com\\\/en\\\/\"},{\"@type\":\"ListItem\",\"position\":2,\"name\":\"Jury 2023\",\"item\":\"https:\\\/\\\/www.maresmefilmfestival.com\\\/en\\\/jury-2023\\\/\"},{\"@type\":\"ListItem\",\"position\":3,\"name\":\"Mar Abascal\"}]},{\"@type\":\"WebSite\",\"@id\":\"https:\\\/\\\/www.maresmefilmfestival.com\\\/en\\\/#website\",\"url\":\"https:\\\/\\\/www.maresmefilmfestival.com\\\/en\\\/\",\"name\":\"Maresme Film Festival\",\"description\":\"\",\"potentialAction\":[{\"@type\":\"SearchAction\",\"target\":{\"@type\":\"EntryPoint\",\"urlTemplate\":\"https:\\\/\\\/www.maresmefilmfestival.com\\\/en\\\/?s={search_term_string}\"},\"query-input\":{\"@type\":\"PropertyValueSpecification\",\"valueRequired\":true,\"valueName\":\"search_term_string\"}}],\"inLanguage\":\"en-US\"}]}<\/script>\n<!-- \/ Yoast SEO plugin. -->","yoast_head_json":{"title":"Mar Abascal - Maresme Film Festival","robots":{"index":"index","follow":"follow","max-snippet":"max-snippet:-1","max-image-preview":"max-image-preview:large","max-video-preview":"max-video-preview:-1"},"canonical":"https:\/\/www.maresmefilmfestival.com\/en\/jury-2023\/mar-abascal\/","og_locale":"en_US","og_type":"article","og_title":"Mar Abascal - Maresme Film Festival","og_description":"[vc_row][vc_column width=&#8221;1\/2&#8243;][vc_column_text] [\/vc_column_text][vc_single_image image=&#8221;9927&#8243; img_size=&#8221;full&#8221;][\/vc_column][vc_column width=&#8221;1\/2&#8243;][vc_column_text] Mar Abascal Actress, singer, poet, playwright and screenwriter. Known, especially for her role as Pilar in Gym Tony for five seasons, she has starred [&hellip;]","og_url":"https:\/\/www.maresmefilmfestival.com\/en\/jury-2023\/mar-abascal\/","og_site_name":"Maresme Film Festival","article_publisher":"https:\/\/www.facebook.com\/Festival-de-Cinema-de-Calella-536425489872034\/?ref=hl","article_modified_time":"2023-10-18T11:42:05+00:00","twitter_card":"summary_large_image","twitter_site":"@CalellaFilmFest","twitter_misc":{"Est. reading time":"2 minutes"},"schema":{"@context":"https:\/\/schema.org","@graph":[{"@type":"WebPage","@id":"https:\/\/www.maresmefilmfestival.com\/en\/jury-2023\/mar-abascal\/","url":"https:\/\/www.maresmefilmfestival.com\/en\/jury-2023\/mar-abascal\/","name":"Mar Abascal - Maresme Film Festival","isPartOf":{"@id":"https:\/\/www.maresmefilmfestival.com\/en\/#website"},"datePublished":"2023-10-18T11:30:12+00:00","dateModified":"2023-10-18T11:42:05+00:00","breadcrumb":{"@id":"https:\/\/www.maresmefilmfestival.com\/en\/jury-2023\/mar-abascal\/#breadcrumb"},"inLanguage":"en-US","potentialAction":[{"@type":"ReadAction","target":["https:\/\/www.maresmefilmfestival.com\/en\/jury-2023\/mar-abascal\/"]}]},{"@type":"BreadcrumbList","@id":"https:\/\/www.maresmefilmfestival.com\/en\/jury-2023\/mar-abascal\/#breadcrumb","itemListElement":[{"@type":"ListItem","position":1,"name":"Portada","item":"https:\/\/www.maresmefilmfestival.com\/en\/"},{"@type":"ListItem","position":2,"name":"Jury 2023","item":"https:\/\/www.maresmefilmfestival.com\/en\/jury-2023\/"},{"@type":"ListItem","position":3,"name":"Mar Abascal"}]},{"@type":"WebSite","@id":"https:\/\/www.maresmefilmfestival.com\/en\/#website","url":"https:\/\/www.maresmefilmfestival.com\/en\/","name":"Maresme Film Festival","description":"","potentialAction":[{"@type":"SearchAction","target":{"@type":"EntryPoint","urlTemplate":"https:\/\/www.maresmefilmfestival.com\/en\/?s={search_term_string}"},"query-input":{"@type":"PropertyValueSpecification","valueRequired":true,"valueName":"search_term_string"}}],"inLanguage":"en-US"}]}},"_links":{"self":[{"href":"https:\/\/www.maresmefilmfestival.com\/en\/wp-json\/wp\/v2\/pages\/10038","targetHints":{"allow":["GET"]}}],"collection":[{"href":"https:\/\/www.maresmefilmfestival.com\/en\/wp-json\/wp\/v2\/pages"}],"about":[{"href":"https:\/\/www.maresmefilmfestival.com\/en\/wp-json\/wp\/v2\/types\/page"}],"author":[{"embeddable":true,"href":"https:\/\/www.maresmefilmfestival.com\/en\/wp-json\/wp\/v2\/users\/1"}],"replies":[{"embeddable":true,"href":"https:\/\/www.maresmefilmfestival.com\/en\/wp-json\/wp\/v2\/comments?post=10038"}],"version-history":[{"count":0,"href":"https:\/\/www.maresmefilmfestival.com\/en\/wp-json\/wp\/v2\/pages\/10038\/revisions"}],"up":[{"embeddable":true,"href":"https:\/\/www.maresmefilmfestival.com\/en\/wp-json\/wp\/v2\/pages\/10050"}],"wp:attachment":[{"href":"https:\/\/www.maresmefilmfestival.com\/en\/wp-json\/wp\/v2\/media?parent=10038"}],"curies":[{"name":"wp","href":"https:\/\/api.w.org\/{rel}","templated":true}]}}