{"id":10020,"date":"2023-10-18T12:26:02","date_gmt":"2023-10-18T11:26:02","guid":{"rendered":"https:\/\/www.maresmefilmfestival.com\/juli-fabregas\/"},"modified":"2023-10-18T12:36:16","modified_gmt":"2023-10-18T11:36:16","slug":"juli-fabregas","status":"publish","type":"page","link":"https:\/\/www.maresmefilmfestival.com\/en\/jury-2023\/juli-fabregas\/","title":{"rendered":"Juli F\u00e0bregas"},"content":{"rendered":"<div class=\"wpb-content-wrapper\"><p>[vc_row][vc_column width=&#8221;1\/2&#8243;][vc_column_text]<br \/>\n[\/vc_column_text][vc_single_image image=&#8221;9341&#8243; img_size=&#8221;full&#8221;][\/vc_column][vc_column width=&#8221;1\/2&#8243;][vc_column_text]<\/p>\n<h3><strong><span style=\"color: #d3ab1d;\">Juli F\u00e0bregas<\/span><\/strong><\/h3>\n<p>President of the Jury of the Calella Film Festival.<\/p>\n<p>Veteran actor with a fertile career in television, cinema and theatre. Juli is a performer with a lot of presence, capable of playing very diverse characters, which is why he is a regular in the main prime-time series on Spanish Television, TV3, Antena 3, Cuatro and Telecinco.<\/p>\n<p>In 2019 he participated in the Catalan series &#8220;Las del hockey&#8221;.<\/p>\n<p>In 2020 she released her second feature film, &#8220;Men\u00e9ndez&#8221; directed by Santiago Alvarado and also &#8220;Espejo, espejo&#8221; by director Marc Crehuet.<\/p>\n<p>In 2021 she premiered the play &#8220;Oh, Mami&#8221; by Oriol Vila at the Teatro Amaya in Madrid and participated in the TV3 series &#8220;Como si fuera ayer&#8221; and also in &#8220;Los herederos de la tierra&#8221; produced by Diagonal TV.<\/p>\n<p>In 2022 he starred in the film &#8220;Cuando los due\u00f1os duermen&#8221;, directed by Santi Alvarado and co-starring Manuela Velasco, which is part of the Sitges Festival programme.<\/p>\n<p>He has already been working for three seasons with great success in theatres in Madrid with plays such as &#8220;Oh, Mami&#8221;, &#8220;Escape Room&#8221;. It is currently playing &#8220;Laponia&#8221;, for the second season with Mar Abascal, Amparo Larra\u00f1aga and I\u00f1aki Miram\u00f3n.[\/vc_column_text][\/vc_column][\/vc_row]<\/p>\n<\/div>","protected":false},"excerpt":{"rendered":"<p>[vc_row][vc_column width=&#8221;1\/2&#8243;][vc_column_text] [\/vc_column_text][vc_single_image image=&#8221;9341&#8243; img_size=&#8221;full&#8221;][\/vc_column][vc_column width=&#8221;1\/2&#8243;][vc_column_text] Juli F\u00e0bregas President of the Jury of the Calella Film Festival. Veteran actor with a fertile career in television, cinema and theatre. Juli is [&hellip;]<\/p>\n","protected":false},"author":1,"featured_media":0,"parent":10050,"menu_order":0,"comment_status":"closed","ping_status":"closed","template":"","meta":{"footnotes":""},"class_list":["post-10020","page","type-page","status-publish","hentry"],"yoast_head":"<!-- This site is optimized with the Yoast SEO plugin v27.3 - https:\/\/yoast.com\/product\/yoast-seo-wordpress\/ -->\n<title>Juli F\u00e0bregas - Maresme Film Festival<\/title>\n<meta name=\"robots\" content=\"index, follow, max-snippet:-1, max-image-preview:large, max-video-preview:-1\" \/>\n<link rel=\"canonical\" href=\"https:\/\/www.maresmefilmfestival.com\/en\/jury-2023\/juli-fabregas\/\" \/>\n<meta property=\"og:locale\" content=\"en_US\" \/>\n<meta property=\"og:type\" content=\"article\" \/>\n<meta property=\"og:title\" content=\"Juli F\u00e0bregas - Maresme Film Festival\" \/>\n<meta property=\"og:description\" content=\"[vc_row][vc_column width=&#8221;1\/2&#8243;][vc_column_text] [\/vc_column_text][vc_single_image image=&#8221;9341&#8243; img_size=&#8221;full&#8221;][\/vc_column][vc_column width=&#8221;1\/2&#8243;][vc_column_text] Juli F\u00e0bregas President of the Jury of the Calella Film Festival. Veteran actor with a fertile career in television, cinema and theatre. Juli is [&hellip;]\" \/>\n<meta property=\"og:url\" content=\"https:\/\/www.maresmefilmfestival.com\/en\/jury-2023\/juli-fabregas\/\" \/>\n<meta property=\"og:site_name\" content=\"Maresme Film Festival\" \/>\n<meta property=\"article:publisher\" content=\"https:\/\/www.facebook.com\/Festival-de-Cinema-de-Calella-536425489872034\/?ref=hl\" \/>\n<meta property=\"article:modified_time\" content=\"2023-10-18T11:36:16+00:00\" \/>\n<meta name=\"twitter:card\" content=\"summary_large_image\" \/>\n<meta name=\"twitter:site\" content=\"@CalellaFilmFest\" \/>\n<meta name=\"twitter:label1\" content=\"Est. reading time\" \/>\n\t<meta name=\"twitter:data1\" content=\"2 minutes\" \/>\n<script type=\"application\/ld+json\" class=\"yoast-schema-graph\">{\"@context\":\"https:\\\/\\\/schema.org\",\"@graph\":[{\"@type\":\"WebPage\",\"@id\":\"https:\\\/\\\/www.maresmefilmfestival.com\\\/en\\\/jury-2023\\\/juli-fabregas\\\/\",\"url\":\"https:\\\/\\\/www.maresmefilmfestival.com\\\/en\\\/jury-2023\\\/juli-fabregas\\\/\",\"name\":\"Juli F\u00e0bregas - Maresme Film Festival\",\"isPartOf\":{\"@id\":\"https:\\\/\\\/www.maresmefilmfestival.com\\\/en\\\/#website\"},\"datePublished\":\"2023-10-18T11:26:02+00:00\",\"dateModified\":\"2023-10-18T11:36:16+00:00\",\"breadcrumb\":{\"@id\":\"https:\\\/\\\/www.maresmefilmfestival.com\\\/en\\\/jury-2023\\\/juli-fabregas\\\/#breadcrumb\"},\"inLanguage\":\"en-US\",\"potentialAction\":[{\"@type\":\"ReadAction\",\"target\":[\"https:\\\/\\\/www.maresmefilmfestival.com\\\/en\\\/jury-2023\\\/juli-fabregas\\\/\"]}]},{\"@type\":\"BreadcrumbList\",\"@id\":\"https:\\\/\\\/www.maresmefilmfestival.com\\\/en\\\/jury-2023\\\/juli-fabregas\\\/#breadcrumb\",\"itemListElement\":[{\"@type\":\"ListItem\",\"position\":1,\"name\":\"Portada\",\"item\":\"https:\\\/\\\/www.maresmefilmfestival.com\\\/en\\\/\"},{\"@type\":\"ListItem\",\"position\":2,\"name\":\"Jury 2023\",\"item\":\"https:\\\/\\\/www.maresmefilmfestival.com\\\/en\\\/jury-2023\\\/\"},{\"@type\":\"ListItem\",\"position\":3,\"name\":\"Juli F\u00e0bregas\"}]},{\"@type\":\"WebSite\",\"@id\":\"https:\\\/\\\/www.maresmefilmfestival.com\\\/en\\\/#website\",\"url\":\"https:\\\/\\\/www.maresmefilmfestival.com\\\/en\\\/\",\"name\":\"Maresme Film Festival\",\"description\":\"\",\"potentialAction\":[{\"@type\":\"SearchAction\",\"target\":{\"@type\":\"EntryPoint\",\"urlTemplate\":\"https:\\\/\\\/www.maresmefilmfestival.com\\\/en\\\/?s={search_term_string}\"},\"query-input\":{\"@type\":\"PropertyValueSpecification\",\"valueRequired\":true,\"valueName\":\"search_term_string\"}}],\"inLanguage\":\"en-US\"}]}<\/script>\n<!-- \/ Yoast SEO plugin. -->","yoast_head_json":{"title":"Juli F\u00e0bregas - Maresme Film Festival","robots":{"index":"index","follow":"follow","max-snippet":"max-snippet:-1","max-image-preview":"max-image-preview:large","max-video-preview":"max-video-preview:-1"},"canonical":"https:\/\/www.maresmefilmfestival.com\/en\/jury-2023\/juli-fabregas\/","og_locale":"en_US","og_type":"article","og_title":"Juli F\u00e0bregas - Maresme Film Festival","og_description":"[vc_row][vc_column width=&#8221;1\/2&#8243;][vc_column_text] [\/vc_column_text][vc_single_image image=&#8221;9341&#8243; img_size=&#8221;full&#8221;][\/vc_column][vc_column width=&#8221;1\/2&#8243;][vc_column_text] Juli F\u00e0bregas President of the Jury of the Calella Film Festival. Veteran actor with a fertile career in television, cinema and theatre. Juli is [&hellip;]","og_url":"https:\/\/www.maresmefilmfestival.com\/en\/jury-2023\/juli-fabregas\/","og_site_name":"Maresme Film Festival","article_publisher":"https:\/\/www.facebook.com\/Festival-de-Cinema-de-Calella-536425489872034\/?ref=hl","article_modified_time":"2023-10-18T11:36:16+00:00","twitter_card":"summary_large_image","twitter_site":"@CalellaFilmFest","twitter_misc":{"Est. reading time":"2 minutes"},"schema":{"@context":"https:\/\/schema.org","@graph":[{"@type":"WebPage","@id":"https:\/\/www.maresmefilmfestival.com\/en\/jury-2023\/juli-fabregas\/","url":"https:\/\/www.maresmefilmfestival.com\/en\/jury-2023\/juli-fabregas\/","name":"Juli F\u00e0bregas - Maresme Film Festival","isPartOf":{"@id":"https:\/\/www.maresmefilmfestival.com\/en\/#website"},"datePublished":"2023-10-18T11:26:02+00:00","dateModified":"2023-10-18T11:36:16+00:00","breadcrumb":{"@id":"https:\/\/www.maresmefilmfestival.com\/en\/jury-2023\/juli-fabregas\/#breadcrumb"},"inLanguage":"en-US","potentialAction":[{"@type":"ReadAction","target":["https:\/\/www.maresmefilmfestival.com\/en\/jury-2023\/juli-fabregas\/"]}]},{"@type":"BreadcrumbList","@id":"https:\/\/www.maresmefilmfestival.com\/en\/jury-2023\/juli-fabregas\/#breadcrumb","itemListElement":[{"@type":"ListItem","position":1,"name":"Portada","item":"https:\/\/www.maresmefilmfestival.com\/en\/"},{"@type":"ListItem","position":2,"name":"Jury 2023","item":"https:\/\/www.maresmefilmfestival.com\/en\/jury-2023\/"},{"@type":"ListItem","position":3,"name":"Juli F\u00e0bregas"}]},{"@type":"WebSite","@id":"https:\/\/www.maresmefilmfestival.com\/en\/#website","url":"https:\/\/www.maresmefilmfestival.com\/en\/","name":"Maresme Film Festival","description":"","potentialAction":[{"@type":"SearchAction","target":{"@type":"EntryPoint","urlTemplate":"https:\/\/www.maresmefilmfestival.com\/en\/?s={search_term_string}"},"query-input":{"@type":"PropertyValueSpecification","valueRequired":true,"valueName":"search_term_string"}}],"inLanguage":"en-US"}]}},"_links":{"self":[{"href":"https:\/\/www.maresmefilmfestival.com\/en\/wp-json\/wp\/v2\/pages\/10020","targetHints":{"allow":["GET"]}}],"collection":[{"href":"https:\/\/www.maresmefilmfestival.com\/en\/wp-json\/wp\/v2\/pages"}],"about":[{"href":"https:\/\/www.maresmefilmfestival.com\/en\/wp-json\/wp\/v2\/types\/page"}],"author":[{"embeddable":true,"href":"https:\/\/www.maresmefilmfestival.com\/en\/wp-json\/wp\/v2\/users\/1"}],"replies":[{"embeddable":true,"href":"https:\/\/www.maresmefilmfestival.com\/en\/wp-json\/wp\/v2\/comments?post=10020"}],"version-history":[{"count":0,"href":"https:\/\/www.maresmefilmfestival.com\/en\/wp-json\/wp\/v2\/pages\/10020\/revisions"}],"up":[{"embeddable":true,"href":"https:\/\/www.maresmefilmfestival.com\/en\/wp-json\/wp\/v2\/pages\/10050"}],"wp:attachment":[{"href":"https:\/\/www.maresmefilmfestival.com\/en\/wp-json\/wp\/v2\/media?parent=10020"}],"curies":[{"name":"wp","href":"https:\/\/api.w.org\/{rel}","templated":true}]}}